{"id":761450,"date":"2025-08-28T09:37:44","date_gmt":"2025-08-28T06:37:44","guid":{"rendered":"https:\/\/roveyayinevi.com.tr\/index.php\/urun\/gunes-gezegeni-dizisi-2-ani-sel\/"},"modified":"2026-04-16T03:14:51","modified_gmt":"2026-04-16T00:14:51","slug":"gunes-gezegeni-dizisi-2-ani-sel","status":"publish","type":"product","link":"https:\/\/roveyayinevi.com.tr\/index.php\/urun\/gunes-gezegeni-dizisi-2-ani-sel\/","title":{"rendered":"G\u00fcne\u015f Gezegeni Dizisi 2 &#8211; Ani Sel"},"content":{"rendered":"<p>Ani Sel: Alt\u0131 saatten k\u0131sa bir s\u00fcrede ger\u00e7ekle\u015fen sellere verilen ad. Kuvvetli ya\u011f\u0131\u015flar, donmu\u015f olan nehir veya g\u00f6l sular\u0131n\u0131n aniden erimesi bu t\u00fcr sellere neden olabilir. \u00c7ok uzun y\u0131llard\u0131r e\u015fi benzeri g\u00f6r\u00fclmemi\u015f kas\u0131rgalarla kar\u015f\u0131 kar\u015f\u0131ya kalan fanus ya\u015fayanlar\u0131, G\u00fcne\u015f Gezegeni\u2019ni sel bas\u0131nca ve fanuslar kullan\u0131lmaz hale gelince \u00e7areyi ka\u00e7makta bulur. Ne var ki, do\u011fan\u0131n kabaran \u00f6fkesi onlara yeti\u015fmekte gecikmez. G\u00fcne\u015f Gezegeni Dizisi\u2019nin ikinci kitab\u0131 olan Ani Sel\u2019de ser\u00fcven kald\u0131\u011f\u0131 yerden devam ediyor.<\/p>\n","protected":false},"excerpt":{"rendered":"<p>Ani Sel: Alt\u0131 saatten k\u0131sa bir s\u00fcrede ger\u00e7ekle\u015fen sellere verilen ad. Kuvvetli ya\u011f\u0131\u015flar, donmu\u015f olan nehir veya g\u00f6l sular\u0131n\u0131n aniden erimesi bu t\u00fcr sellere neden olabilir.<span class=\"excerpt-hellip\"> [\u2026]<\/span><\/p>\n","protected":false},"featured_media":0,"template":"","meta":{"_monsterinsights_skip_tracking":false,"_monsterinsights_sitenote_active":false,"_monsterinsights_sitenote_note":"","_monsterinsights_sitenote_category":0},"product_brand":[],"product_cat":[13829,12274],"product_tag":[],"class_list":{"0":"post-761450","1":"product","2":"type-product","3":"status-publish","5":"product_cat-bilimsel-kitaplar","6":"product_cat-cocuk-ve-genclik-kitaplari","7":"pa_cilt-ciltsiz","8":"pa_tur-kitap","9":"pa_yayinevi-cikolata-yayinevi","10":"pa_yazar-meltem-erincmen-kanoglu","12":"first","13":"instock","14":"sale","15":"shipping-taxable","16":"purchasable","17":"product-type-simple"},"_links":{"self":[{"href":"https:\/\/roveyayinevi.com.tr\/index.php\/wp-json\/wp\/v2\/product\/761450","targetHints":{"allow":["GET"]}}],"collection":[{"href":"https:\/\/roveyayinevi.com.tr\/index.php\/wp-json\/wp\/v2\/product"}],"about":[{"href":"https:\/\/roveyayinevi.com.tr\/index.php\/wp-json\/wp\/v2\/types\/product"}],"wp:attachment":[{"href":"https:\/\/roveyayinevi.com.tr\/index.php\/wp-json\/wp\/v2\/media?parent=761450"}],"wp:term":[{"taxonomy":"product_brand","embeddable":true,"href":"https:\/\/roveyayinevi.com.tr\/index.php\/wp-json\/wp\/v2\/product_brand?post=761450"},{"taxonomy":"product_cat","embeddable":true,"href":"https:\/\/roveyayinevi.com.tr\/index.php\/wp-json\/wp\/v2\/product_cat?post=761450"},{"taxonomy":"product_tag","embeddable":true,"href":"https:\/\/roveyayinevi.com.tr\/index.php\/wp-json\/wp\/v2\/product_tag?post=761450"}],"curies":[{"name":"wp","href":"https:\/\/api.w.org\/{rel}","templated":true}]}}