{"id":761449,"date":"2025-08-28T09:37:43","date_gmt":"2025-08-28T06:37:43","guid":{"rendered":"https:\/\/roveyayinevi.com.tr\/index.php\/urun\/koca-ayakli-maceralar-dizisi-2-koca-ayak-mut-cumleci\/"},"modified":"2026-04-16T03:14:51","modified_gmt":"2026-04-16T00:14:51","slug":"koca-ayakli-maceralar-dizisi-2-koca-ayak-mut-cumleci","status":"publish","type":"product","link":"https:\/\/roveyayinevi.com.tr\/index.php\/urun\/koca-ayakli-maceralar-dizisi-2-koca-ayak-mut-cumleci\/","title":{"rendered":"Koca Ayakl\u0131 Maceralar Dizisi 2 &#8211; Koca Ayak Mut: C\u00fcmleci"},"content":{"rendered":"<p>Koca ayak mut Uluda\u011f\u2019da kitap okurken,c\u00fcmlelerin sihrine kap\u0131l\u0131r. Oda her c\u00fcmlenin d\u00fcnyas\u0131na girip i\u00e7inde dola\u015f\u0131r. E\u011flenceli \u00f6yk\u00fclerle \u00e7ocuklar\u0131n yazma konusunda kendilerini geli\u015ftirmeyi sa\u011flayan koca ayak mut serisinin ikinci kitab\u0131 olan Koca ayak mut C\u00fcmleci ,paragraflar\u0131 olu\u015fturan c\u00fcmlelerin e\u011flenceli yolculu\u011funa \u00e7\u0131kart\u0131yor. Kitap Faydal\u0131 model pantenti ne sahiptir.<\/p>\n","protected":false},"excerpt":{"rendered":"<p>Koca ayak mut Uluda\u011f\u2019da kitap okurken,c\u00fcmlelerin sihrine kap\u0131l\u0131r. Oda her c\u00fcmlenin d\u00fcnyas\u0131na girip i\u00e7inde dola\u015f\u0131r. E\u011flenceli \u00f6yk\u00fclerle \u00e7ocuklar\u0131n yazma konusunda kendilerini geli\u015ftirmeyi sa\u011flayan koca ayak mut<span class=\"excerpt-hellip\"> [\u2026]<\/span><\/p>\n","protected":false},"featured_media":0,"template":"","meta":{"_monsterinsights_skip_tracking":false,"_monsterinsights_sitenote_active":false,"_monsterinsights_sitenote_note":"","_monsterinsights_sitenote_category":0},"product_brand":[],"product_cat":[12275,12274],"product_tag":[],"class_list":{"0":"post-761449","1":"product","2":"type-product","3":"status-publish","5":"product_cat-6-12-yas-kitaplari","6":"product_cat-cocuk-ve-genclik-kitaplari","7":"pa_cilt-ciltsiz","8":"pa_tur-kitap","9":"pa_yayinevi-cikolata-yayinevi","10":"pa_yazar-meltem-erincmen-kanoglu","12":"first","13":"instock","14":"sale","15":"shipping-taxable","16":"purchasable","17":"product-type-simple"},"_links":{"self":[{"href":"https:\/\/roveyayinevi.com.tr\/index.php\/wp-json\/wp\/v2\/product\/761449","targetHints":{"allow":["GET"]}}],"collection":[{"href":"https:\/\/roveyayinevi.com.tr\/index.php\/wp-json\/wp\/v2\/product"}],"about":[{"href":"https:\/\/roveyayinevi.com.tr\/index.php\/wp-json\/wp\/v2\/types\/product"}],"wp:attachment":[{"href":"https:\/\/roveyayinevi.com.tr\/index.php\/wp-json\/wp\/v2\/media?parent=761449"}],"wp:term":[{"taxonomy":"product_brand","embeddable":true,"href":"https:\/\/roveyayinevi.com.tr\/index.php\/wp-json\/wp\/v2\/product_brand?post=761449"},{"taxonomy":"product_cat","embeddable":true,"href":"https:\/\/roveyayinevi.com.tr\/index.php\/wp-json\/wp\/v2\/product_cat?post=761449"},{"taxonomy":"product_tag","embeddable":true,"href":"https:\/\/roveyayinevi.com.tr\/index.php\/wp-json\/wp\/v2\/product_tag?post=761449"}],"curies":[{"name":"wp","href":"https:\/\/api.w.org\/{rel}","templated":true}]}}