{"id":761448,"date":"2025-08-28T09:37:41","date_gmt":"2025-08-28T06:37:41","guid":{"rendered":"https:\/\/roveyayinevi.com.tr\/index.php\/urun\/gunes-gezegeni-dizisi-1-dis-dunya-gezisi\/"},"modified":"2026-04-16T03:14:51","modified_gmt":"2026-04-16T00:14:51","slug":"gunes-gezegeni-dizisi-1-dis-dunya-gezisi","status":"publish","type":"product","link":"https:\/\/roveyayinevi.com.tr\/index.php\/urun\/gunes-gezegeni-dizisi-1-dis-dunya-gezisi\/","title":{"rendered":"G\u00fcne\u015f Gezegeni Dizisi 1 &#8211; D\u0131\u015f D\u00fcnya Gezisi"},"content":{"rendered":"<p>G\u00fcn\u00fcm\u00fcz insanlar\u0131n\u0131n kaynaklar\u0131n\u0131 h\u0131zla t\u00fcketti\u011fi ve kirletti\u011fi d\u00fcnyam\u0131z\u0131 nas\u0131l bir gelecek bekliyor? Bundan birka\u00e7 y\u00fczy\u0131l sonra yery\u00fcz\u00fc \u015fimdiki gibi mi olacak, yoksa \u00e7ok daha farkl\u0131 m\u0131? G\u00fcne\u015f Gezegeni Dizisi\u2019nin ilk kitab\u0131 olan D\u0131\u015f D\u00fcnya Gezisinde bu sorulara yan\u0131t bulacak ve gelece\u011fin \u00e7ok da kolay olmad\u0131\u011f\u0131n\u0131 g\u00f6receksiniz. Yery\u00fcz\u00fc \u00e7\u00f6lle\u015fmi\u015f, do\u011fal kaynaklar t\u00fckenme noktas\u0131na gelmi\u015f, insanlar sa\u011fl\u0131kl\u0131 bir nefes alabilmek i\u00e7in fanuslarla yal\u0131t\u0131lm\u0131\u015f kentlerde ya\u015famaya ba\u015flam\u0131\u015ft\u0131r. Yiyecek, su ve hatta giyecek gereksinimlerine bile k\u0131s\u0131tlamalar getirilmi\u015ftir. Ve bir g\u00fcn fanusun ard\u0131ndaki D\u0131\u015f D\u00fcnya\u2019ya bir okul gezisi d\u00fczenlenir. Ne var ki, aniden \u00e7\u0131kan bir kas\u0131rga her \u015feyi de\u011fi\u015ftirir.<\/p>\n","protected":false},"excerpt":{"rendered":"<p>G\u00fcn\u00fcm\u00fcz insanlar\u0131n\u0131n kaynaklar\u0131n\u0131 h\u0131zla t\u00fcketti\u011fi ve kirletti\u011fi d\u00fcnyam\u0131z\u0131 nas\u0131l bir gelecek bekliyor? Bundan birka\u00e7 y\u00fczy\u0131l sonra yery\u00fcz\u00fc \u015fimdiki gibi mi olacak, yoksa \u00e7ok daha farkl\u0131 m\u0131?<span class=\"excerpt-hellip\"> [\u2026]<\/span><\/p>\n","protected":false},"featured_media":0,"template":"","meta":{"_monsterinsights_skip_tracking":false,"_monsterinsights_sitenote_active":false,"_monsterinsights_sitenote_note":"","_monsterinsights_sitenote_category":0},"product_brand":[],"product_cat":[13829,12274],"product_tag":[],"class_list":{"0":"post-761448","1":"product","2":"type-product","3":"status-publish","5":"product_cat-bilimsel-kitaplar","6":"product_cat-cocuk-ve-genclik-kitaplari","7":"pa_cilt-ciltsiz","8":"pa_tur-kitap","9":"pa_yayinevi-cikolata-yayinevi","10":"pa_yazar-meltem-erincmen-kanoglu","12":"first","13":"instock","14":"sale","15":"shipping-taxable","16":"purchasable","17":"product-type-simple"},"_links":{"self":[{"href":"https:\/\/roveyayinevi.com.tr\/index.php\/wp-json\/wp\/v2\/product\/761448","targetHints":{"allow":["GET"]}}],"collection":[{"href":"https:\/\/roveyayinevi.com.tr\/index.php\/wp-json\/wp\/v2\/product"}],"about":[{"href":"https:\/\/roveyayinevi.com.tr\/index.php\/wp-json\/wp\/v2\/types\/product"}],"wp:attachment":[{"href":"https:\/\/roveyayinevi.com.tr\/index.php\/wp-json\/wp\/v2\/media?parent=761448"}],"wp:term":[{"taxonomy":"product_brand","embeddable":true,"href":"https:\/\/roveyayinevi.com.tr\/index.php\/wp-json\/wp\/v2\/product_brand?post=761448"},{"taxonomy":"product_cat","embeddable":true,"href":"https:\/\/roveyayinevi.com.tr\/index.php\/wp-json\/wp\/v2\/product_cat?post=761448"},{"taxonomy":"product_tag","embeddable":true,"href":"https:\/\/roveyayinevi.com.tr\/index.php\/wp-json\/wp\/v2\/product_tag?post=761448"}],"curies":[{"name":"wp","href":"https:\/\/api.w.org\/{rel}","templated":true}]}}