{"id":761443,"date":"2025-08-28T09:37:32","date_gmt":"2025-08-28T06:37:32","guid":{"rendered":"https:\/\/roveyayinevi.com.tr\/index.php\/urun\/buyukanne-vertigo-m-kumulonimbus-cumburtusu\/"},"modified":"2026-04-11T14:29:41","modified_gmt":"2026-04-11T11:29:41","slug":"buyukanne-vertigo-m-kumulonimbus-cumburtusu","status":"publish","type":"product","link":"https:\/\/roveyayinevi.com.tr\/index.php\/urun\/buyukanne-vertigo-m-kumulonimbus-cumburtusu\/","title":{"rendered":"B\u00fcy\u00fckanne Vertigo M. &#8211; K\u00fcm\u00fclonimbus C\u00fcmb\u00fcrt\u00fcs\u00fc"},"content":{"rendered":"<p>B\u00fcy\u00fckanne Vertigo M. \u00f6yle s\u0131radan biri de\u011fildir. \u00c7\u00f6z\u00fcm\u00fc olmayan sorun olmad\u0131\u011f\u0131na inan\u0131r. Ve bir g\u00fcn G\u00fcmb\u00fc\u00fc\u00fc\u00fcrrrrr diye y\u00fcrek hoplatan bir g\u00f6k g\u00fcrlemesi ile yeni bir macera ba\u015flar. Ve sonraaaaa, robot kuyruklu kedisi, u\u00e7abilen salyangozu ile kayabilen sosis k\u00f6pe\u011fini de al\u0131p bulutlara do\u011fru giden s\u0131cak hava balonuna atlay\u0131verir. B\u00f6ylece en ola\u011fand\u0131\u015f\u0131, en beyin g\u0131d\u0131klayan onar\u0131m\u0131 ger\u00e7ekle\u015ftirir.<\/p>\n","protected":false},"excerpt":{"rendered":"<p>B\u00fcy\u00fckanne Vertigo M. \u00f6yle s\u0131radan biri de\u011fildir. \u00c7\u00f6z\u00fcm\u00fc olmayan sorun olmad\u0131\u011f\u0131na inan\u0131r. Ve bir g\u00fcn G\u00fcmb\u00fc\u00fc\u00fc\u00fcrrrrr diye y\u00fcrek hoplatan bir g\u00f6k g\u00fcrlemesi ile yeni bir macera<span class=\"excerpt-hellip\"> [\u2026]<\/span><\/p>\n","protected":false},"featured_media":0,"template":"","meta":{"_monsterinsights_skip_tracking":false,"_monsterinsights_sitenote_active":false,"_monsterinsights_sitenote_note":"","_monsterinsights_sitenote_category":0},"product_brand":[],"product_cat":[12274,12284],"product_tag":[],"class_list":{"0":"post-761443","1":"product","2":"type-product","3":"status-publish","5":"product_cat-cocuk-ve-genclik-kitaplari","6":"product_cat-hikayeler","7":"pa_cilt-ciltsiz","8":"pa_tur-kitap","9":"pa_yayinevi-cikolata-yayinevi","10":"pa_yazar-meltem-erincmen-kanoglu","12":"first","13":"instock","14":"sale","15":"shipping-taxable","16":"purchasable","17":"product-type-simple"},"_links":{"self":[{"href":"https:\/\/roveyayinevi.com.tr\/index.php\/wp-json\/wp\/v2\/product\/761443","targetHints":{"allow":["GET"]}}],"collection":[{"href":"https:\/\/roveyayinevi.com.tr\/index.php\/wp-json\/wp\/v2\/product"}],"about":[{"href":"https:\/\/roveyayinevi.com.tr\/index.php\/wp-json\/wp\/v2\/types\/product"}],"wp:attachment":[{"href":"https:\/\/roveyayinevi.com.tr\/index.php\/wp-json\/wp\/v2\/media?parent=761443"}],"wp:term":[{"taxonomy":"product_brand","embeddable":true,"href":"https:\/\/roveyayinevi.com.tr\/index.php\/wp-json\/wp\/v2\/product_brand?post=761443"},{"taxonomy":"product_cat","embeddable":true,"href":"https:\/\/roveyayinevi.com.tr\/index.php\/wp-json\/wp\/v2\/product_cat?post=761443"},{"taxonomy":"product_tag","embeddable":true,"href":"https:\/\/roveyayinevi.com.tr\/index.php\/wp-json\/wp\/v2\/product_tag?post=761443"}],"curies":[{"name":"wp","href":"https:\/\/api.w.org\/{rel}","templated":true}]}}