{"id":761437,"date":"2025-08-28T09:37:21","date_gmt":"2025-08-28T06:37:21","guid":{"rendered":"https:\/\/roveyayinevi.com.tr\/index.php\/urun\/acemi-kasifler-hattusanin-gunesi\/"},"modified":"2026-04-16T03:14:51","modified_gmt":"2026-04-16T00:14:51","slug":"acemi-kasifler-hattusanin-gunesi","status":"publish","type":"product","link":"https:\/\/roveyayinevi.com.tr\/index.php\/urun\/acemi-kasifler-hattusanin-gunesi\/","title":{"rendered":"Acemi Ka\u015fifler &#8211; Hattu\u015fan\u0131n G\u00fcne\u015fi"},"content":{"rendered":"<p>Hattu\u015fa: Hititler&#8217;in ge\u00e7 tun\u00e7 \u00e7a\u011f\u0131 d\u00f6neminde, kap\u0131lar\u0131, g\u00fcne\u015f kurslar\u0131, tanr\u0131\u00e7a heykelleri ve t\u00fcnelleriyle \u00fcnl\u00fc ba\u015fkentidir. \u00c7orum ilinin 82 km g\u00fcney bat\u0131s\u0131ndaki Bo\u011fazkale il\u00e7esinde bulunmaktad\u0131r. Arkeolog olan ebeveynleri ve onlar\u0131n hocalar\u0131 olan Profes\u00f6r\u2019le kaz\u0131 alan\u0131na giden be\u015f acemi k\u00e2\u015fif, Hitit Uygarl\u0131\u011f\u0131\u2019n\u0131n son d\u00f6nemindeki ba\u015fkentini ke\u015ffetmeye \u00e7\u0131karlar. \u0130htiya\u00e7lar\u0131 olabilecek her t\u00fcrl\u00fc malzemeyi yanlar\u0131na alarak yola koyulduklar\u0131nda ya\u015fayacaklar\u0131 zorluklardan habersizdiler. <\/p>\n","protected":false},"excerpt":{"rendered":"<p>Hattu\u015fa: Hititler&#8217;in ge\u00e7 tun\u00e7 \u00e7a\u011f\u0131 d\u00f6neminde, kap\u0131lar\u0131, g\u00fcne\u015f kurslar\u0131, tanr\u0131\u00e7a heykelleri ve t\u00fcnelleriyle \u00fcnl\u00fc ba\u015fkentidir. \u00c7orum ilinin 82 km g\u00fcney bat\u0131s\u0131ndaki Bo\u011fazkale il\u00e7esinde bulunmaktad\u0131r. Arkeolog olan<span class=\"excerpt-hellip\"> [\u2026]<\/span><\/p>\n","protected":false},"featured_media":0,"template":"","meta":{"_monsterinsights_skip_tracking":false,"_monsterinsights_sitenote_active":false,"_monsterinsights_sitenote_note":"","_monsterinsights_sitenote_category":0},"product_brand":[],"product_cat":[12274,12284],"product_tag":[],"class_list":{"0":"post-761437","1":"product","2":"type-product","3":"status-publish","5":"product_cat-cocuk-ve-genclik-kitaplari","6":"product_cat-hikayeler","7":"pa_cilt-ciltsiz","8":"pa_tur-kitap","9":"pa_yayinevi-cikolata-yayinevi","10":"pa_yazar-meltem-erincmen-kanoglu","12":"first","13":"instock","14":"sale","15":"shipping-taxable","16":"purchasable","17":"product-type-simple"},"_links":{"self":[{"href":"https:\/\/roveyayinevi.com.tr\/index.php\/wp-json\/wp\/v2\/product\/761437","targetHints":{"allow":["GET"]}}],"collection":[{"href":"https:\/\/roveyayinevi.com.tr\/index.php\/wp-json\/wp\/v2\/product"}],"about":[{"href":"https:\/\/roveyayinevi.com.tr\/index.php\/wp-json\/wp\/v2\/types\/product"}],"wp:attachment":[{"href":"https:\/\/roveyayinevi.com.tr\/index.php\/wp-json\/wp\/v2\/media?parent=761437"}],"wp:term":[{"taxonomy":"product_brand","embeddable":true,"href":"https:\/\/roveyayinevi.com.tr\/index.php\/wp-json\/wp\/v2\/product_brand?post=761437"},{"taxonomy":"product_cat","embeddable":true,"href":"https:\/\/roveyayinevi.com.tr\/index.php\/wp-json\/wp\/v2\/product_cat?post=761437"},{"taxonomy":"product_tag","embeddable":true,"href":"https:\/\/roveyayinevi.com.tr\/index.php\/wp-json\/wp\/v2\/product_tag?post=761437"}],"curies":[{"name":"wp","href":"https:\/\/api.w.org\/{rel}","templated":true}]}}