{"id":761434,"date":"2025-08-28T09:37:16","date_gmt":"2025-08-28T06:37:16","guid":{"rendered":"https:\/\/roveyayinevi.com.tr\/index.php\/urun\/tumburluplar-dis-hekiminde\/"},"modified":"2026-04-16T03:14:51","modified_gmt":"2026-04-16T00:14:51","slug":"tumburluplar-dis-hekiminde","status":"publish","type":"product","link":"https:\/\/roveyayinevi.com.tr\/index.php\/urun\/tumburluplar-dis-hekiminde\/","title":{"rendered":"Tumburluplar &#8211; Di\u015f Hekiminde"},"content":{"rendered":"<p>Tumburluplar Di\u015f Hekiminde, \u00e7ocuklar\u0131n en b\u00fcy\u00fck korkular\u0131ndan biri olan di\u015f hekimiyle ilk kar\u015f\u0131la\u015fmay\u0131 ele al\u0131yor. Di\u015f hekimi muayenehanesinde bekleyen di\u011fer kahramanlardan salyangoz, kurba\u011fa ve kertenkele gibi sevimli hayvan karakterlerle de tan\u0131\u015fan Tumburluplar ve maceralar\u0131n\u0131n anlat\u0131ld\u0131\u011f\u0131 kitab\u0131n bir de s\u00fcrprizi var: Tumburluplar Cesaret Belgesi.<\/p>\n","protected":false},"excerpt":{"rendered":"<p>Tumburluplar Di\u015f Hekiminde, \u00e7ocuklar\u0131n en b\u00fcy\u00fck korkular\u0131ndan biri olan di\u015f hekimiyle ilk kar\u015f\u0131la\u015fmay\u0131 ele al\u0131yor. Di\u015f hekimi muayenehanesinde bekleyen di\u011fer kahramanlardan salyangoz, kurba\u011fa ve kertenkele gibi<span class=\"excerpt-hellip\"> [\u2026]<\/span><\/p>\n","protected":false},"featured_media":0,"template":"","meta":{"_monsterinsights_skip_tracking":false,"_monsterinsights_sitenote_active":false,"_monsterinsights_sitenote_note":"","_monsterinsights_sitenote_category":0},"product_brand":[],"product_cat":[12275,12274],"product_tag":[],"class_list":{"0":"post-761434","1":"product","2":"type-product","3":"status-publish","5":"product_cat-6-12-yas-kitaplari","6":"product_cat-cocuk-ve-genclik-kitaplari","7":"pa_cilt-ciltsiz","8":"pa_tur-kitap","9":"pa_yayinevi-cikolata-yayinevi","10":"pa_yazar-meltem-erincmen-kanoglu","12":"first","13":"instock","14":"sale","15":"shipping-taxable","16":"purchasable","17":"product-type-simple"},"_links":{"self":[{"href":"https:\/\/roveyayinevi.com.tr\/index.php\/wp-json\/wp\/v2\/product\/761434","targetHints":{"allow":["GET"]}}],"collection":[{"href":"https:\/\/roveyayinevi.com.tr\/index.php\/wp-json\/wp\/v2\/product"}],"about":[{"href":"https:\/\/roveyayinevi.com.tr\/index.php\/wp-json\/wp\/v2\/types\/product"}],"wp:attachment":[{"href":"https:\/\/roveyayinevi.com.tr\/index.php\/wp-json\/wp\/v2\/media?parent=761434"}],"wp:term":[{"taxonomy":"product_brand","embeddable":true,"href":"https:\/\/roveyayinevi.com.tr\/index.php\/wp-json\/wp\/v2\/product_brand?post=761434"},{"taxonomy":"product_cat","embeddable":true,"href":"https:\/\/roveyayinevi.com.tr\/index.php\/wp-json\/wp\/v2\/product_cat?post=761434"},{"taxonomy":"product_tag","embeddable":true,"href":"https:\/\/roveyayinevi.com.tr\/index.php\/wp-json\/wp\/v2\/product_tag?post=761434"}],"curies":[{"name":"wp","href":"https:\/\/api.w.org\/{rel}","templated":true}]}}