{"id":761432,"date":"2025-08-28T09:37:12","date_gmt":"2025-08-28T06:37:12","guid":{"rendered":"https:\/\/roveyayinevi.com.tr\/index.php\/urun\/oyuncaklar-avuc-ici-kitaplarim-dizisi\/"},"modified":"2026-04-16T03:14:51","modified_gmt":"2026-04-16T00:14:51","slug":"oyuncaklar-avuc-ici-kitaplarim-dizisi","status":"publish","type":"product","link":"https:\/\/roveyayinevi.com.tr\/index.php\/urun\/oyuncaklar-avuc-ici-kitaplarim-dizisi\/","title":{"rendered":"Oyuncaklar &#8211; Avu\u00e7 \u0130\u00e7i Kitaplar\u0131m Dizisi"},"content":{"rendered":"<p>Avu\u00e7 \u0130\u00e7i Kitaplar\u0131m Dizisi bebe\u011finizin s\u00f6zc\u00fck da\u011farc\u0131\u011f\u0131n\u0131 geni\u015fleterek, dil kullan\u0131m\u0131n\u0131 ilerletecek, g\u00fcndelik nesneleri tan\u0131mas\u0131n\u0131 sa\u011flayacak, mant\u0131ksal, analitik, g\u00f6rsel, ili\u015fkisel d\u00fc\u015f\u00fcnme yetisini, dikkat ve alg\u0131s\u0131n\u0131 geli\u015ftirecek kitaplard\u0131r. Oyuncaklar kitab\u0131 kal\u0131n kapa\u011f\u0131 ve sayfalar\u0131 ile bebe\u011fin kolayca kavrayabilece\u011fi boyuttad\u0131r. \u00c7ocu\u011fun \u00e7evresindeki oyuncaklar\u0131 adlar\u0131yla \u00f6\u011frenmesini sa\u011flayacakt\u0131r.<\/p>\n","protected":false},"excerpt":{"rendered":"<p>Avu\u00e7 \u0130\u00e7i Kitaplar\u0131m Dizisi bebe\u011finizin s\u00f6zc\u00fck da\u011farc\u0131\u011f\u0131n\u0131 geni\u015fleterek, dil kullan\u0131m\u0131n\u0131 ilerletecek, g\u00fcndelik nesneleri tan\u0131mas\u0131n\u0131 sa\u011flayacak, mant\u0131ksal, analitik, g\u00f6rsel, ili\u015fkisel d\u00fc\u015f\u00fcnme yetisini, dikkat ve alg\u0131s\u0131n\u0131 geli\u015ftirecek kitaplard\u0131r.<span class=\"excerpt-hellip\"> [\u2026]<\/span><\/p>\n","protected":false},"featured_media":0,"template":"","meta":{"_monsterinsights_skip_tracking":false,"_monsterinsights_sitenote_active":false,"_monsterinsights_sitenote_note":"","_monsterinsights_sitenote_category":0},"product_brand":[],"product_cat":[15192,12274],"product_tag":[],"class_list":{"0":"post-761432","1":"product","2":"type-product","3":"status-publish","5":"product_cat-1-3-yas-kitaplari","6":"product_cat-cocuk-ve-genclik-kitaplari","7":"pa_cilt-ciltsiz","8":"pa_tur-kitap","9":"pa_yayinevi-cikolata-yayinevi","10":"pa_yazar-meltem-erincmen-kanoglu","11":"pa_yazar-sunguralp-solpan","13":"first","14":"instock","15":"sale","16":"shipping-taxable","17":"purchasable","18":"product-type-simple"},"_links":{"self":[{"href":"https:\/\/roveyayinevi.com.tr\/index.php\/wp-json\/wp\/v2\/product\/761432","targetHints":{"allow":["GET"]}}],"collection":[{"href":"https:\/\/roveyayinevi.com.tr\/index.php\/wp-json\/wp\/v2\/product"}],"about":[{"href":"https:\/\/roveyayinevi.com.tr\/index.php\/wp-json\/wp\/v2\/types\/product"}],"wp:attachment":[{"href":"https:\/\/roveyayinevi.com.tr\/index.php\/wp-json\/wp\/v2\/media?parent=761432"}],"wp:term":[{"taxonomy":"product_brand","embeddable":true,"href":"https:\/\/roveyayinevi.com.tr\/index.php\/wp-json\/wp\/v2\/product_brand?post=761432"},{"taxonomy":"product_cat","embeddable":true,"href":"https:\/\/roveyayinevi.com.tr\/index.php\/wp-json\/wp\/v2\/product_cat?post=761432"},{"taxonomy":"product_tag","embeddable":true,"href":"https:\/\/roveyayinevi.com.tr\/index.php\/wp-json\/wp\/v2\/product_tag?post=761432"}],"curies":[{"name":"wp","href":"https:\/\/api.w.org\/{rel}","templated":true}]}}