{"id":761424,"date":"2025-08-28T09:36:49","date_gmt":"2025-08-28T06:36:49","guid":{"rendered":"https:\/\/roveyayinevi.com.tr\/index.php\/urun\/kucuk-tumburluplar-uzayda-oykulu-boyama-kitabi\/"},"modified":"2026-04-16T03:14:51","modified_gmt":"2026-04-16T00:14:51","slug":"kucuk-tumburluplar-uzayda-oykulu-boyama-kitabi","status":"publish","type":"product","link":"https:\/\/roveyayinevi.com.tr\/index.php\/urun\/kucuk-tumburluplar-uzayda-oykulu-boyama-kitabi\/","title":{"rendered":"K\u00fc\u00e7\u00fck Tumburluplar &#8211; Uzayda (\u00d6yk\u00fcl\u00fc Boyama Kitab\u0131)"},"content":{"rendered":"<p>Tumburluplar serisi, 3 ya\u015f ve \u00fczeri \u00e7ocuklar\u0131 da unutmuyor. K\u00fc\u00e7\u00fck Tumburluplar &#8211; \u00d6yk\u00fcl\u00fc Boyama Kitab\u0131&#8221; serisinin ilki K\u00fc\u00e7\u00fck Tumburluplar Uzayda ad\u0131yla yay\u0131mland\u0131. Kahramanlar\u0131m\u0131z\u0131n, G\u00f6ky\u00fcz\u00fcn\u00fc izleme merak\u0131n\u0131 g\u00f6ren Baba Tumburlup\u2019un hediye etti\u011fi teleskopla, ay\u0131 ve y\u0131ld\u0131zlar\u0131 g\u00f6zl\u00fcyorlar. Neler g\u00f6rd\u00fcklerini merak edenleri K\u00fc\u00e7\u00fck Tumburluplar Uzayda, boya kalemleriyle birlikte sayfalar\u0131na davet ediyor.<\/p>\n","protected":false},"excerpt":{"rendered":"<p>Tumburluplar serisi, 3 ya\u015f ve \u00fczeri \u00e7ocuklar\u0131 da unutmuyor. K\u00fc\u00e7\u00fck Tumburluplar &#8211; \u00d6yk\u00fcl\u00fc Boyama Kitab\u0131&#8221; serisinin ilki K\u00fc\u00e7\u00fck Tumburluplar Uzayda ad\u0131yla yay\u0131mland\u0131. Kahramanlar\u0131m\u0131z\u0131n, G\u00f6ky\u00fcz\u00fcn\u00fc izleme merak\u0131n\u0131<span class=\"excerpt-hellip\"> [\u2026]<\/span><\/p>\n","protected":false},"featured_media":0,"template":"","meta":{"_monsterinsights_skip_tracking":false,"_monsterinsights_sitenote_active":false,"_monsterinsights_sitenote_note":"","_monsterinsights_sitenote_category":0},"product_brand":[],"product_cat":[12644,12274],"product_tag":[],"class_list":{"0":"post-761424","1":"product","2":"type-product","3":"status-publish","5":"product_cat-boyama-kitaplari","6":"product_cat-cocuk-ve-genclik-kitaplari","7":"pa_cilt-ciltsiz","8":"pa_tur-kitap","9":"pa_yayinevi-cikolata-yayinevi","10":"pa_yazar-meltem-erincmen-kanoglu","12":"first","13":"instock","14":"sale","15":"shipping-taxable","16":"purchasable","17":"product-type-simple"},"_links":{"self":[{"href":"https:\/\/roveyayinevi.com.tr\/index.php\/wp-json\/wp\/v2\/product\/761424","targetHints":{"allow":["GET"]}}],"collection":[{"href":"https:\/\/roveyayinevi.com.tr\/index.php\/wp-json\/wp\/v2\/product"}],"about":[{"href":"https:\/\/roveyayinevi.com.tr\/index.php\/wp-json\/wp\/v2\/types\/product"}],"wp:attachment":[{"href":"https:\/\/roveyayinevi.com.tr\/index.php\/wp-json\/wp\/v2\/media?parent=761424"}],"wp:term":[{"taxonomy":"product_brand","embeddable":true,"href":"https:\/\/roveyayinevi.com.tr\/index.php\/wp-json\/wp\/v2\/product_brand?post=761424"},{"taxonomy":"product_cat","embeddable":true,"href":"https:\/\/roveyayinevi.com.tr\/index.php\/wp-json\/wp\/v2\/product_cat?post=761424"},{"taxonomy":"product_tag","embeddable":true,"href":"https:\/\/roveyayinevi.com.tr\/index.php\/wp-json\/wp\/v2\/product_tag?post=761424"}],"curies":[{"name":"wp","href":"https:\/\/api.w.org\/{rel}","templated":true}]}}