{"id":761423,"date":"2025-08-28T09:36:47","date_gmt":"2025-08-28T06:36:47","guid":{"rendered":"https:\/\/roveyayinevi.com.tr\/index.php\/urun\/vahsi-hayvanlar-1-avuc-ici-kitaplarim-dizisi\/"},"modified":"2026-04-16T03:14:51","modified_gmt":"2026-04-16T00:14:51","slug":"vahsi-hayvanlar-1-avuc-ici-kitaplarim-dizisi","status":"publish","type":"product","link":"https:\/\/roveyayinevi.com.tr\/index.php\/urun\/vahsi-hayvanlar-1-avuc-ici-kitaplarim-dizisi\/","title":{"rendered":"Vah\u015fi Hayvanlar 1 &#8211; Avu\u00e7 \u0130\u00e7i Kitaplar\u0131m Dizisi"},"content":{"rendered":"<p>Avu\u00e7 \u0130\u00e7i Kitaplar\u0131 Dizisi bebe\u011finizin s\u00f6zc\u00fck da\u011farc\u0131\u011f\u0131n\u0131 geni\u015fleterek, dil kullan\u0131m\u0131n\u0131 ilerletecek, g\u00fcndelik nesneleri tan\u0131mas\u0131n\u0131 sa\u011flayacak, mant\u0131ksal, analitik, g\u00f6rsel, ili\u015fkisel d\u00fc\u015f\u00fcnme yetisini, dikkat ve alg\u0131s\u0131n\u0131 geli\u015ftirecek kitaplard\u0131r. Vah\u015fi Hayvanlar -1 kitab\u0131 kal\u0131n kapa\u011f\u0131 ve sayfalar\u0131 ile bebe\u011fin kolayca kavrayabilece\u011fi boyuttad\u0131r. Vah\u015fi do\u011fada ya\u015fayan hayvanlar\u0131n ger\u00e7ek\u00e7i g\u00f6r\u00fcn\u00fcmlerinin arka plan\u0131nda her hayvan\u0131n ayak izi de mevcuttur. B\u00f6ylelikle b\u00fct\u00fcnc\u00fcl bir bilgilendirme verilmektedir.<\/p>\n","protected":false},"excerpt":{"rendered":"<p>Avu\u00e7 \u0130\u00e7i Kitaplar\u0131 Dizisi bebe\u011finizin s\u00f6zc\u00fck da\u011farc\u0131\u011f\u0131n\u0131 geni\u015fleterek, dil kullan\u0131m\u0131n\u0131 ilerletecek, g\u00fcndelik nesneleri tan\u0131mas\u0131n\u0131 sa\u011flayacak, mant\u0131ksal, analitik, g\u00f6rsel, ili\u015fkisel d\u00fc\u015f\u00fcnme yetisini, dikkat ve alg\u0131s\u0131n\u0131 geli\u015ftirecek kitaplard\u0131r.<span class=\"excerpt-hellip\"> [\u2026]<\/span><\/p>\n","protected":false},"featured_media":0,"template":"","meta":{"_monsterinsights_skip_tracking":false,"_monsterinsights_sitenote_active":false,"_monsterinsights_sitenote_note":"","_monsterinsights_sitenote_category":0},"product_brand":[],"product_cat":[15192,12274],"product_tag":[],"class_list":{"0":"post-761423","1":"product","2":"type-product","3":"status-publish","5":"product_cat-1-3-yas-kitaplari","6":"product_cat-cocuk-ve-genclik-kitaplari","7":"pa_cilt-ciltsiz","8":"pa_tur-kitap","9":"pa_yayinevi-cikolata-yayinevi","10":"pa_yazar-meltem-erincmen-kanoglu","11":"pa_yazar-sunguralp-solpan","13":"first","14":"instock","15":"sale","16":"shipping-taxable","17":"purchasable","18":"product-type-simple"},"_links":{"self":[{"href":"https:\/\/roveyayinevi.com.tr\/index.php\/wp-json\/wp\/v2\/product\/761423","targetHints":{"allow":["GET"]}}],"collection":[{"href":"https:\/\/roveyayinevi.com.tr\/index.php\/wp-json\/wp\/v2\/product"}],"about":[{"href":"https:\/\/roveyayinevi.com.tr\/index.php\/wp-json\/wp\/v2\/types\/product"}],"wp:attachment":[{"href":"https:\/\/roveyayinevi.com.tr\/index.php\/wp-json\/wp\/v2\/media?parent=761423"}],"wp:term":[{"taxonomy":"product_brand","embeddable":true,"href":"https:\/\/roveyayinevi.com.tr\/index.php\/wp-json\/wp\/v2\/product_brand?post=761423"},{"taxonomy":"product_cat","embeddable":true,"href":"https:\/\/roveyayinevi.com.tr\/index.php\/wp-json\/wp\/v2\/product_cat?post=761423"},{"taxonomy":"product_tag","embeddable":true,"href":"https:\/\/roveyayinevi.com.tr\/index.php\/wp-json\/wp\/v2\/product_tag?post=761423"}],"curies":[{"name":"wp","href":"https:\/\/api.w.org\/{rel}","templated":true}]}}