{"id":761419,"date":"2025-08-28T09:36:40","date_gmt":"2025-08-28T06:36:40","guid":{"rendered":"https:\/\/roveyayinevi.com.tr\/index.php\/urun\/koca-ayakli-maceralar-dizisi-1-koca-ayak-mutla-karsilasma\/"},"modified":"2026-04-16T03:14:50","modified_gmt":"2026-04-16T00:14:50","slug":"koca-ayakli-maceralar-dizisi-1-koca-ayak-mutla-karsilasma","status":"publish","type":"product","link":"https:\/\/roveyayinevi.com.tr\/index.php\/urun\/koca-ayakli-maceralar-dizisi-1-koca-ayak-mutla-karsilasma\/","title":{"rendered":"Koca Ayakl\u0131 Maceralar Dizisi 1 &#8211; Koca Ayak Mutla Kar\u015f\u0131la\u015fma"},"content":{"rendered":"<p>Koca Ayak Mut\u2019la Kar\u015f\u0131la\u015fma yarat\u0131c\u0131l\u0131\u011fa te\u015fvik etmek \u00fczere tasarlanm\u0131\u015ft\u0131r. \u00c7ocuklar ilk b\u00f6l\u00fcm\u00fc okuduktan sonra bir sonraki b\u00f6l\u00fcmde ne olaca\u011f\u0131n\u0131 yazarlar ve b\u00f6ylece hem okuduklar\u0131n\u0131 anlam\u0131\u015f olmak hem de yazar\u0131n yazd\u0131\u011f\u0131n\u0131 tahmin etmek hatta kendisi yeni bir yarat\u0131mda bulunmak zorundad\u0131r. Bundan sonra kapal\u0131 olan kitap sayfalar\u0131 a\u00e7\u0131l\u0131p okunur ve \u00e7ocuk yazd\u0131\u011f\u0131 metni yazar\u0131n metniyle kar\u015f\u0131la\u015ft\u0131r\u0131r. Okur, her b\u00f6l\u00fcm\u00fcn sonunda kendisine verilen sayfalara bir sonraki b\u00f6l\u00fcmde olabilecekleri yazar ve ard\u0131ndan kapal\u0131 sayfalar\u0131 ke\u015ffeder. Kitab\u0131n arkas\u0131nda ise bilmeceler bulunmaktad\u0131r.<\/p>\n","protected":false},"excerpt":{"rendered":"<p>Koca Ayak Mut\u2019la Kar\u015f\u0131la\u015fma yarat\u0131c\u0131l\u0131\u011fa te\u015fvik etmek \u00fczere tasarlanm\u0131\u015ft\u0131r. \u00c7ocuklar ilk b\u00f6l\u00fcm\u00fc okuduktan sonra bir sonraki b\u00f6l\u00fcmde ne olaca\u011f\u0131n\u0131 yazarlar ve b\u00f6ylece hem okuduklar\u0131n\u0131 anlam\u0131\u015f olmak<span class=\"excerpt-hellip\"> [\u2026]<\/span><\/p>\n","protected":false},"featured_media":0,"template":"","meta":{"_monsterinsights_skip_tracking":false,"_monsterinsights_sitenote_active":false,"_monsterinsights_sitenote_note":"","_monsterinsights_sitenote_category":0},"product_brand":[],"product_cat":[12275,12274],"product_tag":[],"class_list":{"0":"post-761419","1":"product","2":"type-product","3":"status-publish","5":"product_cat-6-12-yas-kitaplari","6":"product_cat-cocuk-ve-genclik-kitaplari","7":"pa_cilt-ciltsiz","8":"pa_tur-kitap","9":"pa_yayinevi-cikolata-yayinevi","10":"pa_yazar-meltem-erincmen-kanoglu","12":"first","13":"instock","14":"sale","15":"shipping-taxable","16":"purchasable","17":"product-type-simple"},"_links":{"self":[{"href":"https:\/\/roveyayinevi.com.tr\/index.php\/wp-json\/wp\/v2\/product\/761419","targetHints":{"allow":["GET"]}}],"collection":[{"href":"https:\/\/roveyayinevi.com.tr\/index.php\/wp-json\/wp\/v2\/product"}],"about":[{"href":"https:\/\/roveyayinevi.com.tr\/index.php\/wp-json\/wp\/v2\/types\/product"}],"wp:attachment":[{"href":"https:\/\/roveyayinevi.com.tr\/index.php\/wp-json\/wp\/v2\/media?parent=761419"}],"wp:term":[{"taxonomy":"product_brand","embeddable":true,"href":"https:\/\/roveyayinevi.com.tr\/index.php\/wp-json\/wp\/v2\/product_brand?post=761419"},{"taxonomy":"product_cat","embeddable":true,"href":"https:\/\/roveyayinevi.com.tr\/index.php\/wp-json\/wp\/v2\/product_cat?post=761419"},{"taxonomy":"product_tag","embeddable":true,"href":"https:\/\/roveyayinevi.com.tr\/index.php\/wp-json\/wp\/v2\/product_tag?post=761419"}],"curies":[{"name":"wp","href":"https:\/\/api.w.org\/{rel}","templated":true}]}}