{"id":761418,"date":"2025-08-28T09:36:38","date_gmt":"2025-08-28T06:36:38","guid":{"rendered":"https:\/\/roveyayinevi.com.tr\/index.php\/urun\/kralice-ari-sarki-soylediginde-arilar-dans-eder\/"},"modified":"2025-08-31T20:30:40","modified_gmt":"2025-08-31T17:30:40","slug":"kralice-ari-sarki-soylediginde-arilar-dans-eder","status":"publish","type":"product","link":"https:\/\/roveyayinevi.com.tr\/index.php\/urun\/kralice-ari-sarki-soylediginde-arilar-dans-eder\/","title":{"rendered":"Krali\u00e7e Ar\u0131 \u015eark\u0131 S\u00f6yledi\u011finde Ar\u0131lar Dans Eder"},"content":{"rendered":"<p>M\u00fckemmel ebeveyn olman\u0131n bir tarifi var m\u0131?   Marie m\u00fckemmel bir anne olmak istiyor: Asla sesini y\u00fckseltmeyen, organik beslenmeye \u00f6nem veren, \u00e7ocuklar\u0131na vakit ay\u0131r\u0131p onlar\u0131 en iyi \u015fekilde yeti\u015ftirmek isteyen bir anne\u2026 Ama hi\u00e7bir \u015fey istedi\u011fi gibi gitmiyor, hi\u00e7bir \u015feye yeti\u015femiyor. G\u00fcnl\u00fck ya\u015fam\u0131n k\u0131s\u0131tlamalar\u0131 y\u00fcz\u00fcnden bitkin ve bunalm\u0131\u015f durumda. Bu y\u00fczden ergen o\u011flunu, a\u015f\u0131r\u0131 hassas ortanca \u00e7ocu\u011funu ve k\u0131p\u0131r k\u0131p\u0131r bir enerjisi olan en k\u00fc\u00e7\u00fc\u011f\u00fcn\u00fc art\u0131k y\u00f6netemiyor. \u00c7ocuklar\u0131na ba\u011f\u0131r\u0131yor, onlar\u0131 cezaland\u0131r\u0131yor, sonra da su\u00e7luluk duygusu alt\u0131nda eziliyor. K\u0131rk\u0131nc\u0131 ya\u015f g\u00fcn\u00fcn\u00fcn \u015fafa\u011f\u0131nda Marie, t\u00fckenmi\u015fli\u011fin e\u015fi\u011finde. Nihayet bir g\u00fcn, arkada\u015f\u0131n\u0131n zoruyla kendine ve iyi ebeveyn olmaya dair yepyeni bak\u0131\u015f a\u00e7\u0131lar\u0131 kazanaca\u011f\u0131 \u00f6zel bir kamp\u0131n yolunu tutuyor.   Krali\u00e7e Ar\u0131 \u015eark\u0131 S\u00f6yledi\u011finde Ar\u0131lar Dans Eder, t\u00fcm \u00e7ocuk b\u00fcy\u00fctenlere adanm\u0131\u015f, onlar\u0131n h\u00e2linden anlay\u0131p kendilerini daha iyi hissetmeleri i\u00e7in yollar\u0131na \u0131\u015f\u0131k tutan harika bir roman. Bu hik\u00e2yede Marie\u2019yle birlikte biz de \u00e7ok \u00f6nemli bir \u015feyi hat\u0131rl\u0131yoruz: Ba\u015fkalar\u0131n\u0131 mutlu etmek i\u00e7in \u00f6nce kendimizin mutlu olmas\u0131 gerekti\u011fini.     &#8220;Su\u00e7luluk duygusunu hafifleten kitap: Bunalm\u0131\u015f bir anne ve onu dinlenmeye g\u00f6nderen bir kom\u015fu. Orada kendimizi buluyoruz! Olaylara farkl\u0131 bir perspektiften bakman\u0131z\u0131 sa\u011flayan bir roman.\u201d -Marie-Pierre <\/p>\n","protected":false},"excerpt":{"rendered":"<p>M\u00fckemmel ebeveyn olman\u0131n bir tarifi var m\u0131? Marie m\u00fckemmel bir anne olmak istiyor: Asla sesini y\u00fckseltmeyen, organik beslenmeye \u00f6nem veren, \u00e7ocuklar\u0131na vakit ay\u0131r\u0131p onlar\u0131 en iyi<span class=\"excerpt-hellip\"> [\u2026]<\/span><\/p>\n","protected":false},"featured_media":0,"template":"","meta":{"_monsterinsights_skip_tracking":false,"_monsterinsights_sitenote_active":false,"_monsterinsights_sitenote_note":"","_monsterinsights_sitenote_category":0},"product_brand":[],"product_cat":[12291,12711],"product_tag":[],"class_list":{"0":"post-761418","1":"product","2":"type-product","3":"status-publish","5":"product_cat-edebiyat","6":"product_cat-roman-oyku","7":"pa_cilt-ciltsiz","8":"pa_tur-kitap","9":"pa_yayinevi-yan-pasaj-yayinevi","10":"pa_yazar-veronique-maciejak","12":"first","13":"instock","14":"sale","15":"shipping-taxable","16":"purchasable","17":"product-type-simple"},"_links":{"self":[{"href":"https:\/\/roveyayinevi.com.tr\/index.php\/wp-json\/wp\/v2\/product\/761418","targetHints":{"allow":["GET"]}}],"collection":[{"href":"https:\/\/roveyayinevi.com.tr\/index.php\/wp-json\/wp\/v2\/product"}],"about":[{"href":"https:\/\/roveyayinevi.com.tr\/index.php\/wp-json\/wp\/v2\/types\/product"}],"wp:attachment":[{"href":"https:\/\/roveyayinevi.com.tr\/index.php\/wp-json\/wp\/v2\/media?parent=761418"}],"wp:term":[{"taxonomy":"product_brand","embeddable":true,"href":"https:\/\/roveyayinevi.com.tr\/index.php\/wp-json\/wp\/v2\/product_brand?post=761418"},{"taxonomy":"product_cat","embeddable":true,"href":"https:\/\/roveyayinevi.com.tr\/index.php\/wp-json\/wp\/v2\/product_cat?post=761418"},{"taxonomy":"product_tag","embeddable":true,"href":"https:\/\/roveyayinevi.com.tr\/index.php\/wp-json\/wp\/v2\/product_tag?post=761418"}],"curies":[{"name":"wp","href":"https:\/\/api.w.org\/{rel}","templated":true}]}}