{"id":761415,"date":"2025-08-28T09:36:32","date_gmt":"2025-08-28T06:36:32","guid":{"rendered":"https:\/\/roveyayinevi.com.tr\/index.php\/urun\/insani-seyler\/"},"modified":"2026-04-16T03:14:50","modified_gmt":"2026-04-16T00:14:50","slug":"insani-seyler","status":"publish","type":"product","link":"https:\/\/roveyayinevi.com.tr\/index.php\/urun\/insani-seyler\/","title":{"rendered":"\u0130nsani \u015eeyler"},"content":{"rendered":"<p>Claire ve Jean Farel be\u011fenildikleri kadar toplumun \u00f6fke \u015fim\u015feklerini de \u00e7eken \u00fcnl\u00fc bir \u00e7ift. Jean b\u00fcy\u00fck bir televizyon kanal\u0131nda milyonlar\u0131n izledi\u011fi siyasi bir tart\u0131\u015fma program\u0131n\u0131n sunucusu, e\u015fi Claire de \u00e7ok okunan ve tart\u0131\u015f\u0131lan feminist bir yazar. O\u011fullar\u0131 Alexandre ise prestijli bir Amerikan \u00fcniversitesinde ba\u015far\u0131l\u0131, dikkat \u00e7eken \u00f6\u011frenci. Onlar i\u00e7in her \u015fey yolunda gidiyor. Ancak bir tecav\u00fcz su\u00e7lamas\u0131, g\u00f6r\u00fcn\u00fcrde m\u00fckemmel olan aileyi sarsacak, kendilerini, toplumsal n\u00fcfuzu ve bask\u0131y\u0131, bireysel mutlulu\u011fu sorgulamalar\u0131na yol a\u00e7acakt\u0131r.   Frans\u0131z yazar Karine Tuil \u0130nsani \u015eeyler\u2019de \u00e7a\u011fda\u015f d\u00fcnyay\u0131 sorgularken yarg\u0131 mekanizmas\u0131n\u0131n ac\u0131mas\u0131zl\u0131\u011f\u0131n\u0131 g\u00f6zler \u00f6n\u00fcne serip yerle bir ediyor ve okuru hem daval\u0131 hem davac\u0131 hem de j\u00fcri koltu\u011funa oturtarak kendi korkular\u0131yla y\u00fczle\u015ftiriyor. \u00c7\u00fcnk\u00fc bir g\u00fcn herkes kendini bu sarmal\u0131n i\u00e7inde bulabilir: \u201cSay\u0131n ba\u015fkan, say\u0131n j\u00fcri \u00fcyeleri, bu dava bize herkesin bir g\u00fcn kendini yanl\u0131\u015f tarafta bulabilece\u011fini \u00f6\u011fretmi\u015ftir. Her \u015feyi kaybetmek \u00e7ok kolay. Sizin ba\u015f\u0131n\u0131za gelmez mi san\u0131yorsunuz? Yan\u0131l\u0131yorsunuz.\u201d <\/p>\n","protected":false},"excerpt":{"rendered":"<p>Claire ve Jean Farel be\u011fenildikleri kadar toplumun \u00f6fke \u015fim\u015feklerini de \u00e7eken \u00fcnl\u00fc bir \u00e7ift. Jean b\u00fcy\u00fck bir televizyon kanal\u0131nda milyonlar\u0131n izledi\u011fi siyasi bir tart\u0131\u015fma program\u0131n\u0131n sunucusu,<span class=\"excerpt-hellip\"> [\u2026]<\/span><\/p>\n","protected":false},"featured_media":0,"template":"","meta":{"_monsterinsights_skip_tracking":false,"_monsterinsights_sitenote_active":false,"_monsterinsights_sitenote_note":"","_monsterinsights_sitenote_category":0},"product_brand":[],"product_cat":[12291,12711],"product_tag":[],"class_list":{"0":"post-761415","1":"product","2":"type-product","3":"status-publish","5":"product_cat-edebiyat","6":"product_cat-roman-oyku","7":"pa_cilt-ciltsiz","8":"pa_tur-kitap","9":"pa_yayinevi-dogan-kitap","10":"pa_yazar-karine-tuil","12":"first","13":"instock","14":"sale","15":"shipping-taxable","16":"purchasable","17":"product-type-simple"},"_links":{"self":[{"href":"https:\/\/roveyayinevi.com.tr\/index.php\/wp-json\/wp\/v2\/product\/761415","targetHints":{"allow":["GET"]}}],"collection":[{"href":"https:\/\/roveyayinevi.com.tr\/index.php\/wp-json\/wp\/v2\/product"}],"about":[{"href":"https:\/\/roveyayinevi.com.tr\/index.php\/wp-json\/wp\/v2\/types\/product"}],"wp:attachment":[{"href":"https:\/\/roveyayinevi.com.tr\/index.php\/wp-json\/wp\/v2\/media?parent=761415"}],"wp:term":[{"taxonomy":"product_brand","embeddable":true,"href":"https:\/\/roveyayinevi.com.tr\/index.php\/wp-json\/wp\/v2\/product_brand?post=761415"},{"taxonomy":"product_cat","embeddable":true,"href":"https:\/\/roveyayinevi.com.tr\/index.php\/wp-json\/wp\/v2\/product_cat?post=761415"},{"taxonomy":"product_tag","embeddable":true,"href":"https:\/\/roveyayinevi.com.tr\/index.php\/wp-json\/wp\/v2\/product_tag?post=761415"}],"curies":[{"name":"wp","href":"https:\/\/api.w.org\/{rel}","templated":true}]}}