{"id":761414,"date":"2025-08-28T09:36:31","date_gmt":"2025-08-28T06:36:31","guid":{"rendered":"https:\/\/roveyayinevi.com.tr\/index.php\/urun\/yaklasan-dalga\/"},"modified":"2026-04-16T03:14:50","modified_gmt":"2026-04-16T00:14:50","slug":"yaklasan-dalga","status":"publish","type":"product","link":"https:\/\/roveyayinevi.com.tr\/index.php\/urun\/yaklasan-dalga\/","title":{"rendered":"Yakla\u015fan Dalga"},"content":{"rendered":"<p>\u201cB\u00fcy\u00fcleyici, harika yaz\u0131lm\u0131\u015f, \u00e7ok \u00f6nemli bir kitap.\u201d\u2014Yuval Noah Harari \u201cMutlaka okumal\u0131s\u0131n\u0131z.\u201d\u2014Daniel Kahneman \u201cE\u015fi g\u00f6r\u00fclmemi\u015f zamanlar i\u00e7in m\u00fckemmel bir rehber.\u201d\u2014Bill Gates   \u0130nsanl\u0131k tarihinde \u00f6nemli bir e\u015fi\u011fe yakla\u015f\u0131yoruz. Her \u015fey de\u011fi\u015fmek \u00fczere.  Yak\u0131nda etraf\u0131m\u0131zda yapay zek\u00e2lar olacak. DNA yaz\u0131c\u0131lar\u0131n\u0131n ve kuantum bilgisayarlar\u0131n\u0131n, laboratuvar patojenlerinin ve otonom silahlar\u0131n, robot asistanlar\u0131n ve enerji bollu\u011fu d\u00fcnyas\u0131nda ya\u015fayacaks\u0131n\u0131z. B\u00f6yle bir d\u00fcnyaya haz\u0131r de\u011filiz.   Google b\u00fcnyesindeki yapay zek\u00e2 \u015firketi Deepmind\u2019\u0131n kurucular\u0131ndan olan Mustafa Suleyman bu devrimin merkezindeydi. \u00d6n\u00fcm\u00fczdeki y\u0131llara bu g\u00fc\u00e7l\u00fc ve h\u0131zla yay\u0131lan yeni teknolojiler dalgas\u0131 damgas\u0131n\u0131 vuracak.   Yakla\u015fan Dalga\u2019da Suleyman bu teknoloji dalgas\u0131n\u0131n b\u00fcy\u00fck bir bolluk yarataca\u011f\u0131n\u0131 ama \u00f6b\u00fcr yandan da k\u00fcresel d\u00fczenin temeli olan ulus devleti nas\u0131l tehdit edece\u011fini anlat\u0131yor. K\u0131r\u0131lgan devletlerimiz bir felakete s\u00fcr\u00fcklenirken, varolu\u015fsal bir ikilemin i\u00e7indeyiz: Bir yanda hayal bile edemeyece\u011fimiz felaketler, \u00f6b\u00fcr yanda da her saniye g\u00f6zetim ve bask\u0131 alt\u0131nda ya\u015famak. Yapay zek\u00e2 teknolojisinin merkezinden \u00e7\u0131kan bu \u00e7\u0131\u011f\u0131r a\u00e7\u0131c\u0131 kitap, \u00e7a\u011f\u0131m\u0131z\u0131n en b\u00fcy\u00fck problemi olan g\u00fc\u00e7l\u00fc teknolojileri kontrol edebilmeyi, \u201cdizginleme problemini\u201d inceliyor. K\u0131yamet ve distopya aras\u0131ndaki dar yolda y\u00fcr\u00fcyebilecek miyiz?   CNN, Economist, Bloomberg, Politico Playbook, Financial Times, The Guardian, CEO Magazine ve Semafor taraf\u0131ndan Y\u0131l\u0131n Kitab\u0131 se\u00e7ildi   \u201cGelecekte bizi nelerin bekledi\u011finin samimi bir anlat\u0131s\u0131\u2026 Yakla\u015fan Dalga\u2019y\u0131 okurken Gramsci\u2019nin dedi\u011fi gibi ihtiyac\u0131m\u0131z olan\u0131n, \u2018k\u00f6t\u00fcmser bir ak\u0131l ve iyimser bir irade\u2019 oldu\u011funu hat\u0131rl\u0131yoruz. \u015eans\u0131m\u0131za Mustafa Suleyman her ikisine de sahip.\u201d \u2014The Guardian   \u201cYapay zek\u00e2 ve di\u011fer teknolojilerin gelece\u011fine dair m\u00fckemmel bir \u00f6ng\u00f6r\u00fc\u2026 Mustafa Suleyman yapay zek\u00e2 devriminin merkezindeki teknolojileri, \u015firketleri ve insanlar\u0131 \u00e7ok iyi tan\u0131yor.\u201d  \u2014The New York Times   \u201cB\u00fcy\u00fcleyici\u2026 Yapay zek\u00e2 konusunda \u015fimdiye dek \u00e7ok iyimser yazarlar\u0131 ve felaket tellallar\u0131n\u0131 okumu\u015f olabilirsiniz ama bu kitab\u0131 kesinlikle g\u00f6zden ka\u00e7\u0131rmamal\u0131s\u0131n\u0131z\u2026 Harika.\u201d  \u2014Niall Ferguson, Bloomberg   \u201cHarika\u2026 Ya\u015fad\u0131\u011f\u0131m\u0131z y\u00fczy\u0131l\u0131n en \u00f6nemli sorusunun cevab\u0131n\u0131 ara\u015ft\u0131r\u0131yor: Gelecekte bizi bekleyen, nefes kesici teknolojilerin bizim istedi\u011fimiz d\u00fcnyay\u0131 yaratmas\u0131n\u0131 nas\u0131l sa\u011flayabiliriz?\u201d \u2014Eric Lander, MIT ve Harvard Broad Enstit\u00fcs\u00fc kurucu ba\u015fkan\u0131   \u201cTeknolojik de\u011fi\u015fimlerin tarihini a\u00e7\u0131klamakla kalm\u0131yor gelecekte bizi bekleyen siyasi g\u00fc\u00e7l\u00fckleri de inceliyor.\u201d\u2014Anne Applebaum, Pulitzer \u00f6d\u00fcll\u00fc tarih\u00e7i   \u201c\u0130nan\u0131lmaz\u2026 Sak\u0131n ka\u00e7\u0131rmay\u0131n.\u201d \u2014Eric Schmidt, Google\u2019\u0131n eski CEO\u2019su   \u201cSakin, pragmatik ve etik\u2026  B\u00fcy\u00fcleyici bir kitap.\u201d \u2014Angela Kane, BM Genel Sekreter Ba\u015fyard\u0131mc\u0131s\u0131   \u201cGer\u00e7ekten ola\u011fan\u00fcst\u00fc, g\u00f6rmezden gelinemeyecek bir kitap\u2026 \u0130kna edici bir anlat\u0131.\u201d \u2014 Prof. Nouriel Roubini, New York \u00dcniversitesi   \u201cPratik ve iyimser bir rehber.\u201d\u2014Prof. Stuart Russell, California \u00dcniversitesi, Berkeley   \u201cYapay zek\u00e2ya panoramik bir a\u00e7\u0131yla bak\u0131yor ve harekete ge\u00e7meye \u00e7a\u011f\u0131r\u0131yor\u2026 Herkes mutlaka okumal\u0131.\u201d\u2014Fei-Fei Li, Stanford \u0130nsan Merkezli YZ Enstit\u00fcs\u00fc e\u015f ba\u015fkan\u0131   \u201cCesur bir uyar\u0131\u2026 Mutlaka okunmal\u0131.\u201d\u2014Tristan Harris, \u0130nsani Teknolojiler Merkezi e\u015f kurucusu   \u201cOla\u011fan\u00fcst\u00fc ve elzem bir kitap\u2026 Bu \u00e7a\u011fda ya\u015fad\u0131\u011f\u0131n\u0131z i\u00e7in heyecanlanacaks\u0131n\u0131z.\u201d \u2014Alain de Botton   \u201cDerinlemesine bir ara\u015ft\u0131rma ve son derece g\u00fcncel.\u201d\u2014Al Gore, ABD eski ba\u015fkan yard\u0131mc\u0131s\u0131   \u201c\u00c7a\u011f\u0131m\u0131z teknolojisinin h\u0131z\u0131n\u0131 ve boyutlar\u0131n\u0131 \u00f6\u011frenmek i\u00e7in bu kitab\u0131 okumal\u0131s\u0131n\u0131z.\u201d\u2014Ian Bremmer, Eurasia Group\u2019un kurucusu ve \u00e7ok satan yazar   \u201c\u00d6d\u00fcllendirici ve hayretler i\u00e7inde b\u0131rakan bir kitap.\u201d\u2014Stephen Fry   \u201cGer\u00e7ek\u00e7i, bilgi dolu ve anla\u015f\u0131l\u0131r.\u201d\u2014Prof. Jack Goldsmith, Harvard University <\/p>\n","protected":false},"excerpt":{"rendered":"<p>\u201cB\u00fcy\u00fcleyici, harika yaz\u0131lm\u0131\u015f, \u00e7ok \u00f6nemli bir kitap.\u201d\u2014Yuval Noah Harari \u201cMutlaka okumal\u0131s\u0131n\u0131z.\u201d\u2014Daniel Kahneman \u201cE\u015fi g\u00f6r\u00fclmemi\u015f zamanlar i\u00e7in m\u00fckemmel bir rehber.\u201d\u2014Bill Gates \u0130nsanl\u0131k tarihinde \u00f6nemli bir e\u015fi\u011fe yakla\u015f\u0131yoruz.<span class=\"excerpt-hellip\"> [\u2026]<\/span><\/p>\n","protected":false},"featured_media":0,"template":"","meta":{"_monsterinsights_skip_tracking":false,"_monsterinsights_sitenote_active":false,"_monsterinsights_sitenote_note":"","_monsterinsights_sitenote_category":0},"product_brand":[],"product_cat":[52477],"product_tag":[],"class_list":{"0":"post-761414","1":"product","2":"type-product","3":"status-publish","5":"product_cat-arastirma","6":"pa_cilt-ciltsiz","7":"pa_tur-kitap","8":"pa_yayinevi-dogan-kitap","9":"pa_yazar-mustafa-suleyman-michael-bhaskar","11":"first","12":"instock","13":"sale","14":"shipping-taxable","15":"purchasable","16":"product-type-simple"},"_links":{"self":[{"href":"https:\/\/roveyayinevi.com.tr\/index.php\/wp-json\/wp\/v2\/product\/761414","targetHints":{"allow":["GET"]}}],"collection":[{"href":"https:\/\/roveyayinevi.com.tr\/index.php\/wp-json\/wp\/v2\/product"}],"about":[{"href":"https:\/\/roveyayinevi.com.tr\/index.php\/wp-json\/wp\/v2\/types\/product"}],"wp:attachment":[{"href":"https:\/\/roveyayinevi.com.tr\/index.php\/wp-json\/wp\/v2\/media?parent=761414"}],"wp:term":[{"taxonomy":"product_brand","embeddable":true,"href":"https:\/\/roveyayinevi.com.tr\/index.php\/wp-json\/wp\/v2\/product_brand?post=761414"},{"taxonomy":"product_cat","embeddable":true,"href":"https:\/\/roveyayinevi.com.tr\/index.php\/wp-json\/wp\/v2\/product_cat?post=761414"},{"taxonomy":"product_tag","embeddable":true,"href":"https:\/\/roveyayinevi.com.tr\/index.php\/wp-json\/wp\/v2\/product_tag?post=761414"}],"curies":[{"name":"wp","href":"https:\/\/api.w.org\/{rel}","templated":true}]}}