{"id":761413,"date":"2025-08-28T09:36:29","date_gmt":"2025-08-28T06:36:29","guid":{"rendered":"https:\/\/roveyayinevi.com.tr\/index.php\/urun\/kbrn-yonetimine-stratejik-bakis\/"},"modified":"2026-04-16T03:14:50","modified_gmt":"2026-04-16T00:14:50","slug":"kbrn-yonetimine-stratejik-bakis","status":"publish","type":"product","link":"https:\/\/roveyayinevi.com.tr\/index.php\/urun\/kbrn-yonetimine-stratejik-bakis\/","title":{"rendered":"KBRN Y\u00f6netimine Stratejik Bak\u0131\u015f"},"content":{"rendered":"<p>KBRN konusu hem d\u00fcnyada hem de T\u00fcrkiye\u2019de giderek daha fazla \u00f6nem kazanmaktad\u0131r. Bunun sebebi son zamanlarda meydana gelen KBRN olaylar\u0131 ve KBRN tehlikelerinin ve yaratacaklar\u0131 etkilerin b\u00fcy\u00fckl\u00fc\u011f\u00fcn\u00fcn her g\u00fcn daha fazla fark edilmesidir. Japonya metrosunda sarin gaz\u0131yla yap\u0131lan sald\u0131r\u0131, ABD\u2019de 11 Eyl\u00fcl sald\u0131r\u0131lar\u0131 ve ard\u0131ndan ortaya \u00e7\u0131kan \u015farbon olay\u0131 afet senaryolar\u0131n\u0131n g\u00fcncellenmesi, fark\u0131ndal\u0131k ve haz\u0131rl\u0131k ihtiyac\u0131n\u0131n da g\u00fcndem olmas\u0131n\u0131 sa\u011flam\u0131\u015ft\u0131r. Bu olaylar ayr\u0131ca t\u00fcm d\u00fcnyaya sivil halk\u0131n ter\u00f6rist sald\u0131r\u0131 riskiyle kar\u015f\u0131 kar\u015f\u0131ya oldu\u011funu g\u00f6stermi\u015f ve bu konuda tedbirlerin al\u0131nmas\u0131 gerekti\u011fi anla\u015f\u0131lm\u0131\u015ft\u0131r. KBRN olaylar\u0131 da afetler gibi, bu olaylara m\u00fcdahale edecek olan kurum ve kurulu\u015flar\u0131n b\u00fcy\u00fck sorumluluk ta\u015f\u0131d\u0131\u011f\u0131 durumlard\u0131r. Bu olaylara m\u00fcdahale edecek olan kurumlar\u0131n iyi bir donan\u0131ma sahip olmalar\u0131 ve kurum \u00e7al\u0131\u015fanlar\u0131n\u0131n bu alanda iyi e\u011fitimli ve uzman ki\u015filer olmalar\u0131 gerekmektedir. Aksi halde m\u00fcdahale s\u00fcrecinin etkinli\u011fi risk alt\u0131na girecek, daha da k\u00f6t\u00fcs\u00fc ikincil hasarlar ve personel kay\u0131plar\u0131 ya\u015fanabilecektir. <\/p>\n","protected":false},"excerpt":{"rendered":"<p>KBRN konusu hem d\u00fcnyada hem de T\u00fcrkiye\u2019de giderek daha fazla \u00f6nem kazanmaktad\u0131r. Bunun sebebi son zamanlarda meydana gelen KBRN olaylar\u0131 ve KBRN tehlikelerinin ve yaratacaklar\u0131 etkilerin<span class=\"excerpt-hellip\"> [\u2026]<\/span><\/p>\n","protected":false},"featured_media":0,"template":"","meta":{"_monsterinsights_skip_tracking":false,"_monsterinsights_sitenote_active":false,"_monsterinsights_sitenote_note":"","_monsterinsights_sitenote_category":0},"product_brand":[],"product_cat":[12337],"product_tag":[],"class_list":{"0":"post-761413","1":"product","2":"type-product","3":"status-publish","5":"product_cat-politika-siyaset","6":"pa_cilt-ciltsiz","7":"pa_tur-kitap","8":"pa_yayinevi-tiav","9":"pa_yazar-kolektif","11":"first","12":"instock","13":"sale","14":"shipping-taxable","15":"purchasable","16":"product-type-simple"},"_links":{"self":[{"href":"https:\/\/roveyayinevi.com.tr\/index.php\/wp-json\/wp\/v2\/product\/761413","targetHints":{"allow":["GET"]}}],"collection":[{"href":"https:\/\/roveyayinevi.com.tr\/index.php\/wp-json\/wp\/v2\/product"}],"about":[{"href":"https:\/\/roveyayinevi.com.tr\/index.php\/wp-json\/wp\/v2\/types\/product"}],"wp:attachment":[{"href":"https:\/\/roveyayinevi.com.tr\/index.php\/wp-json\/wp\/v2\/media?parent=761413"}],"wp:term":[{"taxonomy":"product_brand","embeddable":true,"href":"https:\/\/roveyayinevi.com.tr\/index.php\/wp-json\/wp\/v2\/product_brand?post=761413"},{"taxonomy":"product_cat","embeddable":true,"href":"https:\/\/roveyayinevi.com.tr\/index.php\/wp-json\/wp\/v2\/product_cat?post=761413"},{"taxonomy":"product_tag","embeddable":true,"href":"https:\/\/roveyayinevi.com.tr\/index.php\/wp-json\/wp\/v2\/product_tag?post=761413"}],"curies":[{"name":"wp","href":"https:\/\/api.w.org\/{rel}","templated":true}]}}