{"id":761412,"date":"2025-08-28T09:36:28","date_gmt":"2025-08-28T06:36:28","guid":{"rendered":"https:\/\/roveyayinevi.com.tr\/index.php\/urun\/il-genel-meclisi-uyeleri-icin-rehber\/"},"modified":"2026-04-16T03:14:50","modified_gmt":"2026-04-16T00:14:50","slug":"il-genel-meclisi-uyeleri-icin-rehber","status":"publish","type":"product","link":"https:\/\/roveyayinevi.com.tr\/index.php\/urun\/il-genel-meclisi-uyeleri-icin-rehber\/","title":{"rendered":"\u0130l Genel Meclisi \u00dcyeleri \u0130\u00e7in Rehber"},"content":{"rendered":"<p>\u00dclkemizde 51 ilde kurulu olan il \u00f6zel idareleri, genel olarak belediye s\u0131n\u0131rlar\u0131 d\u0131\u015f\u0131nda kalan alanlara hizmet vermekle birlikte il \u00f6zel idarelerine belediye s\u0131n\u0131rlar\u0131 i\u00e7inde de baz\u0131 g\u00f6revler verilmi\u015ftir. Bunun yan\u0131nda il \u00f6zel idaresi merkezi y\u00f6netimin baz\u0131 i\u015flerini merkezi y\u00f6netim ad\u0131na yapmaktad\u0131r. Belediye s\u0131n\u0131rlar\u0131 d\u0131\u015f\u0131nda ya\u015fayan toplam n\u00fcfusun yakla\u015f\u0131k y\u00fczde yedisi il \u00f6zel idarelerinin hizmetlerinden yararlanmaktad\u0131r. Bu rehber, il genel meclisi \u00fcyelerini, kendi g\u00f6revleri veya il \u00f6zel idaresi faaliyetleri kapsam\u0131na giren hususlar hakk\u0131nda bilgilendirmek \u00fczere haz\u0131rlanm\u0131\u015ft\u0131r. <\/p>\n","protected":false},"excerpt":{"rendered":"<p>\u00dclkemizde 51 ilde kurulu olan il \u00f6zel idareleri, genel olarak belediye s\u0131n\u0131rlar\u0131 d\u0131\u015f\u0131nda kalan alanlara hizmet vermekle birlikte il \u00f6zel idarelerine belediye s\u0131n\u0131rlar\u0131 i\u00e7inde de baz\u0131<span class=\"excerpt-hellip\"> [\u2026]<\/span><\/p>\n","protected":false},"featured_media":0,"template":"","meta":{"_monsterinsights_skip_tracking":false,"_monsterinsights_sitenote_active":false,"_monsterinsights_sitenote_note":"","_monsterinsights_sitenote_category":0},"product_brand":[],"product_cat":[12337],"product_tag":[],"class_list":{"0":"post-761412","1":"product","2":"type-product","3":"status-publish","5":"product_cat-politika-siyaset","6":"pa_cilt-ciltsiz","7":"pa_tur-kitap","8":"pa_yayinevi-tiav","9":"pa_yazar-enver-salihoglu","11":"first","12":"instock","13":"sale","14":"shipping-taxable","15":"purchasable","16":"product-type-simple"},"_links":{"self":[{"href":"https:\/\/roveyayinevi.com.tr\/index.php\/wp-json\/wp\/v2\/product\/761412","targetHints":{"allow":["GET"]}}],"collection":[{"href":"https:\/\/roveyayinevi.com.tr\/index.php\/wp-json\/wp\/v2\/product"}],"about":[{"href":"https:\/\/roveyayinevi.com.tr\/index.php\/wp-json\/wp\/v2\/types\/product"}],"wp:attachment":[{"href":"https:\/\/roveyayinevi.com.tr\/index.php\/wp-json\/wp\/v2\/media?parent=761412"}],"wp:term":[{"taxonomy":"product_brand","embeddable":true,"href":"https:\/\/roveyayinevi.com.tr\/index.php\/wp-json\/wp\/v2\/product_brand?post=761412"},{"taxonomy":"product_cat","embeddable":true,"href":"https:\/\/roveyayinevi.com.tr\/index.php\/wp-json\/wp\/v2\/product_cat?post=761412"},{"taxonomy":"product_tag","embeddable":true,"href":"https:\/\/roveyayinevi.com.tr\/index.php\/wp-json\/wp\/v2\/product_tag?post=761412"}],"curies":[{"name":"wp","href":"https:\/\/api.w.org\/{rel}","templated":true}]}}