{"id":761411,"date":"2025-08-28T09:36:27","date_gmt":"2025-08-28T06:36:27","guid":{"rendered":"https:\/\/roveyayinevi.com.tr\/index.php\/urun\/canakkale-savaslari-ve-sehitlerimizin-kunyeleri-ciltli\/"},"modified":"2026-04-16T03:14:50","modified_gmt":"2026-04-16T00:14:50","slug":"canakkale-savaslari-ve-sehitlerimizin-kunyeleri-ciltli","status":"publish","type":"product","link":"https:\/\/roveyayinevi.com.tr\/index.php\/urun\/canakkale-savaslari-ve-sehitlerimizin-kunyeleri-ciltli\/","title":{"rendered":"\u00c7anakkale Sava\u015flar\u0131 ve \u015eehitlerimizin K\u00fcnyeleri (Ciltli)"},"content":{"rendered":"<p>\u00c7anakkale Cephesi, I. D\u00fcnya Sava\u015f\u0131\u2019n\u0131n en stratejik cephelerinden biridir. Bu b\u00fcy\u00fck sava\u015fta Osmanl\u0131 Devleti\u2019nin kazand\u0131\u011f\u0131 \u00fc\u00e7 cepheden biridir. Bununla birlikte, Osmanl\u0131 Devleti\u2019nin I. D\u00fcnya Sava\u015f\u0131\u2019nda b\u00fct\u00fcn\u00fcyle galip geldi\u011fi tek cephedir. \u00c7anakkale Sava\u015flar\u0131\u2019nda kazan\u0131lan zafer, T\u00fcrk Kurtulu\u015f Sava\u015f\u0131\u2019n\u0131n yolunu a\u00e7an bir geli\u015fme olmu\u015ftur. Asl\u0131nda \u00c7anakkale Sava\u015flar\u0131, T\u00fcrkiye Cumhuriyet\u2019inin kurulu\u015funa giden yolda inanc\u0131n, azmin ve gayretlerin ilham kayna\u011f\u0131 olmu\u015ftur. \u00c7anakkale Sava\u015flar\u0131; 3 Kas\u0131m 1914 tarihinde ba\u015flam\u0131\u015f, 14 ay bir hafta s\u00fcreyle devam etmi\u015f, 9 Ocak 1916 tarihine kadar s\u00fcrm\u00fc\u015ft\u00fcr. Bu s\u00fcre 433 g\u00fcne tekab\u00fcl etmektedir. Bu s\u00fcre i\u00e7inde deniz, kara ve hatta hava muhabereleri ya\u015fanm\u0131\u015ft\u0131r. \u201c\u00c7anakkale Sava\u015flar\u0131 ve \u015eehitlerimizin K\u00fcnyeleri\u201d ad\u0131n\u0131 ta\u015f\u0131yan bu \u00e7al\u0131\u015fman\u0131n ilk b\u00f6l\u00fcm\u00fcnde Prof. Dr. Enis \u015eahin\u2019in kaleme ald\u0131\u011f\u0131 \u201cA\u00e7\u0131klamal\u0131 \u00c7anakkale Sava\u015flar\u0131 Kronolojisi (03 Kas\u0131m 1914-09 Ocak 1916)\u201d adl\u0131 b\u00f6l\u00fcmde \u00c7anakkale Sava\u015flar\u0131\u2019ndaki en \u00f6nemli tarihler ve geli\u015fmeler a\u00e7\u0131klamal\u0131 olarak verilmektedir. Bu \u00e7al\u0131\u015fman\u0131n \u0130kinci B\u00f6l\u00fcm\u00fc\u2019nde \u0130\u00e7i\u015fleri Bakanl\u0131\u011f\u0131n\u0131n talebi \u00fczerine, Mill\u00ee Savunma Bakanl\u0131\u011f\u0131 Y\u00f6netim Hizmetleri Genel M\u00fcd\u00fcrl\u00fc\u011f\u00fc taraf\u0131ndan 26 Aral\u0131k 2023 tarihinde \u0130\u00e7i\u015fleri Bakanl\u0131\u011f\u0131na g\u00f6nderilen, Ar\u015fiv ve Askeri tarih Daire Ba\u015fkanl\u0131\u011f\u0131 taraf\u0131ndan y\u00fcr\u00fct\u00fclmekte olan \u201c\u015eehit Tespit Projesi\u201d kapsam\u0131nda \u00c7anakkale Cephesi\u2019nde \u015fehit d\u00fc\u015ft\u00fc\u011f\u00fc tespit edilebilen 48.873 askerimize ait k\u00fcnye bilgileri yer almaktad\u0131r. Bu bilgiler, yurt i\u00e7i i\u00e7in 81 il esas al\u0131narak yurt d\u0131\u015f\u0131nda olan yerlerde ise kay\u0131t bilgilerine g\u00f6re alfabetik bi\u00e7imde tasnif edilerek yay\u0131mlanmaktad\u0131r. <\/p>\n","protected":false},"excerpt":{"rendered":"<p>\u00c7anakkale Cephesi, I. D\u00fcnya Sava\u015f\u0131\u2019n\u0131n en stratejik cephelerinden biridir. Bu b\u00fcy\u00fck sava\u015fta Osmanl\u0131 Devleti\u2019nin kazand\u0131\u011f\u0131 \u00fc\u00e7 cepheden biridir. Bununla birlikte, Osmanl\u0131 Devleti\u2019nin I. D\u00fcnya Sava\u015f\u0131\u2019nda b\u00fct\u00fcn\u00fcyle<span class=\"excerpt-hellip\"> [\u2026]<\/span><\/p>\n","protected":false},"featured_media":0,"template":"","meta":{"_monsterinsights_skip_tracking":false,"_monsterinsights_sitenote_active":false,"_monsterinsights_sitenote_note":"","_monsterinsights_sitenote_category":0},"product_brand":[],"product_cat":[12304],"product_tag":[],"class_list":{"0":"post-761411","1":"product","2":"type-product","3":"status-publish","5":"product_cat-tarih","6":"pa_cilt-ciltli","7":"pa_tur-kitap","8":"pa_yayinevi-tiav","9":"pa_yazar-doc-dr-selim-capar-mehmet-koca","11":"first","12":"instock","13":"sale","14":"shipping-taxable","15":"purchasable","16":"product-type-simple"},"_links":{"self":[{"href":"https:\/\/roveyayinevi.com.tr\/index.php\/wp-json\/wp\/v2\/product\/761411","targetHints":{"allow":["GET"]}}],"collection":[{"href":"https:\/\/roveyayinevi.com.tr\/index.php\/wp-json\/wp\/v2\/product"}],"about":[{"href":"https:\/\/roveyayinevi.com.tr\/index.php\/wp-json\/wp\/v2\/types\/product"}],"wp:attachment":[{"href":"https:\/\/roveyayinevi.com.tr\/index.php\/wp-json\/wp\/v2\/media?parent=761411"}],"wp:term":[{"taxonomy":"product_brand","embeddable":true,"href":"https:\/\/roveyayinevi.com.tr\/index.php\/wp-json\/wp\/v2\/product_brand?post=761411"},{"taxonomy":"product_cat","embeddable":true,"href":"https:\/\/roveyayinevi.com.tr\/index.php\/wp-json\/wp\/v2\/product_cat?post=761411"},{"taxonomy":"product_tag","embeddable":true,"href":"https:\/\/roveyayinevi.com.tr\/index.php\/wp-json\/wp\/v2\/product_tag?post=761411"}],"curies":[{"name":"wp","href":"https:\/\/api.w.org\/{rel}","templated":true}]}}