{"id":761409,"date":"2025-08-28T09:36:24","date_gmt":"2025-08-28T06:36:24","guid":{"rendered":"https:\/\/roveyayinevi.com.tr\/index.php\/urun\/sosyolojik-bakis\/"},"modified":"2026-04-16T03:14:50","modified_gmt":"2026-04-16T00:14:50","slug":"sosyolojik-bakis","status":"publish","type":"product","link":"https:\/\/roveyayinevi.com.tr\/index.php\/urun\/sosyolojik-bakis\/","title":{"rendered":"Sosyolojik Bak\u0131\u015f"},"content":{"rendered":"<p>Bu kitap, \u00fcnl\u00fc sosyolog Harold Garfinkel\u2019in 1948\u2019de Harvard\u2019dayken, Amerikan akademisinde y\u00fcr\u00fct\u00fclen sosyoloji \u00e7al\u0131\u015fmalar\u0131na getirdi\u011fi sistemli ele\u015ftirilerin ilkidir. Garfinkel\u2019e g\u00f6re bu d\u00f6nemde sosyoloji \u00e7al\u0131\u015fmalar\u0131 asl\u0131nda giderek b\u00fcy\u00fcyen bir bo\u015fluk \u00fczerine in\u015fa edilmekteydi. Garfinkel\u2019in fikri ise daha ampirik ve etkile\u015fimli terimlerle yap\u0131lan fenomenolojik betimlemenin, h\u00e2kim g\u00f6r\u00fc\u015fteki eksiklikleri giderebilece\u011fi y\u00f6n\u00fcndeydi. Onun yakla\u015f\u0131m\u0131 ve toplumsal ili\u015fkilerin kavramsal ve pozitivist yorumuyla m\u00fccadelesi, elinizdeki kitapta, ileride kaleme alaca\u011f\u0131 baz\u0131 \u00e7al\u0131\u015fmalar\u0131ndan daha a\u00e7\u0131k bir \u015fekilde g\u00f6r\u00fclebilir. 1954\u2019te \u00fcnl\u00fc \u201cetnometodoloji\u201d terimini icat eden Garfinkel\u2019in Sosyolojik Bak\u0131\u015f eserinde, sonraki ku\u015fak sosyologlar\u0131 etkileyecek olan etnometodoloji teriminin kaynaklar\u0131n\u0131 buluyoruz. Edit\u00f6rl\u00fc\u011f\u00fcn\u00fc Anne Warfield Rawls\u2019un yapt\u0131\u011f\u0131 Sosyolojik Bak\u0131\u015f, sosyal teori alan\u0131nda \u00e7al\u0131\u015fan t\u00fcm akademisyenler, lisans\u00fcst\u00fc \u00f6\u011frenciler, antropoloji ve di\u011fer alanlarda \u00e7al\u0131\u015fan t\u00fcm sosyal bilimciler i\u00e7in giri\u015f niteli\u011finde ve temel okuma listesinde yer almas\u0131 gereken bir kaynak. <\/p>\n","protected":false},"excerpt":{"rendered":"<p>Bu kitap, \u00fcnl\u00fc sosyolog Harold Garfinkel\u2019in 1948\u2019de Harvard\u2019dayken, Amerikan akademisinde y\u00fcr\u00fct\u00fclen sosyoloji \u00e7al\u0131\u015fmalar\u0131na getirdi\u011fi sistemli ele\u015ftirilerin ilkidir. Garfinkel\u2019e g\u00f6re bu d\u00f6nemde sosyoloji \u00e7al\u0131\u015fmalar\u0131 asl\u0131nda giderek b\u00fcy\u00fcyen<span class=\"excerpt-hellip\"> [\u2026]<\/span><\/p>\n","protected":false},"featured_media":0,"template":"","meta":{"_monsterinsights_skip_tracking":false,"_monsterinsights_sitenote_active":false,"_monsterinsights_sitenote_note":"","_monsterinsights_sitenote_category":0},"product_brand":[],"product_cat":[13488],"product_tag":[],"class_list":{"0":"post-761409","1":"product","2":"type-product","3":"status-publish","5":"product_cat-toplum-ve-insan","6":"pa_cilt-ciltsiz","7":"pa_tur-kitap","8":"pa_yayinevi-vakifbank-kultur-yayinlari","9":"pa_yazar-harold-garfinkel","11":"first","12":"instock","13":"sale","14":"shipping-taxable","15":"purchasable","16":"product-type-simple"},"_links":{"self":[{"href":"https:\/\/roveyayinevi.com.tr\/index.php\/wp-json\/wp\/v2\/product\/761409","targetHints":{"allow":["GET"]}}],"collection":[{"href":"https:\/\/roveyayinevi.com.tr\/index.php\/wp-json\/wp\/v2\/product"}],"about":[{"href":"https:\/\/roveyayinevi.com.tr\/index.php\/wp-json\/wp\/v2\/types\/product"}],"wp:attachment":[{"href":"https:\/\/roveyayinevi.com.tr\/index.php\/wp-json\/wp\/v2\/media?parent=761409"}],"wp:term":[{"taxonomy":"product_brand","embeddable":true,"href":"https:\/\/roveyayinevi.com.tr\/index.php\/wp-json\/wp\/v2\/product_brand?post=761409"},{"taxonomy":"product_cat","embeddable":true,"href":"https:\/\/roveyayinevi.com.tr\/index.php\/wp-json\/wp\/v2\/product_cat?post=761409"},{"taxonomy":"product_tag","embeddable":true,"href":"https:\/\/roveyayinevi.com.tr\/index.php\/wp-json\/wp\/v2\/product_tag?post=761409"}],"curies":[{"name":"wp","href":"https:\/\/api.w.org\/{rel}","templated":true}]}}