{"id":761402,"date":"2025-08-28T09:36:13","date_gmt":"2025-08-28T06:36:13","guid":{"rendered":"https:\/\/roveyayinevi.com.tr\/index.php\/urun\/ozune-guven\/"},"modified":"2026-04-16T03:14:50","modified_gmt":"2026-04-16T00:14:50","slug":"ozune-guven","status":"publish","type":"product","link":"https:\/\/roveyayinevi.com.tr\/index.php\/urun\/ozune-guven\/","title":{"rendered":"\u00d6z\u00fcne G\u00fcven"},"content":{"rendered":"<p>Bu kitapta yenilenmeye, denemeye, yan\u0131lmaya, telafisi oldu\u011funu bilmeye, \u00f6\u011frenmeyi yeniden \u00f6\u011frenmeye ili\u015fkin yaz\u0131lar bulacaks\u0131n.   Bedenin, duygular\u0131n, hayallerin sana ne s\u00f6yl\u00fcyor? \u0130htiya\u00e7lar\u0131n\u0131n fark\u0131nda m\u0131s\u0131n, sahip \u00e7\u0131k\u0131yor musun? Ne\u015fene, huzuruna hizmet etmeyen, vadesi dolmu\u015f olan ne varsa hayat\u0131ndan ay\u0131klamak, solan\u0131 u\u011furlamak ve yeni tohumlar ekmek ve ya\u015fam\u0131 kutlamak nas\u0131l olurdu?   Bu alanda, unuttu\u011fumuz insanl\u0131k haklar\u0131m\u0131z\u0131 yeniden hat\u0131rlayaca\u011f\u0131z. \u00d6z\u00fcm\u00fcz\u00fc, g\u00fcc\u00fcm\u00fcz\u00fc, de\u011ferimizi ve asla yaln\u0131z ve \u00e7aresiz olmad\u0131\u011f\u0131m\u0131z\u0131 da\u2026   Yeri geldi\u011finde \u201cHakk\u0131m var\u201d diyece\u011fiz, yeri geldi\u011finde \u201cHaddim de\u011fil\u201d&#8230;   Kendi sorumluluklar\u0131m\u0131za sahip \u00e7\u0131k\u0131p \u00fcst\u00fcm\u00fcze vazife olmayan i\u015fleri ise sahiplerine iade edece\u011fiz. Sen de bu kitapta benimle birlikte, s\u0131n\u0131rlar\u0131n\u0131 belirleyip korumaya, bazen geni\u015fletip bazen daraltmaya, \u201cbu olmad\u0131 bir dahakine\u201d demeye, \u201cdaha \u00f6nce yapm\u0131\u015ft\u0131m yine yapar\u0131m\u201d demeye, cesarete, deste\u011fe, \u015fefkate, umuda, sevgiye yer a\u00e7maya, duygular\u0131n\u0131 ya\u015famaya, istediklerine ve istemediklerine sahip \u00e7\u0131kmaya, tat almaya, kutlamaya ve t\u00fcm bunlara \u201cniye olmas\u0131n\u201d demeye \u015fans verir misin? Haydi yola! <\/p>\n","protected":false},"excerpt":{"rendered":"<p>Bu kitapta yenilenmeye, denemeye, yan\u0131lmaya, telafisi oldu\u011funu bilmeye, \u00f6\u011frenmeyi yeniden \u00f6\u011frenmeye ili\u015fkin yaz\u0131lar bulacaks\u0131n. Bedenin, duygular\u0131n, hayallerin sana ne s\u00f6yl\u00fcyor? \u0130htiya\u00e7lar\u0131n\u0131n fark\u0131nda m\u0131s\u0131n, sahip \u00e7\u0131k\u0131yor musun?<span class=\"excerpt-hellip\"> [\u2026]<\/span><\/p>\n","protected":false},"featured_media":0,"template":"","meta":{"_monsterinsights_skip_tracking":false,"_monsterinsights_sitenote_active":false,"_monsterinsights_sitenote_note":"","_monsterinsights_sitenote_category":0},"product_brand":[],"product_cat":[12357],"product_tag":[],"class_list":{"0":"post-761402","1":"product","2":"type-product","3":"status-publish","5":"product_cat-psikoloji","6":"pa_cilt-ciltsiz","7":"pa_tur-kitap","8":"pa_yayinevi-psikonet-yayinlari","9":"pa_yazar-miray-sasioglu","11":"first","12":"instock","13":"sale","14":"shipping-taxable","15":"purchasable","16":"product-type-simple"},"_links":{"self":[{"href":"https:\/\/roveyayinevi.com.tr\/index.php\/wp-json\/wp\/v2\/product\/761402","targetHints":{"allow":["GET"]}}],"collection":[{"href":"https:\/\/roveyayinevi.com.tr\/index.php\/wp-json\/wp\/v2\/product"}],"about":[{"href":"https:\/\/roveyayinevi.com.tr\/index.php\/wp-json\/wp\/v2\/types\/product"}],"wp:attachment":[{"href":"https:\/\/roveyayinevi.com.tr\/index.php\/wp-json\/wp\/v2\/media?parent=761402"}],"wp:term":[{"taxonomy":"product_brand","embeddable":true,"href":"https:\/\/roveyayinevi.com.tr\/index.php\/wp-json\/wp\/v2\/product_brand?post=761402"},{"taxonomy":"product_cat","embeddable":true,"href":"https:\/\/roveyayinevi.com.tr\/index.php\/wp-json\/wp\/v2\/product_cat?post=761402"},{"taxonomy":"product_tag","embeddable":true,"href":"https:\/\/roveyayinevi.com.tr\/index.php\/wp-json\/wp\/v2\/product_tag?post=761402"}],"curies":[{"name":"wp","href":"https:\/\/api.w.org\/{rel}","templated":true}]}}