{"id":761401,"date":"2025-08-28T09:36:11","date_gmt":"2025-08-28T06:36:11","guid":{"rendered":"https:\/\/roveyayinevi.com.tr\/index.php\/urun\/sahnedeki-madun\/"},"modified":"2026-04-16T03:14:50","modified_gmt":"2026-04-16T00:14:50","slug":"sahnedeki-madun","status":"publish","type":"product","link":"https:\/\/roveyayinevi.com.tr\/index.php\/urun\/sahnedeki-madun\/","title":{"rendered":"Sahnedeki Madun"},"content":{"rendered":"<p>\u201cEdward Said\u2019in \u00e7\u0131\u011f\u0131r a\u00e7\u0131c\u0131 \u00e7al\u0131\u015fmas\u0131 Oryantalizm\u2019i izleyen tart\u0131\u015fmalar\u0131 yetkinlikle sunan bu kitab\u0131nda Duygu Kankayts\u0131n Said\u2019in oryantalist bak\u0131\u015f\u0131 ve kontrapuntal okuma y\u00f6ntemi ile inceledi\u011fi oyunlarla bu alana \u00f6nemli bir katk\u0131 sunuyor. Jale Parla ***   G\u00fcn\u00fcm\u00fcz d\u00fc\u015f\u00fcnce d\u00fcnyas\u0131nda ve sanat\u0131nda oryantalist alg\u0131n\u0131n sorgulanmas\u0131 ve yeniden \u00fcretilmesi Sahnedeki Madun\u2019un oda\u011f\u0131n\u0131 olu\u015fturuyor. Bu konudaki \u00e7al\u0131\u015fmalar\u0131n ament\u00fcs\u00fc say\u0131labilecek Fouca-ult\u2019nun bilgi-iktidar s\u00f6ylemi, Said\u2019in oryantalizm \u00e7al\u0131\u015fmalar\u0131 i\u00e7erisinde yeni bir metodoloji olu\u015ftura-rak k\u00fclt\u00fcr ve siyaset d\u00fcnyas\u0131ndaki metinleri oryantalizm g\u00f6zl\u00fc\u011f\u00fcyle okumay\u0131 teklif ediyor. Kar\u015f\u0131tl\u0131kla-r\u0131n ve s\u0131n\u0131rlar\u0131n fazlas\u0131yla artt\u0131\u011f\u0131, ekonomide oldu\u011fu gibi be\u015feri ili\u015fkilerde de bunal\u0131m\u0131n ya\u015fand\u0131\u011f\u0131, kim-lik politikalar\u0131n\u0131n ve s\u00fcrg\u00fcn psikolojisinin yeniden irdelendi\u011fi, sanat yap\u0131tlar\u0131n\u0131n hayat\u0131 sorgulad\u0131\u011f\u0131 bu s\u00fcre\u00e7te, Do\u011fu ve Bat\u0131 kavramlar\u0131n\u0131n g\u00fcn\u00fcm\u00fczdeki g\u00f6r\u00fcn\u00fcmlerini ve anlamlar\u0131n\u0131 bir kez daha ara\u015ft\u0131r-ma ihtiyac\u0131 do\u011fuyor. Bu bak\u0131\u015fla Sahnedeki Madun, \u00e7a\u011f\u0131m\u0131zda tiyatro ara\u015ft\u0131rmalar\u0131 alan\u0131ndaki \u00f6nemli konular\u0131ndan birinin, ben\u2019in ba\u015fkas\u0131na d\u00f6n\u00fc\u015ft\u00fc\u011f\u00fc, biz ve onlar ayr\u0131m\u0131n\u0131n artt\u0131\u011f\u0131, \u00f6tekinin daha bir \u00f6tekile\u015ftirildi\u011fi ve t\u00fcrde\u015fle\u015ftirmenin h\u00e2kim oldu\u011fu d\u00fcnyam\u0131zda yeniden \u00fcretilmi\u015f bir oryantalizm bi\u00e7imini ve i\u015fleyi\u015fini oyunlarda g\u00f6sterme \u00e7abas\u0131na giriyor. Sahneden salona ve hayata ta\u015f\u0131yor. <\/p>\n","protected":false},"excerpt":{"rendered":"<p>\u201cEdward Said\u2019in \u00e7\u0131\u011f\u0131r a\u00e7\u0131c\u0131 \u00e7al\u0131\u015fmas\u0131 Oryantalizm\u2019i izleyen tart\u0131\u015fmalar\u0131 yetkinlikle sunan bu kitab\u0131nda Duygu Kankayts\u0131n Said\u2019in oryantalist bak\u0131\u015f\u0131 ve kontrapuntal okuma y\u00f6ntemi ile inceledi\u011fi oyunlarla bu alana<span class=\"excerpt-hellip\"> [\u2026]<\/span><\/p>\n","protected":false},"featured_media":0,"template":"","meta":{"_monsterinsights_skip_tracking":false,"_monsterinsights_sitenote_active":false,"_monsterinsights_sitenote_note":"","_monsterinsights_sitenote_category":0},"product_brand":[],"product_cat":[12409,12408],"product_tag":[],"class_list":{"0":"post-761401","1":"product","2":"type-product","3":"status-publish","5":"product_cat-fotograf-sinema-tiyatro","6":"product_cat-sanat","7":"pa_cilt-ciltsiz","8":"pa_tur-kitap","9":"pa_yayinevi-ayrinti-yayinlari","10":"pa_yazar-duygu-kankaytsin","12":"first","13":"instock","14":"sale","15":"shipping-taxable","16":"purchasable","17":"product-type-simple"},"_links":{"self":[{"href":"https:\/\/roveyayinevi.com.tr\/index.php\/wp-json\/wp\/v2\/product\/761401","targetHints":{"allow":["GET"]}}],"collection":[{"href":"https:\/\/roveyayinevi.com.tr\/index.php\/wp-json\/wp\/v2\/product"}],"about":[{"href":"https:\/\/roveyayinevi.com.tr\/index.php\/wp-json\/wp\/v2\/types\/product"}],"wp:attachment":[{"href":"https:\/\/roveyayinevi.com.tr\/index.php\/wp-json\/wp\/v2\/media?parent=761401"}],"wp:term":[{"taxonomy":"product_brand","embeddable":true,"href":"https:\/\/roveyayinevi.com.tr\/index.php\/wp-json\/wp\/v2\/product_brand?post=761401"},{"taxonomy":"product_cat","embeddable":true,"href":"https:\/\/roveyayinevi.com.tr\/index.php\/wp-json\/wp\/v2\/product_cat?post=761401"},{"taxonomy":"product_tag","embeddable":true,"href":"https:\/\/roveyayinevi.com.tr\/index.php\/wp-json\/wp\/v2\/product_tag?post=761401"}],"curies":[{"name":"wp","href":"https:\/\/api.w.org\/{rel}","templated":true}]}}