{"id":761400,"date":"2025-08-28T09:36:10","date_gmt":"2025-08-28T06:36:10","guid":{"rendered":"https:\/\/roveyayinevi.com.tr\/index.php\/urun\/libido-zirvesi\/"},"modified":"2026-04-16T03:14:50","modified_gmt":"2026-04-16T00:14:50","slug":"libido-zirvesi","status":"publish","type":"product","link":"https:\/\/roveyayinevi.com.tr\/index.php\/urun\/libido-zirvesi\/","title":{"rendered":"Libido Zirvesi"},"content":{"rendered":"<p>Libidonuzun karbon ayak izi nedir? Bu son derece \u00f6zg\u00fcn kitapta Dominic Pettman, insan arzusu ve ekolojik krizin kar\u015f\u0131l\u0131kl\u0131 etki ve sonu\u00e7lar\u0131n\u0131 inceliyor. Pettman&#8217;\u0131n anlat\u0131s\u0131 basit ama \u015fa\u015f\u0131rt\u0131c\u0131 bir g\u00f6zleme dayan\u0131yor: D\u00fcnya n\u00fcfusu aras\u0131nda libidonun azalmas\u0131, insan cinsel d\u00fcrt\u00fcs\u00fcn\u00fcn kayb\u0131, d\u00fcnya \u00e7ap\u0131nda \u00e7evrenin tahribat\u0131n\u0131 yak\u0131ndan takip ediyor. Antroposen&#8217;in ortaya \u00e7\u0131k\u0131\u015f\u0131 erosun azalmas\u0131na, cinsel haz ile insan \u00fcremesi aras\u0131ndaki ba\u011f\u0131n zay\u0131flamas\u0131na ve dolay\u0131s\u0131yla potansiyel olarak insan neslinin t\u00fckenmesine yol a\u00e7maktad\u0131r. Birbirimizle anlaml\u0131 bir \u015fekilde ilgilenme kapasitemizin yerini huzursuz, teknolojik olarak geli\u015ftirilmi\u015f bir zombi d\u00fcrt\u00fcs\u00fc al\u0131yor. Zaman\u0131m\u0131z\u0131n \u00e7evresel krizi ayn\u0131 zamanda ve e\u015f zamanl\u0131 olarak insan \u00fcremesinin ve ki\u015filer aras\u0131 yak\u0131nl\u0131\u011f\u0131n da krizidir. Freud&#8217;un &#8216;libidinal ekonomi&#8217; dedi\u011fi \u015fey libidinal ekolojiye d\u00f6n\u00fc\u015fm\u00fc\u015ft\u00fcr.    Georges Bataille&#8217;dan Donna Haraway&#8217;e kadar \u00e7ok \u00e7e\u015fitli d\u00fc\u015f\u00fcn\u00fcrlerin \u00e7al\u0131\u015fmalar\u0131ndan yararlanan Pettman, bu geli\u015fmeyi eko-cinsellik, poliamori ve di\u011fer &#8216;libidonun ye\u015fillenmesi&#8217; vakalar\u0131na y\u00f6nelik yeni k\u00fclt\u00fcrel ilgiyle ili\u015fkilendirerek libidonun zirvesinin sonu\u00e7lar\u0131n\u0131 ara\u015ft\u0131r\u0131yor.   &#8220;Peak Libido, yirmi birinci y\u00fczy\u0131l\u0131n cinsel ekonomileri hakk\u0131nda d\u00fc\u015f\u00fcnmek i\u00e7in Petrol Zirvesi (Peak Oil) metaforunu kullanmaktan daha fazlas\u0131n\u0131 yap\u0131yor; bedensel erotik tutumlar, ge\u00e7 de olsa &#8220;ekoloji&#8221; olarak adland\u0131rd\u0131\u011f\u0131m\u0131z \u015feyi t\u00fcketmemiz, \u00e7\u0131karmam\u0131z, d\u00f6n\u00fc\u015ft\u00fcrmemiz ve yok etmemizle ayr\u0131lmaz bir \u015fekilde i\u00e7 i\u00e7e ge\u00e7mi\u015f durumda.  Azalan arzuya dair incelikli bir teoriyi cinsel metalar\u0131n k\u00fclt\u00fcrel analizleriyle birle\u015ftiren Pettman&#8217;\u0131n yirmi birinci y\u00fczy\u0131l ya\u015fam\u0131n\u0131n arzu hallerine dair anlat\u0131s\u0131 anla\u015f\u0131l\u0131r, okunabilir, e\u011flenceli, \u00f6zg\u00fcn ve d\u00fc\u015f\u00fcnd\u00fcr\u00fcc\u00fc.&#8221; Claire Colebrook, Pennsylvania Eyalet \u00dcniversitesi &#8221; <\/p>\n","protected":false},"excerpt":{"rendered":"<p>Libidonuzun karbon ayak izi nedir? Bu son derece \u00f6zg\u00fcn kitapta Dominic Pettman, insan arzusu ve ekolojik krizin kar\u015f\u0131l\u0131kl\u0131 etki ve sonu\u00e7lar\u0131n\u0131 inceliyor. Pettman&#8217;\u0131n anlat\u0131s\u0131 basit ama<span class=\"excerpt-hellip\"> [\u2026]<\/span><\/p>\n","protected":false},"featured_media":0,"template":"","meta":{"_monsterinsights_skip_tracking":false,"_monsterinsights_sitenote_active":false,"_monsterinsights_sitenote_note":"","_monsterinsights_sitenote_category":0},"product_brand":[],"product_cat":[17502,13488],"product_tag":[],"class_list":{"0":"post-761400","1":"product","2":"type-product","3":"status-publish","5":"product_cat-cinsellik","6":"product_cat-toplum-ve-insan","7":"pa_cilt-ciltsiz","8":"pa_tur-kitap","9":"pa_yayinevi-ayrinti-yayinlari","10":"pa_yazar-dominic-pettman","12":"first","13":"instock","14":"sale","15":"shipping-taxable","16":"purchasable","17":"product-type-simple"},"_links":{"self":[{"href":"https:\/\/roveyayinevi.com.tr\/index.php\/wp-json\/wp\/v2\/product\/761400","targetHints":{"allow":["GET"]}}],"collection":[{"href":"https:\/\/roveyayinevi.com.tr\/index.php\/wp-json\/wp\/v2\/product"}],"about":[{"href":"https:\/\/roveyayinevi.com.tr\/index.php\/wp-json\/wp\/v2\/types\/product"}],"wp:attachment":[{"href":"https:\/\/roveyayinevi.com.tr\/index.php\/wp-json\/wp\/v2\/media?parent=761400"}],"wp:term":[{"taxonomy":"product_brand","embeddable":true,"href":"https:\/\/roveyayinevi.com.tr\/index.php\/wp-json\/wp\/v2\/product_brand?post=761400"},{"taxonomy":"product_cat","embeddable":true,"href":"https:\/\/roveyayinevi.com.tr\/index.php\/wp-json\/wp\/v2\/product_cat?post=761400"},{"taxonomy":"product_tag","embeddable":true,"href":"https:\/\/roveyayinevi.com.tr\/index.php\/wp-json\/wp\/v2\/product_tag?post=761400"}],"curies":[{"name":"wp","href":"https:\/\/api.w.org\/{rel}","templated":true}]}}