{"id":761399,"date":"2025-08-28T09:36:09","date_gmt":"2025-08-28T06:36:09","guid":{"rendered":"https:\/\/roveyayinevi.com.tr\/index.php\/urun\/kar-desenli-ayarlanabilir-kitap-kilifi\/"},"modified":"2026-04-16T03:14:50","modified_gmt":"2026-04-16T00:14:50","slug":"kar-desenli-ayarlanabilir-kitap-kilifi","status":"publish","type":"product","link":"https:\/\/roveyayinevi.com.tr\/index.php\/urun\/kar-desenli-ayarlanabilir-kitap-kilifi\/","title":{"rendered":"Kar Desenli Ayarlanabilir Kitap K\u0131l\u0131f\u0131"},"content":{"rendered":"<p>Okuma tutkunuzu \u015f\u0131kl\u0131kla birle\u015ftirecek Kar Tanesi Desenli Su Ge\u00e7irmez ve Ayarlanabilir Kitap K\u0131l\u0131f\u0131m\u0131z, kitaplar\u0131n\u0131z\u0131 \u00e7evresel etkenlerden koruman\u0131n en estetik yolunu sunar. * Her \u00f6l\u00e7\u00fcdeki kitaba uyum sa\u011flayabilen bu inovatif k\u0131l\u0131f, ayarlanabilir yap\u0131s\u0131 sayesinde kitaplar\u0131n\u0131z\u0131n ciltlerini b\u00fck\u00fclme, y\u0131rt\u0131lma ve a\u015f\u0131nma gibi d\u0131\u015f etkilere kar\u015f\u0131 m\u00fckemmel bir \u015fekilde muhafaza eder. * \u0130ster kal\u0131n roman, ister ince \u015fiir kitab\u0131, ebat\u0131 ne olursa olsun, sayfa aparat\u0131 sayesinde kolayca ayarlayabilirsiniz. Su ge\u00e7irmez \u00f6zelli\u011fiyle ya\u011fmurlu g\u00fcnlerde dahi kitaplar\u0131n\u0131z\u0131 kuru ve g\u00fcvende tutan bu k\u0131l\u0131f, \u00f6zellikle yo\u011fun tempolu ya\u015fam\u0131 olanlar i\u00e7in b\u00fcy\u00fck bir kolayl\u0131k sa\u011flar. * \u00d6zellikler:  &#8211; Su ge\u00e7irmez ve dayan\u0131kl\u0131 kuma\u015f  &#8211; Temizli\u011fi kolay, y\u0131kanabilir. &#8211; Ayarlanabilir yap\u0131s\u0131yla her kal\u0131nl\u0131ktaki kitaba uyum sa\u011flar  &#8211; Canl\u0131 ve kal\u0131c\u0131 tasar\u0131m  &#8211; Kolay kullan\u0131m ve ta\u015f\u0131nabilirlik  &#8211; Uzun \u00f6m\u00fcrl\u00fc ve kaliteli bask\u0131 &#8211; Bu benzersiz kitap k\u0131l\u0131f\u0131, seyahatte, evde, okulda ya da ofiste, bir kitab\u0131 korumak ve ta\u015f\u0131mak isteyen herkes i\u00e7in idealdir. &#8211; Hem g\u00f6z al\u0131c\u0131 tasar\u0131m\u0131 hem de fonksiyonel yap\u0131s\u0131yla kitap dostlar\u0131n\u0131n vazge\u00e7ilmezi olmaya aday bu e\u015fsiz \u00fcr\u00fcn, kitap severlerin ihtiya\u00e7lar\u0131 d\u00fc\u015f\u00fcn\u00fclerek \u00f6zel olarak tasarlanm\u0131\u015ft\u0131r. &#8211; H\u0131zl\u0131 ve pratik kullan\u0131m\u0131, \u015f\u0131kl\u0131\u011f\u0131 ve y\u00fcksek koruma \u00f6zellikleriyle kitaplar\u0131n\u0131z i\u00e7in m\u00fckemmel bir aksesuard\u0131r. Kitap okuman\u0131n keyfini bu \u00e7i\u00e7ek desenli su ge\u00e7irmez ayarlanabilir kitap k\u0131l\u0131f\u0131 ile \u00e7\u0131kar\u0131n ve okuma deneyiminizi bir \u00fcst seviyeye ta\u015f\u0131y\u0131n. &#8211; Kar tanesi desenleriyle bezenmi\u015f bir y\u00fczeye sahip bu kitap k\u0131l\u0131f\u0131, do\u011fan\u0131n esteti\u011fini g\u00fcnl\u00fck hayat\u0131n\u0131za ta\u015f\u0131rken, suya ve lekeye kar\u015f\u0131 dayan\u0131kl\u0131 malzemesiyle uzun \u00f6m\u00fcrl\u00fc kullan\u0131m\u0131 garanti eder. Kullan\u0131lan kaliteli bask\u0131 teknolojisi sayesinde desenlerin renkleri canl\u0131l\u0131\u011f\u0131n\u0131 uzun s\u00fcre korurken, stil sahibi g\u00f6r\u00fcn\u00fcm\u00fcyle herhangi bir ortamda dikkat \u00e7eker. &#8211; Hediye kitap k\u0131l\u0131f\u0131 olarak \u00e7ok g\u00fczel bir kitap aksesuar hediyesi alternatifidir. &#8211; Kitaplar\u0131n\u0131z\u0131 koruman\u0131n yan\u0131 s\u0131ra onlar\u0131 bir aksesuara d\u00f6n\u00fc\u015ft\u00fcrecek \u00d6zel \u00dcretim \u00c7i\u00e7ek Desenli Su Ge\u00e7irmez Ayarlanabilir Kitap K\u0131l\u0131f\u0131 ile tan\u0131\u015f\u0131n. Bug\u00fcn sipari\u015f verin, kitaplar\u0131n\u0131z\u0131 y\u0131pratmadan \u015f\u0131kl\u0131kla ta\u015f\u0131man\u0131n keyfini ya\u015fay\u0131n!<\/p>\n","protected":false},"excerpt":{"rendered":"<p>Okuma tutkunuzu \u015f\u0131kl\u0131kla birle\u015ftirecek Kar Tanesi Desenli Su Ge\u00e7irmez ve Ayarlanabilir Kitap K\u0131l\u0131f\u0131m\u0131z, kitaplar\u0131n\u0131z\u0131 \u00e7evresel etkenlerden koruman\u0131n en estetik yolunu sunar. * Her \u00f6l\u00e7\u00fcdeki kitaba uyum<span class=\"excerpt-hellip\"> [\u2026]<\/span><\/p>\n","protected":false},"featured_media":0,"template":"","meta":{"_monsterinsights_skip_tracking":false,"_monsterinsights_sitenote_active":false,"_monsterinsights_sitenote_note":"","_monsterinsights_sitenote_category":0},"product_brand":[],"product_cat":[15563],"product_tag":[],"class_list":{"0":"post-761399","1":"product","2":"type-product","3":"status-publish","5":"product_cat-hobi","6":"pa_cilt-ciltsiz","7":"pa_tur-kitap10","8":"pa_yayinevi-tsugame-kitap","9":"pa_yazar-kolektif","11":"first","12":"instock","13":"sale","14":"shipping-taxable","15":"purchasable","16":"product-type-simple"},"_links":{"self":[{"href":"https:\/\/roveyayinevi.com.tr\/index.php\/wp-json\/wp\/v2\/product\/761399","targetHints":{"allow":["GET"]}}],"collection":[{"href":"https:\/\/roveyayinevi.com.tr\/index.php\/wp-json\/wp\/v2\/product"}],"about":[{"href":"https:\/\/roveyayinevi.com.tr\/index.php\/wp-json\/wp\/v2\/types\/product"}],"wp:attachment":[{"href":"https:\/\/roveyayinevi.com.tr\/index.php\/wp-json\/wp\/v2\/media?parent=761399"}],"wp:term":[{"taxonomy":"product_brand","embeddable":true,"href":"https:\/\/roveyayinevi.com.tr\/index.php\/wp-json\/wp\/v2\/product_brand?post=761399"},{"taxonomy":"product_cat","embeddable":true,"href":"https:\/\/roveyayinevi.com.tr\/index.php\/wp-json\/wp\/v2\/product_cat?post=761399"},{"taxonomy":"product_tag","embeddable":true,"href":"https:\/\/roveyayinevi.com.tr\/index.php\/wp-json\/wp\/v2\/product_tag?post=761399"}],"curies":[{"name":"wp","href":"https:\/\/api.w.org\/{rel}","templated":true}]}}