{"id":761396,"date":"2025-08-28T09:36:05","date_gmt":"2025-08-28T06:36:05","guid":{"rendered":"https:\/\/roveyayinevi.com.tr\/index.php\/urun\/can-3\/"},"modified":"2026-04-16T03:14:50","modified_gmt":"2026-04-16T00:14:50","slug":"can-3","status":"publish","type":"product","link":"https:\/\/roveyayinevi.com.tr\/index.php\/urun\/can-3\/","title":{"rendered":"\u00c7an"},"content":{"rendered":"<p>Dora Greenfield kocas\u0131n\u0131 terk etti \u00e7\u00fcnk\u00fc ondan korkuyordu. Alt\u0131 ay sonra ise ayn\u0131 sebepten ona geri d\u00f6nmeye karar verdi. Olmayan Paul, mektuplar, \u00e7alan telefonlar ve merdivenlerdeki hayali ayak sesleriyle Dora\u2019ya dadanarak daha b\u00fcy\u00fck bir eziyete d\u00f6n\u00fc\u015fmeye ba\u015flam\u0131\u015ft\u0131. Dora kendisini su\u00e7lu hissediyordu, su\u00e7luluk duygusu da beraberinde korkuyu getirdi. En sonunda Paul\u2019\u00fcn varl\u0131\u011f\u0131n\u0131n sebep oldu\u011fu zulm\u00fcn, yoklu\u011funun sebep oldu\u011fu zulme ye\u011f oldu\u011funa h\u00fckmetti.   Iris Murdoch 1958 y\u0131l\u0131nda yay\u0131mlanan d\u00f6rd\u00fcnc\u00fc roman\u0131 \u00c7an\u2019da roman ki\u015filerinin i\u00e7sel hesapla\u015fmalar\u0131 ve kar\u015f\u0131l\u0131kl\u0131 ili\u015fkileri \u00fczerinden ahlak, maneviyat, \u00f6zg\u00fcrl\u00fck, evlilik, cinsellik gibi temalar\u0131 masaya yat\u0131r\u0131r. Romandaki e\u015fcinsel karakterler arac\u0131l\u0131\u011f\u0131yla, 1950\u2019ler gibi erken bir d\u00f6nemde konuyu k\u0131nay\u0131c\u0131 olmaktan uzak bir tonda ele al\u0131r.    Hik\u00e2ye, kilise d\u0131\u015f\u0131 bir dini topluluk \u00fcyeleriyle, gruba ge\u00e7ici olarak dahil olan bir grup yabanc\u0131n\u0131n birbirleriyle olan karma\u015f\u0131k ili\u015fkiler a\u011f\u0131na odaklan\u0131r. D\u0131\u015f d\u00fcnyayla ba\u011flar\u0131n\u0131 koparmadan dini ya\u015fam\u0131n nimetlerinden yararlanmak isteyen topluluk \u00fcyeleri, aralar\u0131na yabanc\u0131lar\u0131n kar\u0131\u015fmas\u0131yla ciddi bir s\u0131navdan ge\u00e7erler. Civardaki g\u00f6lde orta \u00e7a\u011fdan kalma bir \u00e7an\u0131n tesad\u00fcfen bulunmas\u0131yla, zaten pamuk ipli\u011fine ba\u011fl\u0131 bu ili\u015fkiler kal\u0131c\u0131 bir darbe al\u0131r. Romandaki karakterler d\u0131\u015f d\u00fcnyadan ka\u00e7arak inzivaya \u00e7ekilmeyi ve maneviyata y\u00f6nelmeyi ba\u015faramazlar zira ge\u00e7mi\u015ften gelen sorunlar\u0131 ve k\u0131r\u0131lganl\u0131klar\u0131 pe\u015flerini b\u0131rakmaz.    <\/p>\n","protected":false},"excerpt":{"rendered":"<p>Dora Greenfield kocas\u0131n\u0131 terk etti \u00e7\u00fcnk\u00fc ondan korkuyordu. Alt\u0131 ay sonra ise ayn\u0131 sebepten ona geri d\u00f6nmeye karar verdi. Olmayan Paul, mektuplar, \u00e7alan telefonlar ve merdivenlerdeki<span class=\"excerpt-hellip\"> [\u2026]<\/span><\/p>\n","protected":false},"featured_media":0,"template":"","meta":{"_monsterinsights_skip_tracking":false,"_monsterinsights_sitenote_active":false,"_monsterinsights_sitenote_note":"","_monsterinsights_sitenote_category":0},"product_brand":[],"product_cat":[12291],"product_tag":[],"class_list":{"0":"post-761396","1":"product","2":"type-product","3":"status-publish","5":"product_cat-edebiyat","6":"pa_cilt-ciltsiz","7":"pa_tur-kitap","8":"pa_yayinevi-ayrinti-yayinlari","9":"pa_yazar-iris-murdoch","11":"first","12":"instock","13":"sale","14":"shipping-taxable","15":"purchasable","16":"product-type-simple"},"_links":{"self":[{"href":"https:\/\/roveyayinevi.com.tr\/index.php\/wp-json\/wp\/v2\/product\/761396","targetHints":{"allow":["GET"]}}],"collection":[{"href":"https:\/\/roveyayinevi.com.tr\/index.php\/wp-json\/wp\/v2\/product"}],"about":[{"href":"https:\/\/roveyayinevi.com.tr\/index.php\/wp-json\/wp\/v2\/types\/product"}],"wp:attachment":[{"href":"https:\/\/roveyayinevi.com.tr\/index.php\/wp-json\/wp\/v2\/media?parent=761396"}],"wp:term":[{"taxonomy":"product_brand","embeddable":true,"href":"https:\/\/roveyayinevi.com.tr\/index.php\/wp-json\/wp\/v2\/product_brand?post=761396"},{"taxonomy":"product_cat","embeddable":true,"href":"https:\/\/roveyayinevi.com.tr\/index.php\/wp-json\/wp\/v2\/product_cat?post=761396"},{"taxonomy":"product_tag","embeddable":true,"href":"https:\/\/roveyayinevi.com.tr\/index.php\/wp-json\/wp\/v2\/product_tag?post=761396"}],"curies":[{"name":"wp","href":"https:\/\/api.w.org\/{rel}","templated":true}]}}