{"id":761395,"date":"2025-08-28T09:36:04","date_gmt":"2025-08-28T06:36:04","guid":{"rendered":"https:\/\/roveyayinevi.com.tr\/index.php\/urun\/aslinda-ne-yiyoruz-nasil-yiyoruz\/"},"modified":"2026-04-16T03:14:50","modified_gmt":"2026-04-16T00:14:50","slug":"aslinda-ne-yiyoruz-nasil-yiyoruz","status":"publish","type":"product","link":"https:\/\/roveyayinevi.com.tr\/index.php\/urun\/aslinda-ne-yiyoruz-nasil-yiyoruz\/","title":{"rendered":"Asl\u0131nda Ne Yiyoruz, Nas\u0131l Yiyoruz?"},"content":{"rendered":"<p>Modern \u00e7a\u011f\u0131n \u00e7\u0131\u011f\u0131r a\u00e7an ahlak felsefesi filozoflar\u0131ndan Peter Singer, bu kez sat\u0131n ald\u0131\u011f\u0131m\u0131z ve t\u00fcketti\u011fimiz yiyecekler konusunu ele al\u0131yor ve son derece m\u00fchim sorular soruyor: Yediklerimiz nereden geliyor, nas\u0131l \u00fcretiliyor ve insanc\u0131l bir \u015fekilde yeti\u015ftiriliyor mu? Birlikte yazd\u0131klar\u0131 Hayvan Fabrikalar\u0131\u2019n\u0131n ard\u0131ndan yeniden bir araya gelen Peter Singer ve Jim Mason, yiyecek tercihlerimizin insanlar, hayvanlar ve \u00e7evre \u00fczerindeki etkilerini ara\u015ft\u0131rmak i\u00e7in sars\u0131c\u0131 bir ser\u00fcvene \u00e7\u0131k\u0131yor.   Singer ve Mason, bu ser\u00fcvene beslenme \u015fekilleri birbirinden tamamen farkl\u0131 \u00fc\u00e7 Amerikal\u0131 ailenin yeme al\u0131\u015fkanl\u0131klar\u0131n\u0131 inceleyerek ba\u015fl\u0131yor ve t\u00fckettikleri yiyeceklerin kayna\u011f\u0131na giderek, \u00fcretim ve pazarlama a\u015famalar\u0131nda g\u00fcndeme gelen ahlaki meseleleri irdeliyor. Sat\u0131n ald\u0131\u011f\u0131m\u0131z \u00fcr\u00fcnlerdeki \u201cOrganik\u201d ve \u201cAdil Ticaret\u201d gibi etiketlerin ge\u00e7erlili\u011fini ara\u015ft\u0131r\u0131rken, tesislerdeki i\u015f\u00e7ilerin \u00e7al\u0131\u015fma ko\u015fullar\u0131n\u0131 g\u00f6zler \u00f6n\u00fcne seriyor.   Asl\u0131nda Ne Yiyoruz, Nas\u0131l Yiyoruz, organik \u00e7ift\u00e7ilik, adil ticaret, fabrika \u00e7ift\u00e7ili\u011fi ve ticari bal\u0131k\u00e7\u0131l\u0131k gibi meseleleri t\u00fcm ayr\u0131nt\u0131lar\u0131yla ele al\u0131rken; s\u00fcrd\u00fcr\u00fclebilirli\u011fin karma\u015f\u0131k dinami\u011fi, geneti\u011fi de\u011fi\u015ftirilmi\u015f organizmalar \u00fczerine s\u00fcregelen tart\u0131\u015fmalar ve yerel al\u0131\u015fveri\u015f gibi konular\u0131n art\u0131lar\u0131n\u0131 ve eksilerini de\u011ferlendiriyor. Herkesin vejetaryen olmayaca\u011f\u0131n\u0131n fark\u0131nda olan Singer ve Mason, yine de be\u015f basit ilkeyle bizlere sa\u011fl\u0131kl\u0131 ve daha insani se\u00e7imler yapabilmenin yollar\u0131n\u0131 g\u00f6steriyor. <\/p>\n","protected":false},"excerpt":{"rendered":"<p>Modern \u00e7a\u011f\u0131n \u00e7\u0131\u011f\u0131r a\u00e7an ahlak felsefesi filozoflar\u0131ndan Peter Singer, bu kez sat\u0131n ald\u0131\u011f\u0131m\u0131z ve t\u00fcketti\u011fimiz yiyecekler konusunu ele al\u0131yor ve son derece m\u00fchim sorular soruyor: Yediklerimiz<span class=\"excerpt-hellip\"> [\u2026]<\/span><\/p>\n","protected":false},"featured_media":0,"template":"","meta":{"_monsterinsights_skip_tracking":false,"_monsterinsights_sitenote_active":false,"_monsterinsights_sitenote_note":"","_monsterinsights_sitenote_category":0},"product_brand":[],"product_cat":[12364],"product_tag":[],"class_list":{"0":"post-761395","1":"product","2":"type-product","3":"status-publish","5":"product_cat-genel-konular","6":"pa_cilt-ciltsiz","7":"pa_tur-kitap","8":"pa_yayinevi-ayrinti-yayinlari","9":"pa_yazar-peter-singer-jim-mason","11":"first","12":"instock","13":"sale","14":"shipping-taxable","15":"purchasable","16":"product-type-simple"},"_links":{"self":[{"href":"https:\/\/roveyayinevi.com.tr\/index.php\/wp-json\/wp\/v2\/product\/761395","targetHints":{"allow":["GET"]}}],"collection":[{"href":"https:\/\/roveyayinevi.com.tr\/index.php\/wp-json\/wp\/v2\/product"}],"about":[{"href":"https:\/\/roveyayinevi.com.tr\/index.php\/wp-json\/wp\/v2\/types\/product"}],"wp:attachment":[{"href":"https:\/\/roveyayinevi.com.tr\/index.php\/wp-json\/wp\/v2\/media?parent=761395"}],"wp:term":[{"taxonomy":"product_brand","embeddable":true,"href":"https:\/\/roveyayinevi.com.tr\/index.php\/wp-json\/wp\/v2\/product_brand?post=761395"},{"taxonomy":"product_cat","embeddable":true,"href":"https:\/\/roveyayinevi.com.tr\/index.php\/wp-json\/wp\/v2\/product_cat?post=761395"},{"taxonomy":"product_tag","embeddable":true,"href":"https:\/\/roveyayinevi.com.tr\/index.php\/wp-json\/wp\/v2\/product_tag?post=761395"}],"curies":[{"name":"wp","href":"https:\/\/api.w.org\/{rel}","templated":true}]}}