{"id":761394,"date":"2025-08-28T09:36:02","date_gmt":"2025-08-28T06:36:02","guid":{"rendered":"https:\/\/roveyayinevi.com.tr\/index.php\/urun\/cikma-teklifi-geri-gelsin\/"},"modified":"2026-04-03T03:18:40","modified_gmt":"2026-04-03T00:18:40","slug":"cikma-teklifi-geri-gelsin","status":"publish","type":"product","link":"https:\/\/roveyayinevi.com.tr\/index.php\/urun\/cikma-teklifi-geri-gelsin\/","title":{"rendered":"\u00c7\u0131kma Teklifi Geri Gelsin"},"content":{"rendered":"<p>EL ELE PART\u0130S\u0130N\u0130N BA\u015eKANI KONU\u015eUYOR:   Eyyy benim \u00e2\u015f\u0131k olmaktan usanmayan, date\u2019ten date\u2019e ko\u015fan, her datenini sevgilisi yapmak isteyen umudu bitmek t\u00fckenmek bilmeyen ama tak\u0131lmaktan da \u00f6teye gidemeyen g\u00fczel karde\u015fim, fl\u00f6rtler art\u0131k el ele gezecek,  utanmadan, \u00e7ekinmeden \u201cO benim sevgilim,\u201d diyecek, foto\u011fraf payla\u015facak, sosyal medya biyografisine bas\u0327 harfini yazacak. \u0130smini koluna d\u00f6vme olarak yapt\u0131racak Sana and\u0131m\u0131z olsun: \u00c7\u0131kma teklifini geri getirece\u011fiz.   Ba\u015fta \u00c7ocuklar Duymas\u0131n ve Seksenler gibi \u00e7ok\u00e7a izlenen ve unutulmayan televizyon dizileri olmak \u00fczere, pek \u00e7ok ba\u015far\u0131l\u0131 \u00e7al\u0131\u015fmada yer alan senarist Deniz G\u00f6k, \u00c7\u0131kma Teklifi Geri Gelsin ad\u0131n\u0131 verdi\u011fi ilk roman\u0131nda modern zamanlar\u0131n tela\u015f\u0131na ve yo\u011funlu\u011funa yenik d\u00fc\u015fen romantik ili\u015fkilerin yerini alan toksik ili\u015fkileri, fl\u00f6rt a\u015famas\u0131n\u0131 bir t\u00fcrl\u00fc sevgililik mertebesine \u00e7\u0131karmayan ve hatta olan sevgilisini bile herkesten saklayan erkolar\u0131, Instagram sayfalar\u0131nda foto\u011fraf payla\u015fmaktan uzak duran er ki\u015fileri masaya yat\u0131r\u0131yor ve Allah\u2019\u0131n belas\u0131 tak\u0131lmay\u0131 kim bulduysa onun anas\u0131na babas\u0131na s\u00f6v\u00fcyor. Yok yok s\u00f6vmek yok, ne\u015feli ne\u015feli s\u00f6yleniyor diyelim. Ya da yazar tak\u0131lmay\u0131 konforlu bulan erkolar\u0131 anlat\u0131rken ustal\u0131kl\u0131 hiciv sanat\u0131n\u0131 konu\u015fturuyor, ba\u015f karakteri Melodi Mermerci dahil buna \u00e7anak tutan kad\u0131nlar da bundan biraz nasibini al\u0131yor da diyebiliriz, kibarca\u2026   Sevdi\u011fini ve sevildi\u011fini zannetti\u011fi adam\u0131 bir gece ans\u0131z\u0131n terk eden Melodi Mermerci\u2019nin ve onun en yak\u0131n arkada\u015f grubunun ya\u015fad\u0131klar\u0131 \u00fczerinden ilerleyen roman, okurken kahkahalara bo\u011facak, ge\u00e7mi\u015f ve mevcut ili\u015fkilerinizi sorgulatacak ve en nihayetinde sizi de bu grubun bir par\u00e7as\u0131 yapacak. <\/p>\n","protected":false},"excerpt":{"rendered":"<p>EL ELE PART\u0130S\u0130N\u0130N BA\u015eKANI KONU\u015eUYOR: Eyyy benim \u00e2\u015f\u0131k olmaktan usanmayan, date\u2019ten date\u2019e ko\u015fan, her datenini sevgilisi yapmak isteyen umudu bitmek t\u00fckenmek bilmeyen ama tak\u0131lmaktan da \u00f6teye<span class=\"excerpt-hellip\"> [\u2026]<\/span><\/p>\n","protected":false},"featured_media":0,"template":"","meta":{"_monsterinsights_skip_tracking":false,"_monsterinsights_sitenote_active":false,"_monsterinsights_sitenote_note":"","_monsterinsights_sitenote_category":0},"product_brand":[],"product_cat":[12291,12711],"product_tag":[],"class_list":{"0":"post-761394","1":"product","2":"type-product","3":"status-publish","5":"product_cat-edebiyat","6":"product_cat-roman-oyku","7":"pa_cilt-ciltsiz","8":"pa_tur-kitap","9":"pa_yayinevi-dusbaz-kitaplar","10":"pa_yazar-deniz-gok","12":"first","13":"instock","14":"sale","15":"shipping-taxable","16":"purchasable","17":"product-type-simple"},"_links":{"self":[{"href":"https:\/\/roveyayinevi.com.tr\/index.php\/wp-json\/wp\/v2\/product\/761394","targetHints":{"allow":["GET"]}}],"collection":[{"href":"https:\/\/roveyayinevi.com.tr\/index.php\/wp-json\/wp\/v2\/product"}],"about":[{"href":"https:\/\/roveyayinevi.com.tr\/index.php\/wp-json\/wp\/v2\/types\/product"}],"wp:attachment":[{"href":"https:\/\/roveyayinevi.com.tr\/index.php\/wp-json\/wp\/v2\/media?parent=761394"}],"wp:term":[{"taxonomy":"product_brand","embeddable":true,"href":"https:\/\/roveyayinevi.com.tr\/index.php\/wp-json\/wp\/v2\/product_brand?post=761394"},{"taxonomy":"product_cat","embeddable":true,"href":"https:\/\/roveyayinevi.com.tr\/index.php\/wp-json\/wp\/v2\/product_cat?post=761394"},{"taxonomy":"product_tag","embeddable":true,"href":"https:\/\/roveyayinevi.com.tr\/index.php\/wp-json\/wp\/v2\/product_tag?post=761394"}],"curies":[{"name":"wp","href":"https:\/\/api.w.org\/{rel}","templated":true}]}}