{"id":761393,"date":"2025-08-28T09:36:00","date_gmt":"2025-08-28T06:36:00","guid":{"rendered":"https:\/\/roveyayinevi.com.tr\/index.php\/urun\/bir-atomun-yasami\/"},"modified":"2026-04-16T03:14:50","modified_gmt":"2026-04-16T00:14:50","slug":"bir-atomun-yasami","status":"publish","type":"product","link":"https:\/\/roveyayinevi.com.tr\/index.php\/urun\/bir-atomun-yasami\/","title":{"rendered":"Bir Atomun Ya\u015fam\u0131"},"content":{"rendered":"<p>Bu, tarihin de tarihidir: Maddesiz ve hi\u00e7bir ya\u015fam belirtisi olmayan so\u011fuk ve sonsuz bir uzay bo\u015flu\u011fundan gu\u0308nu\u0308mu\u0308zdeki galaksilere, milyarlarca y\u0131ld\u0131z ve gezegene kadar uzan\u0131r. Yeryu\u0308zu\u0308ndeki ya\u015fam\u0131n nas\u0131l ba\u015flad\u0131\u011f\u0131 bak\u0131\u015f a\u00e7\u0131n\u0131za g\u00f6re bir tesadu\u0308f ya da beklenmedik bir olay olabilir. Bu kitap, i\u015fte bunun u\u0308zerine bir anlat\u0131d\u0131r. Evrenin 14 milyar y\u0131ll\u0131k ya\u015fam\u0131n\u0131n tarihini insani kelimelerle anlatmak \u00e7etin bir g\u00f6rev olurdu. Bu g\u00f6rev Homo tu\u0308ru\u0308nu\u0308n temsilcisine, insana m\u0131 emanet edilmeliydi? Zira insanlar\u0131n tarif edilemeyecek \u00f6l\u00e7u\u0308de \u00f6n yarg\u0131l\u0131 ve tarafl\u0131 olabildi\u011fini tarih de do\u011fruluyor. \u00d6yleyse bu hik\u00e2yeyi \u201cBen oradayd\u0131m!\u201d ve \u201cOrada olaca\u011f\u0131m!\u201d diyenin yak\u0131n \u015fahitli\u011finin gu\u0308cu\u0308yle, her zaman ve her ko\u015fulda fizik kurallar\u0131na uyan, duygular\u0131n\u0131n esiri olmayan tarafs\u0131z bir atomun anlatmas\u0131 daha iyi olacakt\u0131r. Bir hidrojen atomu olan Ku\u0308\u00e7u\u0308k Pio, bunu ba\u015fard\u0131: K\u00e2h duygulanarak k\u00e2h heyecanlanarak Bu\u0308yu\u0308k Patlaman\u0131n kaotik, s\u0131cak ve yo\u011fun ilk dakikalar\u0131ndan di\u011fer atomlarla kurdu\u011fu ba\u011flara kadar hayat\u0131n\u0131n en \u00f6nemli anlar\u0131n\u0131 bu sayfalarda anlat\u0131yor. E\u011flenirken \u00f6\u011frenmek isteyen merakl\u0131 \u00e7ocuklar ve \u00e7ocuklar\u0131yla ke\u015ffederken heyecanlanmak isteyen yeti\u015fkinler i\u00e7in tamamen s\u0131ra d\u0131\u015f\u0131 bir karakterin otobiyografisi. \u201cBilime e\u011flenceli bir yakla\u015f\u0131mla dokunan s\u00fcr\u00fckleyici bir kitap.\u201d Margherita Hack <\/p>\n","protected":false},"excerpt":{"rendered":"<p>Bu, tarihin de tarihidir: Maddesiz ve hi\u00e7bir ya\u015fam belirtisi olmayan so\u011fuk ve sonsuz bir uzay bo\u015flu\u011fundan gu\u0308nu\u0308mu\u0308zdeki galaksilere, milyarlarca y\u0131ld\u0131z ve gezegene kadar uzan\u0131r. Yeryu\u0308zu\u0308ndeki ya\u015fam\u0131n<span class=\"excerpt-hellip\"> [\u2026]<\/span><\/p>\n","protected":false},"featured_media":0,"template":"","meta":{"_monsterinsights_skip_tracking":false,"_monsterinsights_sitenote_active":false,"_monsterinsights_sitenote_note":"","_monsterinsights_sitenote_category":0},"product_brand":[],"product_cat":[13829,12274],"product_tag":[],"class_list":{"0":"post-761393","1":"product","2":"type-product","3":"status-publish","5":"product_cat-bilimsel-kitaplar","6":"product_cat-cocuk-ve-genclik-kitaplari","7":"pa_cilt-ciltsiz","8":"pa_tur-kitap","9":"pa_yayinevi-dinozor-cocuk","10":"pa_yazar-luca-sciortino","12":"first","13":"instock","14":"sale","15":"shipping-taxable","16":"purchasable","17":"product-type-simple"},"_links":{"self":[{"href":"https:\/\/roveyayinevi.com.tr\/index.php\/wp-json\/wp\/v2\/product\/761393","targetHints":{"allow":["GET"]}}],"collection":[{"href":"https:\/\/roveyayinevi.com.tr\/index.php\/wp-json\/wp\/v2\/product"}],"about":[{"href":"https:\/\/roveyayinevi.com.tr\/index.php\/wp-json\/wp\/v2\/types\/product"}],"wp:attachment":[{"href":"https:\/\/roveyayinevi.com.tr\/index.php\/wp-json\/wp\/v2\/media?parent=761393"}],"wp:term":[{"taxonomy":"product_brand","embeddable":true,"href":"https:\/\/roveyayinevi.com.tr\/index.php\/wp-json\/wp\/v2\/product_brand?post=761393"},{"taxonomy":"product_cat","embeddable":true,"href":"https:\/\/roveyayinevi.com.tr\/index.php\/wp-json\/wp\/v2\/product_cat?post=761393"},{"taxonomy":"product_tag","embeddable":true,"href":"https:\/\/roveyayinevi.com.tr\/index.php\/wp-json\/wp\/v2\/product_tag?post=761393"}],"curies":[{"name":"wp","href":"https:\/\/api.w.org\/{rel}","templated":true}]}}