{"id":761392,"date":"2025-08-28T09:35:58","date_gmt":"2025-08-28T06:35:58","guid":{"rendered":"https:\/\/roveyayinevi.com.tr\/index.php\/urun\/odamda-kafka\/"},"modified":"2026-01-30T03:53:46","modified_gmt":"2026-01-30T00:53:46","slug":"odamda-kafka","status":"publish","type":"product","link":"https:\/\/roveyayinevi.com.tr\/index.php\/urun\/odamda-kafka\/","title":{"rendered":"Odamda Kafka"},"content":{"rendered":"<p>\u00d6yk\u00fcle\u015fen bir gecenin karanl\u0131k s\u0131rr\u0131 gibiyiz. San\u0131r\u0131m, telgraflar birbirinden farkl\u0131 d\u00fczlemlerde. Biz k\u0131r\u0131lan bir deniz hatt\u0131n\u0131n gerisinden izliyoruz zaman\u0131. Terleyen bir \u00fclkede kan y\u00fcr\u00fcy\u00fc\u015flerinin rap raplar\u0131 var. \u00d6ld\u00fcr\u00fcn gitsinler, diye yalvar\u0131yorum Tanr\u0131&#8217;n\u0131n ordular\u0131na. Tevrat&#8217;\u0131 ve Furkan&#8217;\u0131 elimden d\u00fc\u015f\u00fcrmeden&#8230; Yere e\u011filen bir g\u00f6k istemem ben. G\u00f6k; insanlarca, insanl\u0131k\u00e7a ve insanca boyanmal\u0131. Dillerin \u00f6l\u00fcm\u00fcn co\u011frafyas\u0131nda yeri yok bence. Senden ge\u00e7en bir g\u00fczerg\u00e2hta ba\u015flang\u0131\u00e7taki s\u00f6z oluyorum. Onuruma el basarak at\u0131yorum denizlere par\u015f\u00f6menleri.   Bir gecede ay\u0131klan\u0131yor radyo dalgalar\u0131, Evreni geni\u015fleten atom bozucular\u0131n ellerinden. Tohumlar bir bir s\u00f6k\u00fcl\u00fcyor Tanr\u0131 ordular\u0131nca.   Telgraftan akan kan sesleri bizde co\u011frafyaya yay\u0131ld\u0131k\u00e7a, K\u00fcstah emperyaller&#8230;   Ben ayr\u0131l\u0131yorum k\u00fcsk\u00fcn odam\u0131n sisli gelece\u011finden. <\/p>\n","protected":false},"excerpt":{"rendered":"<p>\u00d6yk\u00fcle\u015fen bir gecenin karanl\u0131k s\u0131rr\u0131 gibiyiz. San\u0131r\u0131m, telgraflar birbirinden farkl\u0131 d\u00fczlemlerde. Biz k\u0131r\u0131lan bir deniz hatt\u0131n\u0131n gerisinden izliyoruz zaman\u0131. Terleyen bir \u00fclkede kan y\u00fcr\u00fcy\u00fc\u015flerinin rap raplar\u0131<span class=\"excerpt-hellip\"> [\u2026]<\/span><\/p>\n","protected":false},"featured_media":0,"template":"","meta":{"_monsterinsights_skip_tracking":false,"_monsterinsights_sitenote_active":false,"_monsterinsights_sitenote_note":"","_monsterinsights_sitenote_category":0},"product_brand":[],"product_cat":[12291,12509],"product_tag":[],"class_list":{"0":"post-761392","1":"product","2":"type-product","3":"status-publish","5":"product_cat-edebiyat","6":"product_cat-siir","7":"pa_cilt-ciltsiz","8":"pa_tur-kitap","9":"pa_yayinevi-vova-yayinlari","10":"pa_yazar-gokhan-izci","12":"first","13":"instock","14":"sale","15":"shipping-taxable","16":"purchasable","17":"product-type-simple"},"_links":{"self":[{"href":"https:\/\/roveyayinevi.com.tr\/index.php\/wp-json\/wp\/v2\/product\/761392","targetHints":{"allow":["GET"]}}],"collection":[{"href":"https:\/\/roveyayinevi.com.tr\/index.php\/wp-json\/wp\/v2\/product"}],"about":[{"href":"https:\/\/roveyayinevi.com.tr\/index.php\/wp-json\/wp\/v2\/types\/product"}],"wp:attachment":[{"href":"https:\/\/roveyayinevi.com.tr\/index.php\/wp-json\/wp\/v2\/media?parent=761392"}],"wp:term":[{"taxonomy":"product_brand","embeddable":true,"href":"https:\/\/roveyayinevi.com.tr\/index.php\/wp-json\/wp\/v2\/product_brand?post=761392"},{"taxonomy":"product_cat","embeddable":true,"href":"https:\/\/roveyayinevi.com.tr\/index.php\/wp-json\/wp\/v2\/product_cat?post=761392"},{"taxonomy":"product_tag","embeddable":true,"href":"https:\/\/roveyayinevi.com.tr\/index.php\/wp-json\/wp\/v2\/product_tag?post=761392"}],"curies":[{"name":"wp","href":"https:\/\/api.w.org\/{rel}","templated":true}]}}