{"id":761389,"date":"2025-08-28T09:35:54","date_gmt":"2025-08-28T06:35:54","guid":{"rendered":"https:\/\/roveyayinevi.com.tr\/index.php\/urun\/ankara-savasi-1402-cubuktan-culuka\/"},"modified":"2026-04-16T03:14:50","modified_gmt":"2026-04-16T00:14:50","slug":"ankara-savasi-1402-cubuktan-culuka","status":"publish","type":"product","link":"https:\/\/roveyayinevi.com.tr\/index.php\/urun\/ankara-savasi-1402-cubuktan-culuka\/","title":{"rendered":"Ankara Sava\u015f\u0131 (1402) \u00c7ubuk\u2019tan Culuk\u2019a"},"content":{"rendered":"<p>T\u00fcrk ve D\u00fcnya tarihi bak\u0131m\u0131ndan \u00f6nemli sava\u015flardan biri olan Ankara Sava\u015f\u0131 (1402); Osmanl\u0131, Timurlu, Bizans, Ermeni ve Arap kaynaklar\u0131nda kimi olay, akt\u00f6r, mek\u00e2n, tarih ve s\u00fcre\u00e7ler; baz\u0131 eksikler, hatalar ve hatta abart\u0131larla birlikte kaydedilmi\u015ftir. Bu ba\u011flamda Timur\u2019un yan\u0131nda bulunan tarih\u00e7i Nizam\u00fcddin \u015eami, a\u00e7\u0131k\u00e7a \u201c\u00c7ulu\u011f\u201d ismini belirtirken, baz\u0131 erken Osmanl\u0131 kroniklerinde sava\u015f\u0131n yap\u0131ld\u0131\u011f\u0131 mekan belirtilmemi\u015f veya \u201cAnkara yak\u0131n\u0131\u201d gibi genel ifadelerle ge\u00e7i\u015ftirilmi\u015ftir. \u015e\u00fckrullah\u2019tan sonra \u00c7ubuk ad\u0131 ortaya \u00e7\u0131km\u0131\u015f g\u00f6r\u00fcnse de bu m\u00fcelliften faydalanan baz\u0131 kronik yazarlar\u0131 dahi nedense \u00c7ubuk ismini vermekten ka\u00e7\u0131nm\u0131\u015flard\u0131r. Ankara Sava\u015f\u0131\u2019n\u0131n \u00c7ubuk\u2019ta oldu\u011fu yan\u0131lg\u0131s\u0131n\u0131 d\u00fczelterek Culuk\u2019ta ger\u00e7ekle\u015fti\u011fini kan\u0131tlamaya \u00e7al\u0131\u015fan bu ara\u015ft\u0131rmada, mevzunun tamamlay\u0131c\u0131s\u0131 niteli\u011finde iki yaz\u0131ya daha yer verilmi\u015ftir. Konuyu b\u00fct\u00fcnleyerek farkl\u0131 a\u00e7\u0131lardan bu meseleyi destekleyen \u00e7al\u0131\u015fmalardan ilki, Culuk ve \u00e7evresindeki yerle\u015fmenin evrimini inceleyerek sava\u015f sahas\u0131nda 1402 sonras\u0131nda iskan\u0131n izini s\u00fcrmektedir. Di\u011fer yaz\u0131 ise \u00e7o\u011funlu\u011fu ilk defa yay\u0131nlanan ve pek \u00e7ok durumda yaz\u0131l\u0131 tarihi kaynaklar\u0131n sessiz kald\u0131\u011f\u0131 kritik noktalar\u0131 ayd\u0131nlatan Timur sikkelerine dayal\u0131 bir incelemedir. <\/p>\n","protected":false},"excerpt":{"rendered":"<p>T\u00fcrk ve D\u00fcnya tarihi bak\u0131m\u0131ndan \u00f6nemli sava\u015flardan biri olan Ankara Sava\u015f\u0131 (1402); Osmanl\u0131, Timurlu, Bizans, Ermeni ve Arap kaynaklar\u0131nda kimi olay, akt\u00f6r, mek\u00e2n, tarih ve s\u00fcre\u00e7ler;<span class=\"excerpt-hellip\"> [\u2026]<\/span><\/p>\n","protected":false},"featured_media":0,"template":"","meta":{"_monsterinsights_skip_tracking":false,"_monsterinsights_sitenote_active":false,"_monsterinsights_sitenote_note":"","_monsterinsights_sitenote_category":0},"product_brand":[],"product_cat":[12370,12304],"product_tag":[],"class_list":{"0":"post-761389","1":"product","2":"type-product","3":"status-publish","5":"product_cat-arastirma-inceleme","6":"product_cat-tarih","7":"pa_cilt-ciltsiz","8":"pa_tur-kitap","9":"pa_yayinevi-yeditepe-yayinevi","10":"pa_yazar-osman-gumuscu","12":"first","13":"instock","14":"sale","15":"shipping-taxable","16":"purchasable","17":"product-type-simple"},"_links":{"self":[{"href":"https:\/\/roveyayinevi.com.tr\/index.php\/wp-json\/wp\/v2\/product\/761389","targetHints":{"allow":["GET"]}}],"collection":[{"href":"https:\/\/roveyayinevi.com.tr\/index.php\/wp-json\/wp\/v2\/product"}],"about":[{"href":"https:\/\/roveyayinevi.com.tr\/index.php\/wp-json\/wp\/v2\/types\/product"}],"wp:attachment":[{"href":"https:\/\/roveyayinevi.com.tr\/index.php\/wp-json\/wp\/v2\/media?parent=761389"}],"wp:term":[{"taxonomy":"product_brand","embeddable":true,"href":"https:\/\/roveyayinevi.com.tr\/index.php\/wp-json\/wp\/v2\/product_brand?post=761389"},{"taxonomy":"product_cat","embeddable":true,"href":"https:\/\/roveyayinevi.com.tr\/index.php\/wp-json\/wp\/v2\/product_cat?post=761389"},{"taxonomy":"product_tag","embeddable":true,"href":"https:\/\/roveyayinevi.com.tr\/index.php\/wp-json\/wp\/v2\/product_tag?post=761389"}],"curies":[{"name":"wp","href":"https:\/\/api.w.org\/{rel}","templated":true}]}}