{"id":761388,"date":"2025-08-28T09:35:53","date_gmt":"2025-08-28T06:35:53","guid":{"rendered":"https:\/\/roveyayinevi.com.tr\/index.php\/urun\/dunyanin-en-onemli-ogrencisi\/"},"modified":"2026-04-16T03:14:50","modified_gmt":"2026-04-16T00:14:50","slug":"dunyanin-en-onemli-ogrencisi","status":"publish","type":"product","link":"https:\/\/roveyayinevi.com.tr\/index.php\/urun\/dunyanin-en-onemli-ogrencisi\/","title":{"rendered":"D\u00fcnyan\u0131n En \u00d6nemli \u00d6\u011frencisi"},"content":{"rendered":"<p>1 milyondan fazla okura ula\u015fan, uluslararas\u0131 \u00e7oksatan Dedemin Bakkal\u0131\u2019n\u0131n yazar\u0131 \u015eermin Ya\u015far\u2019dan yine her ya\u015ftan kitapseverlerin favorisi olacak bir eser: D\u00fcnyan\u0131n En \u00d6nemli \u00d6\u011frencisi.   Ona herkes ama herkes Fikri Bey derdi. Ne de olsa o bir patron, genel m\u00fcd\u00fcr ve y\u00f6netim kurulu ba\u015fkan\u0131yd\u0131. Kendi krall\u0131\u011f\u0131nda mutlu mesut ya\u015farken bir g\u00fcn \u015faka gibi bir telefon geldi. Ortaokula geri d\u00f6nmesi gerekiyordu! Me\u011fer bir kar\u0131\u015f\u0131kl\u0131k olmu\u015f ve ortaokuldan hi\u00e7 mezun olmam\u0131\u015ft\u0131. Gidip derslerini tamamlamazsa t\u00fcm diplomalar\u0131 ge\u00e7ersiz say\u0131lacakt\u0131. Yok art\u0131k daha nelerdi! Okula d\u00f6nmemek i\u00e7in elinden geleni yapt\u0131. \u00d6nce sorunu parayla \u00e7\u00f6zmeyi denedi ama kabul edilmedi. Sonra karn\u0131 a\u011fr\u0131d\u0131\u011f\u0131 i\u00e7in rapor almaya \u00e7al\u0131\u015ft\u0131, kimse vermedi. Okuldan ka\u00e7maya kalk\u0131\u015ft\u0131 ama ba\u015far\u0131s\u0131z oldu. Sonunda durumu kabullendi. Bir an \u00f6nce mezun olmal\u0131 ve i\u015fine d\u00f6nmeliydi. \u00d6yle de yapt\u0131.  Bir ortaokul, insan\u0131n hayat\u0131n\u0131 ne kadar de\u011fi\u015ftirebilir? Bunu Fikri Bey\u2019e sormak laz\u0131m. Yani 119 Fikri\u2019ye.. <\/p>\n","protected":false},"excerpt":{"rendered":"<p>1 milyondan fazla okura ula\u015fan, uluslararas\u0131 \u00e7oksatan Dedemin Bakkal\u0131\u2019n\u0131n yazar\u0131 \u015eermin Ya\u015far\u2019dan yine her ya\u015ftan kitapseverlerin favorisi olacak bir eser: D\u00fcnyan\u0131n En \u00d6nemli \u00d6\u011frencisi. Ona herkes<span class=\"excerpt-hellip\"> [\u2026]<\/span><\/p>\n","protected":false},"featured_media":0,"template":"","meta":{"_monsterinsights_skip_tracking":false,"_monsterinsights_sitenote_active":false,"_monsterinsights_sitenote_note":"","_monsterinsights_sitenote_category":0},"product_brand":[],"product_cat":[13835],"product_tag":[],"class_list":{"0":"post-761388","1":"product","2":"type-product","3":"status-publish","5":"product_cat-cok-satanlar","6":"pa_cilt-ciltsiz","7":"pa_tur-kitap","8":"pa_yayinevi-taze-kitap","9":"pa_yazar-sermin-yasar","11":"first","12":"instock","13":"sale","14":"shipping-taxable","15":"purchasable","16":"product-type-simple"},"_links":{"self":[{"href":"https:\/\/roveyayinevi.com.tr\/index.php\/wp-json\/wp\/v2\/product\/761388","targetHints":{"allow":["GET"]}}],"collection":[{"href":"https:\/\/roveyayinevi.com.tr\/index.php\/wp-json\/wp\/v2\/product"}],"about":[{"href":"https:\/\/roveyayinevi.com.tr\/index.php\/wp-json\/wp\/v2\/types\/product"}],"wp:attachment":[{"href":"https:\/\/roveyayinevi.com.tr\/index.php\/wp-json\/wp\/v2\/media?parent=761388"}],"wp:term":[{"taxonomy":"product_brand","embeddable":true,"href":"https:\/\/roveyayinevi.com.tr\/index.php\/wp-json\/wp\/v2\/product_brand?post=761388"},{"taxonomy":"product_cat","embeddable":true,"href":"https:\/\/roveyayinevi.com.tr\/index.php\/wp-json\/wp\/v2\/product_cat?post=761388"},{"taxonomy":"product_tag","embeddable":true,"href":"https:\/\/roveyayinevi.com.tr\/index.php\/wp-json\/wp\/v2\/product_tag?post=761388"}],"curies":[{"name":"wp","href":"https:\/\/api.w.org\/{rel}","templated":true}]}}