{"id":761387,"date":"2025-08-28T09:35:51","date_gmt":"2025-08-28T06:35:51","guid":{"rendered":"https:\/\/roveyayinevi.com.tr\/index.php\/urun\/carpi-2\/"},"modified":"2026-04-13T03:22:05","modified_gmt":"2026-04-13T00:22:05","slug":"carpi-2","status":"publish","type":"product","link":"https:\/\/roveyayinevi.com.tr\/index.php\/urun\/carpi-2\/","title":{"rendered":"\u00c7arp\u0131 2"},"content":{"rendered":"<p>Her \u00e7ocuk gibi ben de b\u00fcy\u00fcmek istiyordum. B\u00fcy\u00fcd\u00fcm de&#8230; Ama her \u00e7ocuk gibi de\u011fil! On \u00fc\u00e7 ya\u015f\u0131mdan on d\u00f6rt ya\u015f\u0131ma kadar ge\u00e7en zaman tuhaf bir h\u0131zda ilerledi: \u00c7arp\u0131 iki h\u0131z\u0131nda! Her \u015fey o kadar h\u0131zl\u0131 oldu ki o y\u0131l, bayramlar\u0131, oyunlar\u0131, s\u0131navlar\u0131, dersleri, ailece yapt\u0131\u011f\u0131m\u0131z sohbetleri, Yumak\u2019la oynamay\u0131, Ciciku\u015f\u2019un \u00f6t\u00fc\u015flerini, babaannemin masallar\u0131n\u0131\u2026 Yani bir y\u0131lda ya\u015fayabilece\u011fim say\u0131s\u0131z hat\u0131ray\u0131 ka\u00e7\u0131rd\u0131m! T\u00fcm bunlar nas\u0131l m\u0131 oldu? Durun, hepsini anlataca\u011f\u0131m. Yava\u015f yava\u015f&#8230; <\/p>\n","protected":false},"excerpt":{"rendered":"<p>Her \u00e7ocuk gibi ben de b\u00fcy\u00fcmek istiyordum. B\u00fcy\u00fcd\u00fcm de&#8230; Ama her \u00e7ocuk gibi de\u011fil! On \u00fc\u00e7 ya\u015f\u0131mdan on d\u00f6rt ya\u015f\u0131ma kadar ge\u00e7en zaman tuhaf bir h\u0131zda<span class=\"excerpt-hellip\"> [\u2026]<\/span><\/p>\n","protected":false},"featured_media":0,"template":"","meta":{"_monsterinsights_skip_tracking":false,"_monsterinsights_sitenote_active":false,"_monsterinsights_sitenote_note":"","_monsterinsights_sitenote_category":0},"product_brand":[],"product_cat":[12274,12284],"product_tag":[],"class_list":{"0":"post-761387","1":"product","2":"type-product","3":"status-publish","5":"product_cat-cocuk-ve-genclik-kitaplari","6":"product_cat-hikayeler","7":"pa_cilt-ciltsiz","8":"pa_tur-kitap","9":"pa_yayinevi-aile-yayinlari","10":"pa_yazar-hatice-kubra-tongar","12":"first","13":"instock","14":"sale","15":"shipping-taxable","16":"purchasable","17":"product-type-simple"},"_links":{"self":[{"href":"https:\/\/roveyayinevi.com.tr\/index.php\/wp-json\/wp\/v2\/product\/761387","targetHints":{"allow":["GET"]}}],"collection":[{"href":"https:\/\/roveyayinevi.com.tr\/index.php\/wp-json\/wp\/v2\/product"}],"about":[{"href":"https:\/\/roveyayinevi.com.tr\/index.php\/wp-json\/wp\/v2\/types\/product"}],"wp:attachment":[{"href":"https:\/\/roveyayinevi.com.tr\/index.php\/wp-json\/wp\/v2\/media?parent=761387"}],"wp:term":[{"taxonomy":"product_brand","embeddable":true,"href":"https:\/\/roveyayinevi.com.tr\/index.php\/wp-json\/wp\/v2\/product_brand?post=761387"},{"taxonomy":"product_cat","embeddable":true,"href":"https:\/\/roveyayinevi.com.tr\/index.php\/wp-json\/wp\/v2\/product_cat?post=761387"},{"taxonomy":"product_tag","embeddable":true,"href":"https:\/\/roveyayinevi.com.tr\/index.php\/wp-json\/wp\/v2\/product_tag?post=761387"}],"curies":[{"name":"wp","href":"https:\/\/api.w.org\/{rel}","templated":true}]}}