{"id":761385,"date":"2025-08-28T09:35:47","date_gmt":"2025-08-28T06:35:47","guid":{"rendered":"https:\/\/roveyayinevi.com.tr\/index.php\/urun\/dedemin-madalyasi-everest-acikhava-39\/"},"modified":"2026-04-16T03:14:50","modified_gmt":"2026-04-16T00:14:50","slug":"dedemin-madalyasi-everest-acikhava-39","status":"publish","type":"product","link":"https:\/\/roveyayinevi.com.tr\/index.php\/urun\/dedemin-madalyasi-everest-acikhava-39\/","title":{"rendered":"Dedemin Madalyas\u0131 &#8211; Everest A\u00e7\u0131khava 39"},"content":{"rendered":"<p>\u00d6d\u00fcll\u00fc \u00f6yk\u00fclerinde ve romanlar\u0131nda, ge\u00e7mi\u015fle bug\u00fcn, gelenekselle modern, mitlerle ger\u00e7ekler aras\u0131nda dikkat \u00e7ekici k\u00f6pr\u00fcler kuran Yavuz Ekinci\u2019den \u00f6zel bir se\u00e7ki&#8230; Eserleri pek \u00e7ok dilde yay\u0131mlanan Ekinci\u2019nin \u00e7ok sevilen iki \u00f6yk\u00fcs\u00fc ile daha \u00f6nce kitaplar\u0131nda yer almam\u0131\u015f \u201cDedemin Madalyas\u0131\u201dn\u0131 bir araya getiren bu derleme, mek\u00e2na ve zamana dair \u00f6zg\u00fcn \u00e7a\u011fr\u0131\u015f\u0131mlar\u0131yla, yazar\u0131n edebiyat evreniyle tan\u0131\u015fmak isteyenler i\u00e7in de\u011ferli bir ilk ad\u0131m niteli\u011finde.<\/p>\n","protected":false},"excerpt":{"rendered":"<p>\u00d6d\u00fcll\u00fc \u00f6yk\u00fclerinde ve romanlar\u0131nda, ge\u00e7mi\u015fle bug\u00fcn, gelenekselle modern, mitlerle ger\u00e7ekler aras\u0131nda dikkat \u00e7ekici k\u00f6pr\u00fcler kuran Yavuz Ekinci\u2019den \u00f6zel bir se\u00e7ki&#8230; Eserleri pek \u00e7ok dilde yay\u0131mlanan Ekinci\u2019nin<span class=\"excerpt-hellip\"> [\u2026]<\/span><\/p>\n","protected":false},"featured_media":0,"template":"","meta":{"_monsterinsights_skip_tracking":false,"_monsterinsights_sitenote_active":false,"_monsterinsights_sitenote_note":"","_monsterinsights_sitenote_category":0},"product_brand":[],"product_cat":[12291,18202],"product_tag":[],"class_list":{"0":"post-761385","1":"product","2":"type-product","3":"status-publish","5":"product_cat-edebiyat","6":"product_cat-hikaye","7":"pa_cilt-ciltsiz","8":"pa_tur-kitap","9":"pa_yayinevi-everest-yayinlari","10":"pa_yazar-yavuz-ekinci","12":"first","13":"instock","14":"sale","15":"shipping-taxable","16":"purchasable","17":"product-type-simple"},"_links":{"self":[{"href":"https:\/\/roveyayinevi.com.tr\/index.php\/wp-json\/wp\/v2\/product\/761385","targetHints":{"allow":["GET"]}}],"collection":[{"href":"https:\/\/roveyayinevi.com.tr\/index.php\/wp-json\/wp\/v2\/product"}],"about":[{"href":"https:\/\/roveyayinevi.com.tr\/index.php\/wp-json\/wp\/v2\/types\/product"}],"wp:attachment":[{"href":"https:\/\/roveyayinevi.com.tr\/index.php\/wp-json\/wp\/v2\/media?parent=761385"}],"wp:term":[{"taxonomy":"product_brand","embeddable":true,"href":"https:\/\/roveyayinevi.com.tr\/index.php\/wp-json\/wp\/v2\/product_brand?post=761385"},{"taxonomy":"product_cat","embeddable":true,"href":"https:\/\/roveyayinevi.com.tr\/index.php\/wp-json\/wp\/v2\/product_cat?post=761385"},{"taxonomy":"product_tag","embeddable":true,"href":"https:\/\/roveyayinevi.com.tr\/index.php\/wp-json\/wp\/v2\/product_tag?post=761385"}],"curies":[{"name":"wp","href":"https:\/\/api.w.org\/{rel}","templated":true}]}}