{"id":761380,"date":"2025-08-28T09:35:39","date_gmt":"2025-08-28T06:35:39","guid":{"rendered":"https:\/\/roveyayinevi.com.tr\/index.php\/urun\/cagatayca-bir-dini-hikayeler-mecmuasi\/"},"modified":"2026-04-16T03:14:49","modified_gmt":"2026-04-16T00:14:49","slug":"cagatayca-bir-dini-hikayeler-mecmuasi","status":"publish","type":"product","link":"https:\/\/roveyayinevi.com.tr\/index.php\/urun\/cagatayca-bir-dini-hikayeler-mecmuasi\/","title":{"rendered":"\u00c7a\u011fatayca Bir Dini Hikayeler Mecmuas\u0131"},"content":{"rendered":"<p>Do\u011fu T\u00fcrk\u00e7esi olarak da bilinen \u00c7a\u011fatay T\u00fcrk\u00e7esi, 15. y\u00fczy\u0131l\u0131n ba\u015flar\u0131ndan 20. y\u00fczy\u0131l\u0131n ba\u015flar\u0131na kadar Do\u011fu T\u00fcrkl\u00fc\u011f\u00fcn\u00fcn ortak konu\u015fma ve yaz\u0131 dili olan tarih\u00ee T\u00fcrk leh\u00e7elerinden biridir.  Bu \u00e7al\u0131\u015fmada \u00c7a\u011fatay d\u00f6nemine ait bir din\u00ee mecmuan\u0131n \u00e7eviri yaz\u0131s\u0131 ve T\u00fcrkiye T\u00fcrk\u00e7esine aktar\u0131m\u0131 yap\u0131l\u0131p \u00c7a\u011fataycayla farkl\u0131la\u015fan dil \u00f6zellikleri incelenmi\u015ftir. Mecmua Oxford \u00dcniversitesi, Bodleian K\u00fct\u00fcphanesi, T\u00fcrk\u00e7e Yazmalar B\u00f6l\u00fcm\u00fcnde MS Ind. Inst. Turk. 16\/I katalog numaras\u0131yla kay\u0131tl\u0131d\u0131r. Hik\u00e2yelerin i\u00e7eri\u011finden ve dilinden ge\u00e7 devir \u00c7a\u011fatayca d\u00f6nemine ait oldu\u011fu anla\u015f\u0131lan eserin m\u00fcellifi ve m\u00fcstensihi belli de\u011fildir.   Mecmuada toplam otuz \u00fc\u00e7 b\u00f6l\u00fcm bulunmaktad\u0131r. B\u00f6l\u00fcmlerin pek \u00e7o\u011fu hik\u00e2ye t\u00fcr\u00fcnde olup bunlar\u0131n baz\u0131lar\u0131 birbirinin devam\u0131 niteli\u011findedir. Yazmada Hz. Muhammed, Hz. Fatma, Hz. Hasan ve Hz. H\u00fcseyin, \u0130mam-\u0131 Azam, Harun Re\u015fid, B\u00e2yezid-i Best\u00e2mi, Veysel Karan\u00ee gibi \u0130slam b\u00fcy\u00fcklerine ait hik\u00e2yeler, Cu\u0308mcu\u0308me Sultan hik\u00e2yesi, eksik bir k\u0131rk hadis terc\u00fcmesi, namaz\u0131n ve duan\u0131n faziletleri, cennet ve cehennem tasvirleri yer almaktad\u0131r. <\/p>\n","protected":false},"excerpt":{"rendered":"<p>Do\u011fu T\u00fcrk\u00e7esi olarak da bilinen \u00c7a\u011fatay T\u00fcrk\u00e7esi, 15. y\u00fczy\u0131l\u0131n ba\u015flar\u0131ndan 20. y\u00fczy\u0131l\u0131n ba\u015flar\u0131na kadar Do\u011fu T\u00fcrkl\u00fc\u011f\u00fcn\u00fcn ortak konu\u015fma ve yaz\u0131 dili olan tarih\u00ee T\u00fcrk leh\u00e7elerinden biridir.<span class=\"excerpt-hellip\"> [\u2026]<\/span><\/p>\n","protected":false},"featured_media":0,"template":"","meta":{"_monsterinsights_skip_tracking":false,"_monsterinsights_sitenote_active":false,"_monsterinsights_sitenote_note":"","_monsterinsights_sitenote_category":0},"product_brand":[],"product_cat":[12291],"product_tag":[],"class_list":{"0":"post-761380","1":"product","2":"type-product","3":"status-publish","5":"product_cat-edebiyat","6":"pa_cilt-ciltsiz","7":"pa_tur-kitap","8":"pa_yayinevi-ihlamur-akademi","9":"pa_yazar-merve-kolikpinar","11":"first","12":"instock","13":"sale","14":"shipping-taxable","15":"purchasable","16":"product-type-simple"},"_links":{"self":[{"href":"https:\/\/roveyayinevi.com.tr\/index.php\/wp-json\/wp\/v2\/product\/761380","targetHints":{"allow":["GET"]}}],"collection":[{"href":"https:\/\/roveyayinevi.com.tr\/index.php\/wp-json\/wp\/v2\/product"}],"about":[{"href":"https:\/\/roveyayinevi.com.tr\/index.php\/wp-json\/wp\/v2\/types\/product"}],"wp:attachment":[{"href":"https:\/\/roveyayinevi.com.tr\/index.php\/wp-json\/wp\/v2\/media?parent=761380"}],"wp:term":[{"taxonomy":"product_brand","embeddable":true,"href":"https:\/\/roveyayinevi.com.tr\/index.php\/wp-json\/wp\/v2\/product_brand?post=761380"},{"taxonomy":"product_cat","embeddable":true,"href":"https:\/\/roveyayinevi.com.tr\/index.php\/wp-json\/wp\/v2\/product_cat?post=761380"},{"taxonomy":"product_tag","embeddable":true,"href":"https:\/\/roveyayinevi.com.tr\/index.php\/wp-json\/wp\/v2\/product_tag?post=761380"}],"curies":[{"name":"wp","href":"https:\/\/api.w.org\/{rel}","templated":true}]}}