{"id":761378,"date":"2025-08-28T09:35:35","date_gmt":"2025-08-28T06:35:35","guid":{"rendered":"https:\/\/roveyayinevi.com.tr\/index.php\/urun\/catidaki-karlsson-gizlice-donuyor-ciltli\/"},"modified":"2026-04-15T03:26:31","modified_gmt":"2026-04-15T00:26:31","slug":"catidaki-karlsson-gizlice-donuyor-ciltli","status":"publish","type":"product","link":"https:\/\/roveyayinevi.com.tr\/index.php\/urun\/catidaki-karlsson-gizlice-donuyor-ciltli\/","title":{"rendered":"\u00c7at\u0131daki Karlsson Gizlice D\u00f6n\u00fcyor (Ciltli)"},"content":{"rendered":"<p>\u00dc\u00c7\u00dcNC\u00dc K\u0130TAP   K\u00fc\u00e7\u00fckkarde\u015f gazetede \u201cu\u00e7an f\u0131\u00e7\u0131 gibi bir \u015fey\u201d arand\u0131\u011f\u0131n\u0131 ve onu bulana 10 bin kron \u00f6d\u00fcl verilece\u011fini okuyunca \u00e7ok korkar. \u00c7\u00fcnk\u00fc bu \u201cf\u0131\u00e7\u0131 gibi bir \u015feyin\u201d \u00c7at\u0131daki Karlsson oldu\u011fundan emindir: Yani d\u00fcnyan\u0131n en yak\u0131\u015f\u0131kl\u0131, en bilge, en ideal kilodaki insan\u0131.    \u00d6d\u00fcl avc\u0131lar\u0131 Karlsson\u2019un pe\u015fine d\u00fc\u015fmesin diye ona g\u00f6z kulak olmas\u0131 gereken K\u00fc\u00e7\u00fckkarde\u015f\u2019in i\u015fi hi\u00e7 de kolay de\u011fildir. \u00dcstelik Kara Han\u0131m ile Julius amca da olaya d\u00e2hil olunca i\u015fler epey bir \u00e7\u0131\u011f\u0131r\u0131ndan \u00e7\u0131kacakt\u0131r. \u00c7at\u0131daki Karlsson\u2019un bu maceras\u0131 da en az di\u011fer iki kitab\u0131 kadar keyifli ve komik!  <\/p>\n","protected":false},"excerpt":{"rendered":"<p>\u00dc\u00c7\u00dcNC\u00dc K\u0130TAP K\u00fc\u00e7\u00fckkarde\u015f gazetede \u201cu\u00e7an f\u0131\u00e7\u0131 gibi bir \u015fey\u201d arand\u0131\u011f\u0131n\u0131 ve onu bulana 10 bin kron \u00f6d\u00fcl verilece\u011fini okuyunca \u00e7ok korkar. \u00c7\u00fcnk\u00fc bu \u201cf\u0131\u00e7\u0131 gibi bir<span class=\"excerpt-hellip\"> [\u2026]<\/span><\/p>\n","protected":false},"featured_media":0,"template":"","meta":{"_monsterinsights_skip_tracking":false,"_monsterinsights_sitenote_active":false,"_monsterinsights_sitenote_note":"","_monsterinsights_sitenote_category":0},"product_brand":[],"product_cat":[12274],"product_tag":[],"class_list":{"0":"post-761378","1":"product","2":"type-product","3":"status-publish","5":"product_cat-cocuk-ve-genclik-kitaplari","6":"pa_cilt-ciltli","7":"pa_tur-kitap","8":"pa_yayinevi-pegasus-yayinlari","9":"pa_yazar-astrid-lindgren","11":"first","12":"instock","13":"sale","14":"shipping-taxable","15":"purchasable","16":"product-type-simple"},"_links":{"self":[{"href":"https:\/\/roveyayinevi.com.tr\/index.php\/wp-json\/wp\/v2\/product\/761378","targetHints":{"allow":["GET"]}}],"collection":[{"href":"https:\/\/roveyayinevi.com.tr\/index.php\/wp-json\/wp\/v2\/product"}],"about":[{"href":"https:\/\/roveyayinevi.com.tr\/index.php\/wp-json\/wp\/v2\/types\/product"}],"wp:attachment":[{"href":"https:\/\/roveyayinevi.com.tr\/index.php\/wp-json\/wp\/v2\/media?parent=761378"}],"wp:term":[{"taxonomy":"product_brand","embeddable":true,"href":"https:\/\/roveyayinevi.com.tr\/index.php\/wp-json\/wp\/v2\/product_brand?post=761378"},{"taxonomy":"product_cat","embeddable":true,"href":"https:\/\/roveyayinevi.com.tr\/index.php\/wp-json\/wp\/v2\/product_cat?post=761378"},{"taxonomy":"product_tag","embeddable":true,"href":"https:\/\/roveyayinevi.com.tr\/index.php\/wp-json\/wp\/v2\/product_tag?post=761378"}],"curies":[{"name":"wp","href":"https:\/\/api.w.org\/{rel}","templated":true}]}}