{"id":761377,"date":"2025-08-28T09:35:33","date_gmt":"2025-08-28T06:35:33","guid":{"rendered":"https:\/\/roveyayinevi.com.tr\/index.php\/urun\/catidaki-karlsson-yine-ucuyor-ciltli\/"},"modified":"2026-04-15T03:26:31","modified_gmt":"2026-04-15T00:26:31","slug":"catidaki-karlsson-yine-ucuyor-ciltli","status":"publish","type":"product","link":"https:\/\/roveyayinevi.com.tr\/index.php\/urun\/catidaki-karlsson-yine-ucuyor-ciltli\/","title":{"rendered":"\u00c7at\u0131daki Karlsson Yine U\u00e7uyor (Ciltli)"},"content":{"rendered":"<p>\u0130K\u0130NC\u0130 K\u0130TAP   K\u00fc\u00e7\u00fckkarde\u015f\u2019in annesi ile babas\u0131 Karlsson\u2019u yaln\u0131zl\u0131ktan o\u011fullar\u0131n\u0131n uydurdu\u011funu d\u00fc\u015f\u00fcn\u00fcnce sonunda bir k\u00f6pek sahiplenmeye karar vermi\u015flerdir. K\u00fc\u00e7\u00fckkarde\u015f, Bimbo ismindeki k\u00f6pe\u011fini \u00e7ok sever ama hi\u00e7 kimse Karlsson kadar e\u011flenceli bir oyun arkada\u015f\u0131 olamaz. \u00dcstelik bu kez K\u00fc\u00e7\u00fckkarde\u015f\u2019e g\u00f6z kulak olmas\u0131 i\u00e7in gelen Kara Han\u0131m\u2019\u0131n bu ikiliden \u00e7ekece\u011fi \u00e7ok \u015fey vard\u0131r. Macera ba\u015flas\u0131n! <\/p>\n","protected":false},"excerpt":{"rendered":"<p>\u0130K\u0130NC\u0130 K\u0130TAP K\u00fc\u00e7\u00fckkarde\u015f\u2019in annesi ile babas\u0131 Karlsson\u2019u yaln\u0131zl\u0131ktan o\u011fullar\u0131n\u0131n uydurdu\u011funu d\u00fc\u015f\u00fcn\u00fcnce sonunda bir k\u00f6pek sahiplenmeye karar vermi\u015flerdir. K\u00fc\u00e7\u00fckkarde\u015f, Bimbo ismindeki k\u00f6pe\u011fini \u00e7ok sever ama hi\u00e7 kimse<span class=\"excerpt-hellip\"> [\u2026]<\/span><\/p>\n","protected":false},"featured_media":0,"template":"","meta":{"_monsterinsights_skip_tracking":false,"_monsterinsights_sitenote_active":false,"_monsterinsights_sitenote_note":"","_monsterinsights_sitenote_category":0},"product_brand":[],"product_cat":[12274],"product_tag":[],"class_list":{"0":"post-761377","1":"product","2":"type-product","3":"status-publish","5":"product_cat-cocuk-ve-genclik-kitaplari","6":"pa_cilt-ciltli","7":"pa_tur-kitap","8":"pa_yayinevi-pegasus-yayinlari","9":"pa_yazar-astrid-lindgren","11":"first","12":"instock","13":"sale","14":"shipping-taxable","15":"purchasable","16":"product-type-simple"},"_links":{"self":[{"href":"https:\/\/roveyayinevi.com.tr\/index.php\/wp-json\/wp\/v2\/product\/761377","targetHints":{"allow":["GET"]}}],"collection":[{"href":"https:\/\/roveyayinevi.com.tr\/index.php\/wp-json\/wp\/v2\/product"}],"about":[{"href":"https:\/\/roveyayinevi.com.tr\/index.php\/wp-json\/wp\/v2\/types\/product"}],"wp:attachment":[{"href":"https:\/\/roveyayinevi.com.tr\/index.php\/wp-json\/wp\/v2\/media?parent=761377"}],"wp:term":[{"taxonomy":"product_brand","embeddable":true,"href":"https:\/\/roveyayinevi.com.tr\/index.php\/wp-json\/wp\/v2\/product_brand?post=761377"},{"taxonomy":"product_cat","embeddable":true,"href":"https:\/\/roveyayinevi.com.tr\/index.php\/wp-json\/wp\/v2\/product_cat?post=761377"},{"taxonomy":"product_tag","embeddable":true,"href":"https:\/\/roveyayinevi.com.tr\/index.php\/wp-json\/wp\/v2\/product_tag?post=761377"}],"curies":[{"name":"wp","href":"https:\/\/api.w.org\/{rel}","templated":true}]}}