{"id":761375,"date":"2025-08-28T09:35:30","date_gmt":"2025-08-28T06:35:30","guid":{"rendered":"https:\/\/roveyayinevi.com.tr\/index.php\/urun\/duygular-en-cok-neyi-sever\/"},"modified":"2026-04-16T03:14:49","modified_gmt":"2026-04-16T00:14:49","slug":"duygular-en-cok-neyi-sever","status":"publish","type":"product","link":"https:\/\/roveyayinevi.com.tr\/index.php\/urun\/duygular-en-cok-neyi-sever\/","title":{"rendered":"Duygular En \u00c7ok Neyi Sever?"},"content":{"rendered":"<p>\u201cDuygu\u201d dedi\u011fimiz \u015fu tuhaf yarat\u0131klar\u0131n sence nas\u0131l bir ya\u015famlar\u0131 var? Hangi duygular birbirleriyle iyi ge\u00e7iniyor, hangileri anla\u015fam\u0131yor? En \u00e7ok nelerden korkuyor, nelerden ho\u015flan\u0131yorlar? \u00c7ok sevilen Kimse Bakmazken Duygular Ne Yapar?\u2019\u0131n yarat\u0131c\u0131lar\u0131, ba\u015frollerde yine duygular\u0131m\u0131z\u0131n oldu\u011fu sekiz minik ve etkileyici \u00f6yku\u0308yle geri d\u00f6nu\u0308yor. Merak ile Kayg\u0131\u2019n\u0131n me\u015fhur dolap alt\u0131 sohbetlerine kulak veriyor, Cesaret\u2019in pek bilinmeyen karde\u015fiyle tan\u0131\u015f\u0131yor, \u0130nat\u2019\u0131n yap\u0131\u015ft\u0131\u011f\u0131 yerden inmesini bekliyoruz; Fesatl\u0131k\u2019\u0131 tuzaklar kurarken, \u015eu\u0308kran\u2019\u0131 elinde bir fincan s\u0131cak \u00e7ikolatayla Haf\u0131za\u2019n\u0131n koridorlar\u0131nda gezerken, Sab\u0131r\u2019\u0131 k\u0131s\u0131k ate\u015fte re\u00e7el kaynat\u0131rken izliyoruz. Duygular En \u00c7ok Neyi Sever?\u2019de Oziewicz\u2019in \u015fiirsel dili, Zaj\u0105c\u2019\u0131n muzip \u00e7izimleriyle birle\u015fiyor, ortaya duygular\u0131m\u0131za bamba\u015fka bir g\u00f6zle bakmam\u0131z\u0131 ve onlar\u0131 daha iyi anlamam\u0131z\u0131 sa\u011flayan, incelikli, e\u011flenceli ve yarat\u0131c\u0131 bir resimli kitap \u00e7\u0131k\u0131yor. <\/p>\n","protected":false},"excerpt":{"rendered":"<p>\u201cDuygu\u201d dedi\u011fimiz \u015fu tuhaf yarat\u0131klar\u0131n sence nas\u0131l bir ya\u015famlar\u0131 var? Hangi duygular birbirleriyle iyi ge\u00e7iniyor, hangileri anla\u015fam\u0131yor? En \u00e7ok nelerden korkuyor, nelerden ho\u015flan\u0131yorlar? \u00c7ok sevilen Kimse<span class=\"excerpt-hellip\"> [\u2026]<\/span><\/p>\n","protected":false},"featured_media":0,"template":"","meta":{"_monsterinsights_skip_tracking":false,"_monsterinsights_sitenote_active":false,"_monsterinsights_sitenote_note":"","_monsterinsights_sitenote_category":0},"product_brand":[],"product_cat":[12274,12518],"product_tag":[],"class_list":{"0":"post-761375","1":"product","2":"type-product","3":"status-publish","5":"product_cat-cocuk-ve-genclik-kitaplari","6":"product_cat-okul-oncesi-kitaplar","7":"pa_cilt-ciltsiz","8":"pa_tur-kitap","9":"pa_yayinevi-domingo-yayinevi","10":"pa_yazar-tina-oziewicz","12":"first","13":"instock","14":"sale","15":"shipping-taxable","16":"purchasable","17":"product-type-simple"},"_links":{"self":[{"href":"https:\/\/roveyayinevi.com.tr\/index.php\/wp-json\/wp\/v2\/product\/761375","targetHints":{"allow":["GET"]}}],"collection":[{"href":"https:\/\/roveyayinevi.com.tr\/index.php\/wp-json\/wp\/v2\/product"}],"about":[{"href":"https:\/\/roveyayinevi.com.tr\/index.php\/wp-json\/wp\/v2\/types\/product"}],"wp:attachment":[{"href":"https:\/\/roveyayinevi.com.tr\/index.php\/wp-json\/wp\/v2\/media?parent=761375"}],"wp:term":[{"taxonomy":"product_brand","embeddable":true,"href":"https:\/\/roveyayinevi.com.tr\/index.php\/wp-json\/wp\/v2\/product_brand?post=761375"},{"taxonomy":"product_cat","embeddable":true,"href":"https:\/\/roveyayinevi.com.tr\/index.php\/wp-json\/wp\/v2\/product_cat?post=761375"},{"taxonomy":"product_tag","embeddable":true,"href":"https:\/\/roveyayinevi.com.tr\/index.php\/wp-json\/wp\/v2\/product_tag?post=761375"}],"curies":[{"name":"wp","href":"https:\/\/api.w.org\/{rel}","templated":true}]}}