{"id":761374,"date":"2025-08-28T09:35:28","date_gmt":"2025-08-28T06:35:28","guid":{"rendered":"https:\/\/roveyayinevi.com.tr\/index.php\/urun\/vuslat-vakti\/"},"modified":"2026-04-16T03:14:49","modified_gmt":"2026-04-16T00:14:49","slug":"vuslat-vakti","status":"publish","type":"product","link":"https:\/\/roveyayinevi.com.tr\/index.php\/urun\/vuslat-vakti\/","title":{"rendered":"Vuslat Vakti"},"content":{"rendered":"<p>Ats\u0131z, her \u0131\u015f\u0131\u011f\u0131n ard\u0131nda gizlidir bir karanl\u0131k, derken Pollyana\u2019n\u0131n ger\u00e7ek d\u0131\u015f\u0131l\u0131\u011f\u0131na inat hayatla bire bir \u00f6rt\u00fc\u015fen bir felsefeyi temsil eder. Karanl\u0131\u011f\u0131 en iyi \u00f6rtecek \u015fey karanl\u0131k de\u011fildir, onu \u00f6rtmenin en iyi yolu karanl\u0131\u011f\u0131n kayna\u011f\u0131ndan d\u0131\u015fa do\u011fru \u00e7ok g\u00fc\u00e7l\u00fc bir \u0131\u015f\u0131k yakmakt\u0131r. Hayat\u0131 bin bir t\u00fcrl\u00fc m\u00fccadele ve g\u00fc\u00e7l\u00fckle ge\u00e7en Ats\u0131z\u2019\u0131n da onun manevi talebelerinden olan Fatih Keskin\u2019in de idrakinde oldu\u011fu bu ac\u0131 ger\u00e7ek maalesef ki toplumlar\u0131n aldat\u0131lmas\u0131nda en ge\u00e7erli y\u00f6ntem olarak kullan\u0131lmaktad\u0131r. Tam da bu noktada halisane niyetlerle, insanlar\u0131n kendilerini adamalar\u0131yla ortaya \u00e7\u0131kan fikir ak\u0131mlar\u0131n\u0131n birer \u0131\u015f\u0131k\/nur olarak insanlar\u0131 ayd\u0131nl\u0131\u011fa kavu\u015fturmak gibi y\u00fcce bir g\u00f6revi varken zamanla riyay\u0131 gizlemek i\u00e7in bir ara\u00e7 oldu\u011funu g\u00f6r\u00fcr\u00fcz. I\u015f\u0131\u011f\u0131n\/nurun kutsall\u0131\u011f\u0131n\u0131n arkas\u0131na saklanan karanl\u0131\u011f\u0131n fark\u0131nda olan Fatih Keskin, bu z\u0131tl\u0131\u011f\u0131n ruhunda b\u0131rakt\u0131\u011f\u0131 ac\u0131lar\u0131 kaleme al\u0131yor. Bir tarafta vefa, vuslat, dava, dostluk, vatan, \u00fclk\u00fc, aile, evlat gibi insani de\u011ferler ve durumlar varken, di\u011fer tarafta t\u00fcm bunlar\u0131 riyak\u00e2rca s\u00f6m\u00fcren gayriinsani bir h\u00fck\u00fcmranl\u0131\u011f\u0131n kurulmu\u015f olmas\u0131n\u0131n ac\u0131s\u0131n\u0131 ta y\u00fcre\u011finde ya\u015f\u0131yor. Bu kitap; Araf Suresi\u2019nde cehennem i\u00e7in yarat\u0131ld\u0131\u011f\u0131 s\u00f6ylenen g\u00f6zleri olup g\u00f6rmeyenler, kulaklar\u0131 olup duymayanlar i\u00e7in de\u011fil, Bakara Suresi\u2019nde cennetle m\u00fcjdelenenler i\u00e7in yaz\u0131lm\u0131\u015ft\u0131r.   Serkan AKIN<\/p>\n","protected":false},"excerpt":{"rendered":"<p>Ats\u0131z, her \u0131\u015f\u0131\u011f\u0131n ard\u0131nda gizlidir bir karanl\u0131k, derken Pollyana\u2019n\u0131n ger\u00e7ek d\u0131\u015f\u0131l\u0131\u011f\u0131na inat hayatla bire bir \u00f6rt\u00fc\u015fen bir felsefeyi temsil eder. Karanl\u0131\u011f\u0131 en iyi \u00f6rtecek \u015fey karanl\u0131k<span class=\"excerpt-hellip\"> [\u2026]<\/span><\/p>\n","protected":false},"featured_media":0,"template":"","meta":{"_monsterinsights_skip_tracking":false,"_monsterinsights_sitenote_active":false,"_monsterinsights_sitenote_note":"","_monsterinsights_sitenote_category":0},"product_brand":[],"product_cat":[12291,12509],"product_tag":[],"class_list":{"0":"post-761374","1":"product","2":"type-product","3":"status-publish","5":"product_cat-edebiyat","6":"product_cat-siir","7":"pa_cilt-ciltsiz","8":"pa_tur-kitap","9":"pa_yayinevi-30-aralik-yayinlari","10":"pa_yazar-fatih-keskin","12":"first","13":"instock","14":"sale","15":"shipping-taxable","16":"purchasable","17":"product-type-simple"},"_links":{"self":[{"href":"https:\/\/roveyayinevi.com.tr\/index.php\/wp-json\/wp\/v2\/product\/761374","targetHints":{"allow":["GET"]}}],"collection":[{"href":"https:\/\/roveyayinevi.com.tr\/index.php\/wp-json\/wp\/v2\/product"}],"about":[{"href":"https:\/\/roveyayinevi.com.tr\/index.php\/wp-json\/wp\/v2\/types\/product"}],"wp:attachment":[{"href":"https:\/\/roveyayinevi.com.tr\/index.php\/wp-json\/wp\/v2\/media?parent=761374"}],"wp:term":[{"taxonomy":"product_brand","embeddable":true,"href":"https:\/\/roveyayinevi.com.tr\/index.php\/wp-json\/wp\/v2\/product_brand?post=761374"},{"taxonomy":"product_cat","embeddable":true,"href":"https:\/\/roveyayinevi.com.tr\/index.php\/wp-json\/wp\/v2\/product_cat?post=761374"},{"taxonomy":"product_tag","embeddable":true,"href":"https:\/\/roveyayinevi.com.tr\/index.php\/wp-json\/wp\/v2\/product_tag?post=761374"}],"curies":[{"name":"wp","href":"https:\/\/api.w.org\/{rel}","templated":true}]}}