{"id":761372,"date":"2025-08-28T09:35:25","date_gmt":"2025-08-28T06:35:25","guid":{"rendered":"https:\/\/roveyayinevi.com.tr\/index.php\/urun\/samsunspor-tarihinden-55-portre\/"},"modified":"2025-10-13T10:01:58","modified_gmt":"2025-10-13T07:01:58","slug":"samsunspor-tarihinden-55-portre","status":"publish","type":"product","link":"https:\/\/roveyayinevi.com.tr\/index.php\/urun\/samsunspor-tarihinden-55-portre\/","title":{"rendered":"Samsunspor Tarihinden 55 Portre"},"content":{"rendered":"<p>Bu kitap, Samsunspor\u2019a emek harcam\u0131\u015f, katk\u0131 sa\u011flam\u0131\u015f, hatta onun u\u011fruna can\u0131n\u0131 bile vermi\u015f, orada ba\u015far\u0131lar ya\u015fam\u0131\u015f, Samsunspor tarihinde yerini alm\u0131\u015f, Samsunspor\u2019u \u00e7ok sevmi\u015f pek \u00e7ok ki\u015fiden, Samsun\u2019un il plaka kodu olan 55 tanesinin portrelerinden olu\u015fuyor. Samsunspor\u2019un futbolcusu, ba\u015fkan\u0131, teknik direkt\u00f6r\u00fc ve taraftar\u0131 olmu\u015f bu ki\u015filerin hikayelerini anlatmak bir bak\u0131ma tarihe not d\u00fc\u015fmek olacakt\u0131r. T\u0131pk\u0131 kitapta ad\u0131 ge\u00e7enlerin tarihe notlar d\u00fc\u015fmeleri gibi\u2026 <\/p>\n","protected":false},"excerpt":{"rendered":"<p>Bu kitap, Samsunspor\u2019a emek harcam\u0131\u015f, katk\u0131 sa\u011flam\u0131\u015f, hatta onun u\u011fruna can\u0131n\u0131 bile vermi\u015f, orada ba\u015far\u0131lar ya\u015fam\u0131\u015f, Samsunspor tarihinde yerini alm\u0131\u015f, Samsunspor\u2019u \u00e7ok sevmi\u015f pek \u00e7ok ki\u015fiden,<span class=\"excerpt-hellip\"> [\u2026]<\/span><\/p>\n","protected":false},"featured_media":0,"template":"","meta":{"_monsterinsights_skip_tracking":false,"_monsterinsights_sitenote_active":false,"_monsterinsights_sitenote_note":"","_monsterinsights_sitenote_category":0},"product_brand":[],"product_cat":[15563,15564],"product_tag":[],"class_list":{"0":"post-761372","1":"product","2":"type-product","3":"status-publish","5":"product_cat-hobi","6":"product_cat-spor","7":"pa_cilt-ciltsiz","8":"pa_tur-kitap","9":"pa_yayinevi-eflatun-kitaplar","10":"pa_yazar-mehmet-yilmaz","12":"first","13":"instock","14":"sale","15":"shipping-taxable","16":"purchasable","17":"product-type-simple"},"_links":{"self":[{"href":"https:\/\/roveyayinevi.com.tr\/index.php\/wp-json\/wp\/v2\/product\/761372","targetHints":{"allow":["GET"]}}],"collection":[{"href":"https:\/\/roveyayinevi.com.tr\/index.php\/wp-json\/wp\/v2\/product"}],"about":[{"href":"https:\/\/roveyayinevi.com.tr\/index.php\/wp-json\/wp\/v2\/types\/product"}],"wp:attachment":[{"href":"https:\/\/roveyayinevi.com.tr\/index.php\/wp-json\/wp\/v2\/media?parent=761372"}],"wp:term":[{"taxonomy":"product_brand","embeddable":true,"href":"https:\/\/roveyayinevi.com.tr\/index.php\/wp-json\/wp\/v2\/product_brand?post=761372"},{"taxonomy":"product_cat","embeddable":true,"href":"https:\/\/roveyayinevi.com.tr\/index.php\/wp-json\/wp\/v2\/product_cat?post=761372"},{"taxonomy":"product_tag","embeddable":true,"href":"https:\/\/roveyayinevi.com.tr\/index.php\/wp-json\/wp\/v2\/product_tag?post=761372"}],"curies":[{"name":"wp","href":"https:\/\/api.w.org\/{rel}","templated":true}]}}