{"id":761365,"date":"2025-08-28T09:35:14","date_gmt":"2025-08-28T06:35:14","guid":{"rendered":"https:\/\/roveyayinevi.com.tr\/index.php\/urun\/zihin-acan-golge-eslestirme\/"},"modified":"2026-04-16T03:14:49","modified_gmt":"2026-04-16T00:14:49","slug":"zihin-acan-golge-eslestirme","status":"publish","type":"product","link":"https:\/\/roveyayinevi.com.tr\/index.php\/urun\/zihin-acan-golge-eslestirme\/","title":{"rendered":"Zihin A\u00e7an G\u00f6lge E\u015fle\u015ftirme"},"content":{"rendered":"<p>G\u00f6lge e\u015fle\u015ftirme, \u00e7ocu\u011funuzun bir nesnenin g\u00f6lgesini, nesnenin ger\u00e7ek g\u00f6lgesiyle e\u015fle\u015ftirmesini gerektiren bir g\u00f6rsel alg\u0131 etkinli\u011fidir. Bu t\u00fcr etkinlikler \u00e7ocu\u011funuzun mant\u0131ksal d\u00fc\u015f\u00fcnme yetene\u011fini ve el-g\u00f6z koordinasyonunu geli\u015ftirirken, ayn\u0131 zamanda dikkat ve odaklanma becerisini de art\u0131r\u0131r. Ayr\u0131ca \u00e7ocu\u011funuz do\u011fru e\u015fle\u015ftirmeyi buldu\u011funda ba\u015far\u0131 duygusu beslenir ve \u00f6z g\u00fcveni artar.   Renkli ve ilgi \u00e7ekici g\u00f6rsellerle haz\u0131rlanm\u0131\u015f egzersizlerden olu\u015fan Zihin A\u00e7an G\u00f6lge E\u015fle\u015ftirme kitab\u0131, \u00e7ocu\u011funuzun dikkatini \u00e7ekerken, ayn\u0131 zamanda \u00f6\u011frenmeyi de keyifli h\u00e2le getirecek.<\/p>\n","protected":false},"excerpt":{"rendered":"<p>G\u00f6lge e\u015fle\u015ftirme, \u00e7ocu\u011funuzun bir nesnenin g\u00f6lgesini, nesnenin ger\u00e7ek g\u00f6lgesiyle e\u015fle\u015ftirmesini gerektiren bir g\u00f6rsel alg\u0131 etkinli\u011fidir. Bu t\u00fcr etkinlikler \u00e7ocu\u011funuzun mant\u0131ksal d\u00fc\u015f\u00fcnme yetene\u011fini ve el-g\u00f6z koordinasyonunu geli\u015ftirirken,<span class=\"excerpt-hellip\"> [\u2026]<\/span><\/p>\n","protected":false},"featured_media":0,"template":"","meta":{"_monsterinsights_skip_tracking":false,"_monsterinsights_sitenote_active":false,"_monsterinsights_sitenote_note":"","_monsterinsights_sitenote_category":0},"product_brand":[],"product_cat":[12274,15842],"product_tag":[],"class_list":{"0":"post-761365","1":"product","2":"type-product","3":"status-publish","5":"product_cat-cocuk-ve-genclik-kitaplari","6":"product_cat-egitici-kitaplar","7":"pa_cilt-ciltsiz","8":"pa_tur-kitap10","9":"pa_yayinevi-cocuk-gelisimi-yayinlari","10":"pa_yazar-tugce-turguner","12":"first","13":"instock","14":"sale","15":"shipping-taxable","16":"purchasable","17":"product-type-simple"},"_links":{"self":[{"href":"https:\/\/roveyayinevi.com.tr\/index.php\/wp-json\/wp\/v2\/product\/761365","targetHints":{"allow":["GET"]}}],"collection":[{"href":"https:\/\/roveyayinevi.com.tr\/index.php\/wp-json\/wp\/v2\/product"}],"about":[{"href":"https:\/\/roveyayinevi.com.tr\/index.php\/wp-json\/wp\/v2\/types\/product"}],"wp:attachment":[{"href":"https:\/\/roveyayinevi.com.tr\/index.php\/wp-json\/wp\/v2\/media?parent=761365"}],"wp:term":[{"taxonomy":"product_brand","embeddable":true,"href":"https:\/\/roveyayinevi.com.tr\/index.php\/wp-json\/wp\/v2\/product_brand?post=761365"},{"taxonomy":"product_cat","embeddable":true,"href":"https:\/\/roveyayinevi.com.tr\/index.php\/wp-json\/wp\/v2\/product_cat?post=761365"},{"taxonomy":"product_tag","embeddable":true,"href":"https:\/\/roveyayinevi.com.tr\/index.php\/wp-json\/wp\/v2\/product_tag?post=761365"}],"curies":[{"name":"wp","href":"https:\/\/api.w.org\/{rel}","templated":true}]}}