{"id":761360,"date":"2025-08-28T09:35:05","date_gmt":"2025-08-28T06:35:05","guid":{"rendered":"https:\/\/roveyayinevi.com.tr\/index.php\/urun\/cehaletten-kurtulma-sanati-ne-nedir\/"},"modified":"2026-04-16T03:14:49","modified_gmt":"2026-04-16T00:14:49","slug":"cehaletten-kurtulma-sanati-ne-nedir","status":"publish","type":"product","link":"https:\/\/roveyayinevi.com.tr\/index.php\/urun\/cehaletten-kurtulma-sanati-ne-nedir\/","title":{"rendered":"Cehaletten Kurtulma Sanat\u0131 &#8211; Ne Nedir?"},"content":{"rendered":"<p>Bug\u00fcn d\u00fcnyada ya\u015fayan en m\u00fcreffeh toplumlar, bilimde en ileri gitmi\u015f toplumlard\u0131r. Bug\u00fcn bu toplumlarda din\u00ee inan\u00e7lar\u0131n h\u0131zla geriledi\u011fini g\u00f6r\u00fcyoruz. Bu kitab\u0131n amac\u0131 sizlere \u00e7evremizdeki baz\u0131 olaylar ve geli\u015ftirdi\u011fimiz baz\u0131 kavramlar hakk\u0131nda \u00e7ok y\u00fczeysel de olsa bilgi vermek fakat daha da \u00f6nemlisi okuyucuyu d\u00fc\u015f\u00fcnmeye te\u015fvik etmektir. E\u011fitimin en \u00f6nemli amac\u0131 bireyi ba\u011f\u0131ms\u0131z ve ele\u015ftirel d\u00fc\u015f\u00fcnebilen insanlar haline getirmektir. Bu amaca ula\u015fmak konusunda zarar verecek \u015feyleri e\u011fitime sokmak insanl\u0131\u011fa ihanettir. \u0130nsan h\u00fcr olmak ister. Dikkat edilirse baz\u0131 vah\u015fi hayvanlar dah\u00ee h\u00fcrriyetleri ellerinden al\u0131nd\u0131\u011f\u0131 zaman \u00f6l\u00fcr. H\u00fcrriyet olmadan \u00e7evremizle verimli bir ili\u015fki i\u00e7erisine giremeyiz. H\u00fcrriyetin en b\u00fcy\u00fck d\u00fc\u015fman\u0131 dogmalard\u0131r. \u0130nsanl\u0131k tarihine bak\u0131l\u0131rsa insanlar\u0131n d\u00fc\u015f\u00fcnce evrimlerinin her zaman dogmadan kurtulma istikametinde y\u00fcr\u00fcd\u00fc\u011f\u00fc g\u00f6r\u00fcl\u00fcr. \u00d6zellikle \u00fclkemizde nas\u00e7\u0131l\u0131k denilen dogma tutkunlu\u011funun halk\u0131m\u0131z\u0131n ba\u015f\u0131na ne \u00e7oraplar \u00f6rd\u00fc\u011f\u00fc \u00e7ok yak\u0131n zamanlarda g\u00f6r\u00fclm\u00fc\u015ft\u00fcr. Bu kitab\u0131n ama\u00e7lar\u0131ndan biri de okuyucuyu bu t\u00fcr cehalet kaynaklar\u0131ndan uzak tutmakt\u0131r. Elbette bu k\u00fc\u00e7\u00fcc\u00fck kitap ve i\u00e7indeki s\u0131n\u0131rl\u0131 nesne ile kavramlar okuyucuyu birdenbire bu amaca ula\u015ft\u0131rmaz. Ama okuyucunun bu kitab\u0131 okuyarak daha \u00f6nce yapmad\u0131ysa ba\u011f\u0131ms\u0131z ve ele\u015ftirel d\u00fc\u015f\u00fcnceye y\u00f6nelmesi benim maksad\u0131md\u0131r.Celal \u015eeng\u00f6r<\/p>\n","protected":false},"excerpt":{"rendered":"<p>Bug\u00fcn d\u00fcnyada ya\u015fayan en m\u00fcreffeh toplumlar, bilimde en ileri gitmi\u015f toplumlard\u0131r. Bug\u00fcn bu toplumlarda din\u00ee inan\u00e7lar\u0131n h\u0131zla geriledi\u011fini g\u00f6r\u00fcyoruz. Bu kitab\u0131n amac\u0131 sizlere \u00e7evremizdeki baz\u0131 olaylar<span class=\"excerpt-hellip\"> [\u2026]<\/span><\/p>\n","protected":false},"featured_media":0,"template":"","meta":{"_monsterinsights_skip_tracking":false,"_monsterinsights_sitenote_active":false,"_monsterinsights_sitenote_note":"","_monsterinsights_sitenote_category":0},"product_brand":[],"product_cat":[12777,12291],"product_tag":[],"class_list":{"0":"post-761360","1":"product","2":"type-product","3":"status-publish","5":"product_cat-deneme","6":"product_cat-edebiyat","7":"pa_cilt-ciltsiz","8":"pa_tur-kitap","9":"pa_yayinevi-masa-kitap","10":"pa_yazar-ali-mehmet-celal-sengor","12":"first","13":"instock","14":"sale","15":"shipping-taxable","16":"purchasable","17":"product-type-simple"},"_links":{"self":[{"href":"https:\/\/roveyayinevi.com.tr\/index.php\/wp-json\/wp\/v2\/product\/761360","targetHints":{"allow":["GET"]}}],"collection":[{"href":"https:\/\/roveyayinevi.com.tr\/index.php\/wp-json\/wp\/v2\/product"}],"about":[{"href":"https:\/\/roveyayinevi.com.tr\/index.php\/wp-json\/wp\/v2\/types\/product"}],"wp:attachment":[{"href":"https:\/\/roveyayinevi.com.tr\/index.php\/wp-json\/wp\/v2\/media?parent=761360"}],"wp:term":[{"taxonomy":"product_brand","embeddable":true,"href":"https:\/\/roveyayinevi.com.tr\/index.php\/wp-json\/wp\/v2\/product_brand?post=761360"},{"taxonomy":"product_cat","embeddable":true,"href":"https:\/\/roveyayinevi.com.tr\/index.php\/wp-json\/wp\/v2\/product_cat?post=761360"},{"taxonomy":"product_tag","embeddable":true,"href":"https:\/\/roveyayinevi.com.tr\/index.php\/wp-json\/wp\/v2\/product_tag?post=761360"}],"curies":[{"name":"wp","href":"https:\/\/api.w.org\/{rel}","templated":true}]}}