{"id":761356,"date":"2025-08-28T09:34:58","date_gmt":"2025-08-28T06:34:58","guid":{"rendered":"https:\/\/roveyayinevi.com.tr\/index.php\/urun\/benden-once-yakala-hayalet-avcilari\/"},"modified":"2026-04-16T03:14:49","modified_gmt":"2026-04-16T00:14:49","slug":"benden-once-yakala-hayalet-avcilari","status":"publish","type":"product","link":"https:\/\/roveyayinevi.com.tr\/index.php\/urun\/benden-once-yakala-hayalet-avcilari\/","title":{"rendered":"Benden \u00d6nce Yakala &#8211; Hayalet Avc\u0131lar\u0131"},"content":{"rendered":"<p>Tim, Ruby ve Leo; Hayalet Pandalar&#8230; Hayaletler ger\u00e7ek mi? Tehlikeli mi, sevimli mi? Hayalet Avc\u0131lar\u0131 i\u015f ba\u015f\u0131nda, bu heyecanl\u0131 macerada \u015fa\u015f\u0131rmak s\u0131radan! \u201cUuuuuuuuuuu&#8230; Hayaletttttttttttttt!..\u201d \u201cO zaman kimi \u00e7a\u011f\u0131r\u0131yoruz? Tabii ki HAYALET AVCILARINI.\u201d <\/p>\n","protected":false},"excerpt":{"rendered":"<p>Tim, Ruby ve Leo; Hayalet Pandalar&#8230; Hayaletler ger\u00e7ek mi? Tehlikeli mi, sevimli mi? Hayalet Avc\u0131lar\u0131 i\u015f ba\u015f\u0131nda, bu heyecanl\u0131 macerada \u015fa\u015f\u0131rmak s\u0131radan! \u201cUuuuuuuuuuu&#8230; Hayaletttttttttttttt!..\u201d \u201cO zaman<span class=\"excerpt-hellip\"> [\u2026]<\/span><\/p>\n","protected":false},"featured_media":0,"template":"","meta":{"_monsterinsights_skip_tracking":false,"_monsterinsights_sitenote_active":false,"_monsterinsights_sitenote_note":"","_monsterinsights_sitenote_category":0},"product_brand":[],"product_cat":[12274,12284],"product_tag":[],"class_list":{"0":"post-761356","1":"product","2":"type-product","3":"status-publish","5":"product_cat-cocuk-ve-genclik-kitaplari","6":"product_cat-hikayeler","7":"pa_cilt-ciltsiz","8":"pa_tur-kitap","9":"pa_yayinevi-parmak-cocuk-yayinlari","10":"pa_yazar-teresa-blanch-gasol","12":"first","13":"instock","14":"sale","15":"shipping-taxable","16":"purchasable","17":"product-type-simple"},"_links":{"self":[{"href":"https:\/\/roveyayinevi.com.tr\/index.php\/wp-json\/wp\/v2\/product\/761356","targetHints":{"allow":["GET"]}}],"collection":[{"href":"https:\/\/roveyayinevi.com.tr\/index.php\/wp-json\/wp\/v2\/product"}],"about":[{"href":"https:\/\/roveyayinevi.com.tr\/index.php\/wp-json\/wp\/v2\/types\/product"}],"wp:attachment":[{"href":"https:\/\/roveyayinevi.com.tr\/index.php\/wp-json\/wp\/v2\/media?parent=761356"}],"wp:term":[{"taxonomy":"product_brand","embeddable":true,"href":"https:\/\/roveyayinevi.com.tr\/index.php\/wp-json\/wp\/v2\/product_brand?post=761356"},{"taxonomy":"product_cat","embeddable":true,"href":"https:\/\/roveyayinevi.com.tr\/index.php\/wp-json\/wp\/v2\/product_cat?post=761356"},{"taxonomy":"product_tag","embeddable":true,"href":"https:\/\/roveyayinevi.com.tr\/index.php\/wp-json\/wp\/v2\/product_tag?post=761356"}],"curies":[{"name":"wp","href":"https:\/\/api.w.org\/{rel}","templated":true}]}}