{"id":761355,"date":"2025-08-28T09:34:56","date_gmt":"2025-08-28T06:34:56","guid":{"rendered":"https:\/\/roveyayinevi.com.tr\/index.php\/urun\/metropol\/"},"modified":"2026-04-16T03:14:49","modified_gmt":"2026-04-16T00:14:49","slug":"metropol","status":"publish","type":"product","link":"https:\/\/roveyayinevi.com.tr\/index.php\/urun\/metropol\/","title":{"rendered":"Metropol"},"content":{"rendered":"<p>\u0130ki y\u00fcz bin y\u0131ll\u0131k insan varolu\u015funda hi\u00e7bir \u015fey bizi \u015fehir kadar derinden de\u011fi\u015ftirmedi. \u0130mparatorluklar y\u00fckseldi ve y\u0131k\u0131ld\u0131, ya\u015fam muazzam bir devinimle de\u011fi\u015firken \u015fehirler arka planda insanl\u0131\u011f\u0131n laboratuvar\u0131 gibi \u00e7al\u0131\u015ft\u0131. Antik Roma&#8217;n\u0131n hareketli pazar yerlerinden modern Tokyo&#8217;nun neon \u0131\u015f\u0131kl\u0131 g\u00f6kdelenlerine kadar \u015fehirler, binlerce y\u0131ld\u0131r yenilik, sanatsal ifade ve sosyal \u00e7alkant\u0131lar\u0131n hem merkezi hem de d\u00f6n\u00fc\u015ft\u00fcr\u00fcc\u00fcs\u00fc olageldi.   Tarih\u00e7i ve yazar Ben Wilson, \u015fehirlerin tarihinin ayn\u0131 zamanda uygarl\u0131\u011f\u0131m\u0131z\u0131n tarihi oldu\u011funu g\u00f6stermek i\u00e7in bizi 26 \u015f\u00f6hretli \u015fehirden ge\u00e7en, yedi bin y\u0131ll\u0131k bir d\u00fcnya turuna \u00e7\u0131kar\u0131yor. Demokrasi ve felsefenin ilk ad\u0131mlar\u0131n\u0131 att\u0131\u011f\u0131 Atina agoras\u0131n\u0131, \u0130slam d\u00fcnyas\u0131n\u0131n kalbinde bir bilgi ve k\u00fclt\u00fcr k\u00f6pr\u00fcs\u00fc olan Orta\u00e7a\u011f Ba\u011fdat&#8217;\u0131n\u0131n dolamba\u00e7l\u0131 sokaklar\u0131n\u0131, sars\u0131c\u0131 sosyal de\u011fi\u015fimlerin merkezi Londra&#8217;n\u0131n Sanayi Devrimi s\u0131ras\u0131ndaki direncini, bireyi kalabal\u0131\u011fa kurban veren New York g\u00f6kdelenlerinin ruh sa\u011fl\u0131\u011f\u0131m\u0131za etkisini ve ekonomik g\u00fc\u00e7 sembol\u00fc 21. y\u00fczy\u0131l \u015eanghay&#8217;\u0131n\u0131n ekoloji kav\u015fa\u011f\u0131ndaki d\u00f6n\u00fc\u015f\u00fcm\u00fcn\u00fc mercek alt\u0131na al\u0131yor.   Metropol, ya\u015fad\u0131\u011f\u0131m\u0131z \u015fehirlerin hem en b\u00fcy\u00fck zaferlerimize nas\u0131l \u0131\u015f\u0131k tuttu\u011funu hem de en derin kusurlar\u0131m\u0131z\u0131 nas\u0131l ortaya \u00e7\u0131kard\u0131\u011f\u0131n\u0131 g\u00f6zler \u00f6n\u00fcne seriyor.   &#8220;Neden \u015fehirlere tutuldu\u011fumuzu ve neden \u2013onca k\u0131yamet ve karamsarl\u0131\u011fa ra\u011fmen\u2013 yak\u0131n zamanda onlar\u0131 terk etmemizin olas\u0131 durmad\u0131\u011f\u0131n\u0131 anlamam\u0131z\u0131 sa\u011fl\u0131yor.&#8221; \u2015Tim Smith-Laing, Daily Telegraph   &#8220;Du\u0308nyan\u0131n en bu\u0308yu\u0308k \u015fehirleri arac\u0131l\u0131\u011f\u0131yla uygarl\u0131k tarihine yarat\u0131c\u0131 bir bak\u0131\u015f.&#8221; \u2015Times <\/p>\n","protected":false},"excerpt":{"rendered":"<p>\u0130ki y\u00fcz bin y\u0131ll\u0131k insan varolu\u015funda hi\u00e7bir \u015fey bizi \u015fehir kadar derinden de\u011fi\u015ftirmedi. \u0130mparatorluklar y\u00fckseldi ve y\u0131k\u0131ld\u0131, ya\u015fam muazzam bir devinimle de\u011fi\u015firken \u015fehirler arka planda insanl\u0131\u011f\u0131n<span class=\"excerpt-hellip\"> [\u2026]<\/span><\/p>\n","protected":false},"featured_media":0,"template":"","meta":{"_monsterinsights_skip_tracking":false,"_monsterinsights_sitenote_active":false,"_monsterinsights_sitenote_note":"","_monsterinsights_sitenote_category":0},"product_brand":[],"product_cat":[12370,12304],"product_tag":[],"class_list":{"0":"post-761355","1":"product","2":"type-product","3":"status-publish","5":"product_cat-arastirma-inceleme","6":"product_cat-tarih","7":"pa_cilt-ciltsiz","8":"pa_tur-kitap","9":"pa_yayinevi-domingo-yayinevi","10":"pa_yazar-ben-wilson","12":"first","13":"instock","14":"sale","15":"shipping-taxable","16":"purchasable","17":"product-type-simple"},"_links":{"self":[{"href":"https:\/\/roveyayinevi.com.tr\/index.php\/wp-json\/wp\/v2\/product\/761355","targetHints":{"allow":["GET"]}}],"collection":[{"href":"https:\/\/roveyayinevi.com.tr\/index.php\/wp-json\/wp\/v2\/product"}],"about":[{"href":"https:\/\/roveyayinevi.com.tr\/index.php\/wp-json\/wp\/v2\/types\/product"}],"wp:attachment":[{"href":"https:\/\/roveyayinevi.com.tr\/index.php\/wp-json\/wp\/v2\/media?parent=761355"}],"wp:term":[{"taxonomy":"product_brand","embeddable":true,"href":"https:\/\/roveyayinevi.com.tr\/index.php\/wp-json\/wp\/v2\/product_brand?post=761355"},{"taxonomy":"product_cat","embeddable":true,"href":"https:\/\/roveyayinevi.com.tr\/index.php\/wp-json\/wp\/v2\/product_cat?post=761355"},{"taxonomy":"product_tag","embeddable":true,"href":"https:\/\/roveyayinevi.com.tr\/index.php\/wp-json\/wp\/v2\/product_tag?post=761355"}],"curies":[{"name":"wp","href":"https:\/\/api.w.org\/{rel}","templated":true}]}}