{"id":761352,"date":"2025-08-28T09:34:51","date_gmt":"2025-08-28T06:34:51","guid":{"rendered":"https:\/\/roveyayinevi.com.tr\/index.php\/urun\/binbir-gece-masallari-7\/"},"modified":"2026-04-16T03:14:49","modified_gmt":"2026-04-16T00:14:49","slug":"binbir-gece-masallari-7","status":"publish","type":"product","link":"https:\/\/roveyayinevi.com.tr\/index.php\/urun\/binbir-gece-masallari-7\/","title":{"rendered":"Binbir Gece Masallar\u0131"},"content":{"rendered":"<p>* \u015eehrazat ile \u015eah \u015eehriyar * T\u00fcccar ile Cin * Bal\u0131k\u00e7\u0131 ile \u0130frit * Kral Yunnan ile Hekim Dubban * \u015eah Sinbad\u2019\u0131n \u015eahini * \u015eehzade ile Gulyabani * Bal\u0131k\u00e7\u0131 ile \u0130frit \u2013 2 * B\u00fcy\u00fclenmi\u015f \u015eehzade ile Bal\u0131klar * Alaaddin\u2019in Sihirli Lambas\u0131 * Denizci Sinbad\u2019\u0131n Birinci Maceras\u0131 * Denizci Sinbad\u2019\u0131n \u0130kinci Maceras\u0131 * Denizci Sinbad\u2019\u0131n \u00dc\u00e7\u00fcnc\u00fc Maceras\u0131 * Denizci Sinbad\u2019\u0131n D\u00f6rd\u00fcnc\u00fc Maceras\u0131 * Denizci Sinbad\u2019\u0131n Be\u015finci Maceras\u0131 * Denizci Sinbad\u2019\u0131n Alt\u0131nc\u0131 Maceras\u0131* Denizci Sinbad\u2019\u0131n Yedinci Maceras\u0131<\/p>\n","protected":false},"excerpt":{"rendered":"<p>* \u015eehrazat ile \u015eah \u015eehriyar * T\u00fcccar ile Cin * Bal\u0131k\u00e7\u0131 ile \u0130frit * Kral Yunnan ile Hekim Dubban * \u015eah Sinbad\u2019\u0131n \u015eahini * \u015eehzade ile<span class=\"excerpt-hellip\"> [\u2026]<\/span><\/p>\n","protected":false},"featured_media":0,"template":"","meta":{"_monsterinsights_skip_tracking":false,"_monsterinsights_sitenote_active":false,"_monsterinsights_sitenote_note":"","_monsterinsights_sitenote_category":0},"product_brand":[],"product_cat":[12274,12467],"product_tag":[],"class_list":{"0":"post-761352","1":"product","2":"type-product","3":"status-publish","5":"product_cat-cocuk-ve-genclik-kitaplari","6":"product_cat-dunya-klasikleri","7":"pa_cilt-ciltsiz","8":"pa_tur-kitap","9":"pa_yayinevi-pars-yayinlari","10":"pa_yazar-antoine-galland","12":"first","13":"instock","14":"sale","15":"shipping-taxable","16":"purchasable","17":"product-type-simple"},"_links":{"self":[{"href":"https:\/\/roveyayinevi.com.tr\/index.php\/wp-json\/wp\/v2\/product\/761352","targetHints":{"allow":["GET"]}}],"collection":[{"href":"https:\/\/roveyayinevi.com.tr\/index.php\/wp-json\/wp\/v2\/product"}],"about":[{"href":"https:\/\/roveyayinevi.com.tr\/index.php\/wp-json\/wp\/v2\/types\/product"}],"wp:attachment":[{"href":"https:\/\/roveyayinevi.com.tr\/index.php\/wp-json\/wp\/v2\/media?parent=761352"}],"wp:term":[{"taxonomy":"product_brand","embeddable":true,"href":"https:\/\/roveyayinevi.com.tr\/index.php\/wp-json\/wp\/v2\/product_brand?post=761352"},{"taxonomy":"product_cat","embeddable":true,"href":"https:\/\/roveyayinevi.com.tr\/index.php\/wp-json\/wp\/v2\/product_cat?post=761352"},{"taxonomy":"product_tag","embeddable":true,"href":"https:\/\/roveyayinevi.com.tr\/index.php\/wp-json\/wp\/v2\/product_tag?post=761352"}],"curies":[{"name":"wp","href":"https:\/\/api.w.org\/{rel}","templated":true}]}}