{"id":761351,"date":"2025-08-28T09:34:49","date_gmt":"2025-08-28T06:34:49","guid":{"rendered":"https:\/\/roveyayinevi.com.tr\/index.php\/urun\/gumus-patenler-7\/"},"modified":"2026-04-16T03:14:49","modified_gmt":"2026-04-16T00:14:49","slug":"gumus-patenler-7","status":"publish","type":"product","link":"https:\/\/roveyayinevi.com.tr\/index.php\/urun\/gumus-patenler-7\/","title":{"rendered":"G\u00fcm\u00fc\u015f Patenler"},"content":{"rendered":"<p>Hans ve Gretel, ak\u0131llar\u0131 fikirleri kaymak olan Hollandal\u0131 iki karde\u015flerdi ancak \u00f6yle fakirlerdi ki ger\u00e7ek bir paten almaya paralar\u0131 bile yoktu. G\u00fcn\u00fcn birinde bir yar\u0131\u015f yap\u0131laca\u011f\u0131n\u0131 ve kazanana bir \u00e7ift g\u00fcm\u00fc\u015f paten hediye edilece\u011fini \u00f6\u011frenen iki karde\u015f bu yar\u0131\u015ftan ba\u015fka bir \u015fey d\u00fc\u015f\u00fcnmez oldular ama yar\u0131\u015fmaya kat\u0131lacak patenleri bile alacak durumda de\u011fillerdi.      Bir zamanlar babalar\u0131 \u00e7al\u0131\u015f\u0131rken \u00e7ok mutlu bir aileydiler ama babalar\u0131n\u0131n ge\u00e7irdi\u011fi kaza sonucu akl\u0131n\u0131 yitirmesi ve biriktirdi\u011fi paray\u0131 nereye koydu\u011funu hat\u0131rlayamamas\u0131 y\u00fcz\u00fcnden \u00e7ok zor g\u00fcnler ge\u00e7iren Hans ve Gretel. yine de umutlar\u0131n\u0131 asla kaybetmediler. Babalar\u0131 iyile\u015fecek miydi? Peki yar\u0131\u015fa kat\u0131l\u0131p kazanabilecekler miydi? \u0130\u00e7inizi \u0131s\u0131tacak s\u0131ms\u0131cak bir \u00f6yk\u00fc G\u00fcm\u00fc\u015f Patenler. <\/p>\n","protected":false},"excerpt":{"rendered":"<p>Hans ve Gretel, ak\u0131llar\u0131 fikirleri kaymak olan Hollandal\u0131 iki karde\u015flerdi ancak \u00f6yle fakirlerdi ki ger\u00e7ek bir paten almaya paralar\u0131 bile yoktu. G\u00fcn\u00fcn birinde bir yar\u0131\u015f yap\u0131laca\u011f\u0131n\u0131<span class=\"excerpt-hellip\"> [\u2026]<\/span><\/p>\n","protected":false},"featured_media":0,"template":"","meta":{"_monsterinsights_skip_tracking":false,"_monsterinsights_sitenote_active":false,"_monsterinsights_sitenote_note":"","_monsterinsights_sitenote_category":0},"product_brand":[],"product_cat":[12274,12467],"product_tag":[],"class_list":{"0":"post-761351","1":"product","2":"type-product","3":"status-publish","5":"product_cat-cocuk-ve-genclik-kitaplari","6":"product_cat-dunya-klasikleri","7":"pa_cilt-ciltsiz","8":"pa_tur-kitap","9":"pa_yayinevi-pars-yayinlari","10":"pa_yazar-mary-mapes-dodge","12":"first","13":"instock","14":"sale","15":"shipping-taxable","16":"purchasable","17":"product-type-simple"},"_links":{"self":[{"href":"https:\/\/roveyayinevi.com.tr\/index.php\/wp-json\/wp\/v2\/product\/761351","targetHints":{"allow":["GET"]}}],"collection":[{"href":"https:\/\/roveyayinevi.com.tr\/index.php\/wp-json\/wp\/v2\/product"}],"about":[{"href":"https:\/\/roveyayinevi.com.tr\/index.php\/wp-json\/wp\/v2\/types\/product"}],"wp:attachment":[{"href":"https:\/\/roveyayinevi.com.tr\/index.php\/wp-json\/wp\/v2\/media?parent=761351"}],"wp:term":[{"taxonomy":"product_brand","embeddable":true,"href":"https:\/\/roveyayinevi.com.tr\/index.php\/wp-json\/wp\/v2\/product_brand?post=761351"},{"taxonomy":"product_cat","embeddable":true,"href":"https:\/\/roveyayinevi.com.tr\/index.php\/wp-json\/wp\/v2\/product_cat?post=761351"},{"taxonomy":"product_tag","embeddable":true,"href":"https:\/\/roveyayinevi.com.tr\/index.php\/wp-json\/wp\/v2\/product_tag?post=761351"}],"curies":[{"name":"wp","href":"https:\/\/api.w.org\/{rel}","templated":true}]}}