{"id":761350,"date":"2025-08-28T09:34:47","date_gmt":"2025-08-28T06:34:47","guid":{"rendered":"https:\/\/roveyayinevi.com.tr\/index.php\/urun\/robinson-crusoe-25\/"},"modified":"2026-04-16T03:14:49","modified_gmt":"2026-04-16T00:14:49","slug":"robinson-crusoe-25","status":"publish","type":"product","link":"https:\/\/roveyayinevi.com.tr\/index.php\/urun\/robinson-crusoe-25\/","title":{"rendered":"Robinson Crusoe"},"content":{"rendered":"<p>Yaz\u0131ld\u0131\u011f\u0131 g\u00fcnden bu yana her ya\u015ftan insan\u0131n hala ilgi ve merakla okudu\u011fu Robinson Crusoe, tek bir adam\u0131n \u0131ss\u0131z bir adada nas\u0131l hayatta kald\u0131\u011f\u0131n\u0131 bize anlatan e\u015fsiz bir ser\u00fcven. Akl\u0131 fikri d\u00fcnyay\u0131 dola\u015fmakta olan gen\u00e7 Robinson, babas\u0131n\u0131n ve annesinin t\u00fcm yalvarmalar\u0131na kar\u015f\u0131 \u00e7\u0131k\u0131p evden ka\u00e7ar ve gemiyle denize a\u00e7\u0131l\u0131r. \u00d6nce Fasl\u0131 korsanlar\u0131n eline d\u00fc\u015fer, kurtulduktan sonra yeniden a\u00e7\u0131ld\u0131\u011f\u0131 deniz yolculu\u011funda gemisi f\u0131rt\u0131naya tutulur, gemi par\u00e7alan\u0131r ve Robinson tek ba\u015f\u0131na bir adaya \u00e7\u0131kar. \u0130\u015fte as\u0131l ser\u00fcven \u015fimdi ba\u015flamaktad\u0131r.<\/p>\n","protected":false},"excerpt":{"rendered":"<p>Yaz\u0131ld\u0131\u011f\u0131 g\u00fcnden bu yana her ya\u015ftan insan\u0131n hala ilgi ve merakla okudu\u011fu Robinson Crusoe, tek bir adam\u0131n \u0131ss\u0131z bir adada nas\u0131l hayatta kald\u0131\u011f\u0131n\u0131 bize anlatan e\u015fsiz<span class=\"excerpt-hellip\"> [\u2026]<\/span><\/p>\n","protected":false},"featured_media":0,"template":"","meta":{"_monsterinsights_skip_tracking":false,"_monsterinsights_sitenote_active":false,"_monsterinsights_sitenote_note":"","_monsterinsights_sitenote_category":0},"product_brand":[],"product_cat":[12274,12467],"product_tag":[],"class_list":{"0":"post-761350","1":"product","2":"type-product","3":"status-publish","5":"product_cat-cocuk-ve-genclik-kitaplari","6":"product_cat-dunya-klasikleri","7":"pa_cilt-ciltsiz","8":"pa_tur-kitap","9":"pa_yayinevi-pars-yayinlari","10":"pa_yazar-daniel-defoe","12":"first","13":"instock","14":"sale","15":"shipping-taxable","16":"purchasable","17":"product-type-simple"},"_links":{"self":[{"href":"https:\/\/roveyayinevi.com.tr\/index.php\/wp-json\/wp\/v2\/product\/761350","targetHints":{"allow":["GET"]}}],"collection":[{"href":"https:\/\/roveyayinevi.com.tr\/index.php\/wp-json\/wp\/v2\/product"}],"about":[{"href":"https:\/\/roveyayinevi.com.tr\/index.php\/wp-json\/wp\/v2\/types\/product"}],"wp:attachment":[{"href":"https:\/\/roveyayinevi.com.tr\/index.php\/wp-json\/wp\/v2\/media?parent=761350"}],"wp:term":[{"taxonomy":"product_brand","embeddable":true,"href":"https:\/\/roveyayinevi.com.tr\/index.php\/wp-json\/wp\/v2\/product_brand?post=761350"},{"taxonomy":"product_cat","embeddable":true,"href":"https:\/\/roveyayinevi.com.tr\/index.php\/wp-json\/wp\/v2\/product_cat?post=761350"},{"taxonomy":"product_tag","embeddable":true,"href":"https:\/\/roveyayinevi.com.tr\/index.php\/wp-json\/wp\/v2\/product_tag?post=761350"}],"curies":[{"name":"wp","href":"https:\/\/api.w.org\/{rel}","templated":true}]}}