{"id":761349,"date":"2025-08-28T09:34:45","date_gmt":"2025-08-28T06:34:45","guid":{"rendered":"https:\/\/roveyayinevi.com.tr\/index.php\/urun\/la-fontaineden-secmeler-6\/"},"modified":"2026-04-16T03:14:49","modified_gmt":"2026-04-16T00:14:49","slug":"la-fontaineden-secmeler-6","status":"publish","type":"product","link":"https:\/\/roveyayinevi.com.tr\/index.php\/urun\/la-fontaineden-secmeler-6\/","title":{"rendered":"La Fontaine\u2019den Se\u00e7meler"},"content":{"rendered":"<p>Bu kitap, fabl t\u00fcr\u00fcn\u00fcn \u00f6nc\u00fclerinden olan d\u00fcnyaca \u00fcnl\u00fc Frans\u0131z yazar La Fontaine\u2019in se\u00e7me eserlerinden olu\u015fmaktad\u0131r. Kitab\u0131 okurken, konu\u015fan hayvanlar\u0131n, bitkilerin, \u00e7\u00f6mleklerin b\u00fcy\u00fcl\u00fc d\u00fcnyas\u0131na ad\u0131m atacak, onlarda kendinizden ve \u00e7evrenizdeki insanlardan bir \u015feyler bulacaks\u0131n\u0131z.<\/p>\n","protected":false},"excerpt":{"rendered":"<p>Bu kitap, fabl t\u00fcr\u00fcn\u00fcn \u00f6nc\u00fclerinden olan d\u00fcnyaca \u00fcnl\u00fc Frans\u0131z yazar La Fontaine\u2019in se\u00e7me eserlerinden olu\u015fmaktad\u0131r. Kitab\u0131 okurken, konu\u015fan hayvanlar\u0131n, bitkilerin, \u00e7\u00f6mleklerin b\u00fcy\u00fcl\u00fc d\u00fcnyas\u0131na ad\u0131m atacak, onlarda<span class=\"excerpt-hellip\"> [\u2026]<\/span><\/p>\n","protected":false},"featured_media":0,"template":"","meta":{"_monsterinsights_skip_tracking":false,"_monsterinsights_sitenote_active":false,"_monsterinsights_sitenote_note":"","_monsterinsights_sitenote_category":0},"product_brand":[],"product_cat":[12274,12467],"product_tag":[],"class_list":{"0":"post-761349","1":"product","2":"type-product","3":"status-publish","5":"product_cat-cocuk-ve-genclik-kitaplari","6":"product_cat-dunya-klasikleri","7":"pa_cilt-ciltsiz","8":"pa_tur-kitap","9":"pa_yayinevi-pars-yayinlari","10":"pa_yazar-jean-de-la-fontaine","12":"first","13":"instock","14":"sale","15":"shipping-taxable","16":"purchasable","17":"product-type-simple"},"_links":{"self":[{"href":"https:\/\/roveyayinevi.com.tr\/index.php\/wp-json\/wp\/v2\/product\/761349","targetHints":{"allow":["GET"]}}],"collection":[{"href":"https:\/\/roveyayinevi.com.tr\/index.php\/wp-json\/wp\/v2\/product"}],"about":[{"href":"https:\/\/roveyayinevi.com.tr\/index.php\/wp-json\/wp\/v2\/types\/product"}],"wp:attachment":[{"href":"https:\/\/roveyayinevi.com.tr\/index.php\/wp-json\/wp\/v2\/media?parent=761349"}],"wp:term":[{"taxonomy":"product_brand","embeddable":true,"href":"https:\/\/roveyayinevi.com.tr\/index.php\/wp-json\/wp\/v2\/product_brand?post=761349"},{"taxonomy":"product_cat","embeddable":true,"href":"https:\/\/roveyayinevi.com.tr\/index.php\/wp-json\/wp\/v2\/product_cat?post=761349"},{"taxonomy":"product_tag","embeddable":true,"href":"https:\/\/roveyayinevi.com.tr\/index.php\/wp-json\/wp\/v2\/product_tag?post=761349"}],"curies":[{"name":"wp","href":"https:\/\/api.w.org\/{rel}","templated":true}]}}