{"id":761348,"date":"2025-08-28T09:34:43","date_gmt":"2025-08-28T06:34:43","guid":{"rendered":"https:\/\/roveyayinevi.com.tr\/index.php\/urun\/sefiller-17\/"},"modified":"2026-04-16T03:14:49","modified_gmt":"2026-04-16T00:14:49","slug":"sefiller-17","status":"publish","type":"product","link":"https:\/\/roveyayinevi.com.tr\/index.php\/urun\/sefiller-17\/","title":{"rendered":"Sefiller"},"content":{"rendered":"<p>Jean Valjean \u00e7ald\u0131\u011f\u0131 bir somun ekmek y\u00fcz\u00fcnden be\u015f y\u0131l k\u00fcrek cezas\u0131na \u00e7arpt\u0131r\u0131l\u0131r. Ancak ka\u00e7ma giri\u015fimleri y\u00fcz\u00fcnden cezas\u0131 on dokuz y\u0131la \u00e7\u0131kar.             Hapisten \u00e7\u0131kt\u0131\u011f\u0131nda insanlara kar\u015f\u0131 y\u00fcre\u011fi nefretle doludur. Bu y\u00fczden, iyi y\u00fcrekli bir piskoposun g\u00fcm\u00fc\u015f sofra tak\u0131mlar\u0131n\u0131 \u00e7almakta sak\u0131nca g\u00f6rmez. Sonras\u0131nda Dedektif Javert taraf\u0131ndan yakalan\u0131r, fakat piskoposun merhameti sayesinde ceza almaktan kurtulur. Bu olay Valjean i\u00e7in bir d\u00f6n\u00fcm noktas\u0131d\u0131r. Zira o, bundan sonraki hayat\u0131n\u0131 d\u00fcr\u00fcst ve yard\u0131msever bir insan olarak ya\u015famak istemektedir.             Bu kitap \u00e7aresiz ve d\u0131\u015flanm\u0131\u015f bir adam\u0131n, kar\u015f\u0131la\u015ft\u0131\u011f\u0131 her k\u00f6t\u00fcl\u00fc\u011fe, haks\u0131zl\u0131\u011fa ve zorlu\u011fa ra\u011fmen do\u011fruluk ve iyilik i\u00e7in verdi\u011fi m\u00fccadeleyi anlatmaktad\u0131r. <\/p>\n","protected":false},"excerpt":{"rendered":"<p>Jean Valjean \u00e7ald\u0131\u011f\u0131 bir somun ekmek y\u00fcz\u00fcnden be\u015f y\u0131l k\u00fcrek cezas\u0131na \u00e7arpt\u0131r\u0131l\u0131r. Ancak ka\u00e7ma giri\u015fimleri y\u00fcz\u00fcnden cezas\u0131 on dokuz y\u0131la \u00e7\u0131kar. Hapisten \u00e7\u0131kt\u0131\u011f\u0131nda insanlara kar\u015f\u0131 y\u00fcre\u011fi<span class=\"excerpt-hellip\"> [\u2026]<\/span><\/p>\n","protected":false},"featured_media":0,"template":"","meta":{"_monsterinsights_skip_tracking":false,"_monsterinsights_sitenote_active":false,"_monsterinsights_sitenote_note":"","_monsterinsights_sitenote_category":0},"product_brand":[],"product_cat":[12274,12467],"product_tag":[],"class_list":{"0":"post-761348","1":"product","2":"type-product","3":"status-publish","5":"product_cat-cocuk-ve-genclik-kitaplari","6":"product_cat-dunya-klasikleri","7":"pa_cilt-ciltsiz","8":"pa_tur-kitap","9":"pa_yayinevi-pars-yayinlari","10":"pa_yazar-victor-hugo","12":"first","13":"instock","14":"sale","15":"shipping-taxable","16":"purchasable","17":"product-type-simple"},"_links":{"self":[{"href":"https:\/\/roveyayinevi.com.tr\/index.php\/wp-json\/wp\/v2\/product\/761348","targetHints":{"allow":["GET"]}}],"collection":[{"href":"https:\/\/roveyayinevi.com.tr\/index.php\/wp-json\/wp\/v2\/product"}],"about":[{"href":"https:\/\/roveyayinevi.com.tr\/index.php\/wp-json\/wp\/v2\/types\/product"}],"wp:attachment":[{"href":"https:\/\/roveyayinevi.com.tr\/index.php\/wp-json\/wp\/v2\/media?parent=761348"}],"wp:term":[{"taxonomy":"product_brand","embeddable":true,"href":"https:\/\/roveyayinevi.com.tr\/index.php\/wp-json\/wp\/v2\/product_brand?post=761348"},{"taxonomy":"product_cat","embeddable":true,"href":"https:\/\/roveyayinevi.com.tr\/index.php\/wp-json\/wp\/v2\/product_cat?post=761348"},{"taxonomy":"product_tag","embeddable":true,"href":"https:\/\/roveyayinevi.com.tr\/index.php\/wp-json\/wp\/v2\/product_tag?post=761348"}],"curies":[{"name":"wp","href":"https:\/\/api.w.org\/{rel}","templated":true}]}}