{"id":761346,"date":"2025-08-28T09:34:39","date_gmt":"2025-08-28T06:34:39","guid":{"rendered":"https:\/\/roveyayinevi.com.tr\/index.php\/urun\/iran-zindaninda-devrimin-travmasi\/"},"modified":"2026-04-16T03:14:49","modified_gmt":"2026-04-16T00:14:49","slug":"iran-zindaninda-devrimin-travmasi","status":"publish","type":"product","link":"https:\/\/roveyayinevi.com.tr\/index.php\/urun\/iran-zindaninda-devrimin-travmasi\/","title":{"rendered":"\u0130ran Zindan\u0131nda &#8211; Devrimin Travmas\u0131"},"content":{"rendered":"<p>\u201cLenin: Humeyni yolda\u015f, sen de ben de kitab\u0131m\u0131z\u0131 T\u00fcrklere verelim okusunlar! Hangimizin kitab\u0131n\u0131 be\u011fenirlerse Bak\u00fc\u2019ye o sahip olur. Humeyni: G\u00fczel fikir\u2026 Lenin Efendi, e\u011fer her ikimizin kitab\u0131n\u0131 da kabul ederlerse o zaman ne olacak? Lenin: O zaman zihinlerinde mill\u00ee ideolojiye yer kalmayacak&#8230;\u201d *** \u0130ran\u2019da ya\u015fanan s\u00f6zde \u0130slam devrimi ve sonras\u0131nda halka reva g\u00f6r\u00fclen ac\u0131lar&#8230; Mahkemesi as\u0131ld\u0131ktan sonra g\u00f6r\u00fclen binlerin ger\u00e7ek hik\u00e2yesi&#8230; En uzunu yar\u0131m kar\u0131\u015f olan iplerle dokunan bir portrenin hik\u00e2yesi\u2026 Engin denizlere ula\u015fmak isteyen karabal\u0131klar\u0131n hik\u00e2yesi\u2026 <\/p>\n","protected":false},"excerpt":{"rendered":"<p>\u201cLenin: Humeyni yolda\u015f, sen de ben de kitab\u0131m\u0131z\u0131 T\u00fcrklere verelim okusunlar! Hangimizin kitab\u0131n\u0131 be\u011fenirlerse Bak\u00fc\u2019ye o sahip olur. Humeyni: G\u00fczel fikir\u2026 Lenin Efendi, e\u011fer her ikimizin<span class=\"excerpt-hellip\"> [\u2026]<\/span><\/p>\n","protected":false},"featured_media":0,"template":"","meta":{"_monsterinsights_skip_tracking":false,"_monsterinsights_sitenote_active":false,"_monsterinsights_sitenote_note":"","_monsterinsights_sitenote_category":0},"product_brand":[],"product_cat":[12291,12711],"product_tag":[],"class_list":{"0":"post-761346","1":"product","2":"type-product","3":"status-publish","5":"product_cat-edebiyat","6":"product_cat-roman-oyku","7":"pa_cilt-ciltsiz","8":"pa_tur-kitap","9":"pa_yayinevi-cinaralti-yayinlari","10":"pa_yazar-eluca-atali","12":"first","13":"instock","14":"sale","15":"shipping-taxable","16":"purchasable","17":"product-type-simple"},"_links":{"self":[{"href":"https:\/\/roveyayinevi.com.tr\/index.php\/wp-json\/wp\/v2\/product\/761346","targetHints":{"allow":["GET"]}}],"collection":[{"href":"https:\/\/roveyayinevi.com.tr\/index.php\/wp-json\/wp\/v2\/product"}],"about":[{"href":"https:\/\/roveyayinevi.com.tr\/index.php\/wp-json\/wp\/v2\/types\/product"}],"wp:attachment":[{"href":"https:\/\/roveyayinevi.com.tr\/index.php\/wp-json\/wp\/v2\/media?parent=761346"}],"wp:term":[{"taxonomy":"product_brand","embeddable":true,"href":"https:\/\/roveyayinevi.com.tr\/index.php\/wp-json\/wp\/v2\/product_brand?post=761346"},{"taxonomy":"product_cat","embeddable":true,"href":"https:\/\/roveyayinevi.com.tr\/index.php\/wp-json\/wp\/v2\/product_cat?post=761346"},{"taxonomy":"product_tag","embeddable":true,"href":"https:\/\/roveyayinevi.com.tr\/index.php\/wp-json\/wp\/v2\/product_tag?post=761346"}],"curies":[{"name":"wp","href":"https:\/\/api.w.org\/{rel}","templated":true}]}}