{"id":761345,"date":"2025-08-28T09:34:37","date_gmt":"2025-08-28T06:34:37","guid":{"rendered":"https:\/\/roveyayinevi.com.tr\/index.php\/urun\/yetiskinlere-shakespeare\/"},"modified":"2026-04-16T03:14:49","modified_gmt":"2026-04-16T00:14:49","slug":"yetiskinlere-shakespeare","status":"publish","type":"product","link":"https:\/\/roveyayinevi.com.tr\/index.php\/urun\/yetiskinlere-shakespeare\/","title":{"rendered":"Yeti\u015fkinlere Shakespeare"},"content":{"rendered":"<p>Shakespeare oyunlar\u0131 her \u00e7a\u011fdan insana hitap etmeyi nas\u0131l ba\u015far\u0131yor? Oyunlar\u0131 ger\u00e7ekten Shakespeare mi yazd\u0131? Oyunlar\u0131n ilk kez okuyucuyla bulu\u015ftu\u011fu Birinci Folyo nas\u0131l derlendi? Oyunlardan birini ilk kez sahnelendi\u011finde seyredebilseydik nas\u0131l bir performansla kar\u015f\u0131la\u015facakt\u0131k? Sonelerdeki \u201cKaranl\u0131k Leydi\u201d kim olabilir? Bu kitapta yan\u0131tlar\u0131n\u0131 bulaca\u011f\u0131n\u0131z sorulardan sadece birka\u00e7\u0131\u2026   Shakespeare\u2019in \u00f6zel hayat\u0131, \u00e7a\u011fda\u015flar\u0131 ve etkile\u015fimleri; dili ve \u015fiirsel yetene\u011fi; eserlerinin tarihsel \u00e7er\u00e7evesi ve anahtar temalar\u0131; az bilinen \u00e7al\u0131\u015fmalar\u0131 ve karakterleri, \u00e7ok bilinen tiratlar\u0131 ve yap\u0131tlar\u0131ndan \u00fcnl\u00fc al\u0131nt\u0131lar; kendi t\u00fcretti\u011fi deyi\u015fler ve s\u00f6zc\u00fckler gibi bir\u00e7ok ba\u015fl\u0131k alt\u0131nda s\u00fcr\u00fckleyici bir okuma ser\u00fcveni sizi bekliyor.<\/p>\n","protected":false},"excerpt":{"rendered":"<p>Shakespeare oyunlar\u0131 her \u00e7a\u011fdan insana hitap etmeyi nas\u0131l ba\u015far\u0131yor? Oyunlar\u0131 ger\u00e7ekten Shakespeare mi yazd\u0131? Oyunlar\u0131n ilk kez okuyucuyla bulu\u015ftu\u011fu Birinci Folyo nas\u0131l derlendi? Oyunlardan birini ilk<span class=\"excerpt-hellip\"> [\u2026]<\/span><\/p>\n","protected":false},"featured_media":0,"template":"","meta":{"_monsterinsights_skip_tracking":false,"_monsterinsights_sitenote_active":false,"_monsterinsights_sitenote_note":"","_monsterinsights_sitenote_category":0},"product_brand":[],"product_cat":[12291,15566],"product_tag":[],"class_list":{"0":"post-761345","1":"product","2":"type-product","3":"status-publish","5":"product_cat-edebiyat","6":"product_cat-oyun","7":"pa_cilt-ciltsiz","8":"pa_tur-kitap","9":"pa_yayinevi-alfa-yayinlari","10":"pa_yazar-elizabeth-foley-beth-coates","12":"first","13":"instock","14":"sale","15":"shipping-taxable","16":"purchasable","17":"product-type-simple"},"_links":{"self":[{"href":"https:\/\/roveyayinevi.com.tr\/index.php\/wp-json\/wp\/v2\/product\/761345","targetHints":{"allow":["GET"]}}],"collection":[{"href":"https:\/\/roveyayinevi.com.tr\/index.php\/wp-json\/wp\/v2\/product"}],"about":[{"href":"https:\/\/roveyayinevi.com.tr\/index.php\/wp-json\/wp\/v2\/types\/product"}],"wp:attachment":[{"href":"https:\/\/roveyayinevi.com.tr\/index.php\/wp-json\/wp\/v2\/media?parent=761345"}],"wp:term":[{"taxonomy":"product_brand","embeddable":true,"href":"https:\/\/roveyayinevi.com.tr\/index.php\/wp-json\/wp\/v2\/product_brand?post=761345"},{"taxonomy":"product_cat","embeddable":true,"href":"https:\/\/roveyayinevi.com.tr\/index.php\/wp-json\/wp\/v2\/product_cat?post=761345"},{"taxonomy":"product_tag","embeddable":true,"href":"https:\/\/roveyayinevi.com.tr\/index.php\/wp-json\/wp\/v2\/product_tag?post=761345"}],"curies":[{"name":"wp","href":"https:\/\/api.w.org\/{rel}","templated":true}]}}