{"id":761342,"date":"2025-08-28T09:34:32","date_gmt":"2025-08-28T06:34:32","guid":{"rendered":"https:\/\/roveyayinevi.com.tr\/index.php\/urun\/yeni-felaket-cagi\/"},"modified":"2026-01-29T03:53:58","modified_gmt":"2026-01-29T00:53:58","slug":"yeni-felaket-cagi","status":"publish","type":"product","link":"https:\/\/roveyayinevi.com.tr\/index.php\/urun\/yeni-felaket-cagi\/","title":{"rendered":"Yeni Felaket \u00c7a\u011f\u0131"},"content":{"rendered":"<p>D\u00fcnya yeni bir felaket \u00e7a\u011f\u0131na giriyor. \u0130stisna, normal haline geliyor. 1914 ve 1945 aras\u0131nda ya\u015fanm\u0131\u015f olan b\u00f6ylesi son kriz, iki d\u00fcnya sava\u015f\u0131na, B\u00fcy\u00fck Buhran\u2019a ve Yahudi Soyk\u0131r\u0131m\u0131\u2019na sahne oldu. G\u00fcn\u00fcm\u00fczde insan t\u00fcr\u00fc, h\u0131zlanmakta olan iklim de\u011fi\u015fikli\u011finin neden oldu\u011fu kontrol alt\u0131na al\u0131nmayan yang\u0131nlar, seller ve di\u011fer a\u015f\u0131r\u0131 hava olaylar\u0131 ile Rusya\u2019n\u0131n Ukrayna\u2019y\u0131 i\u015fgalini takiben n\u00fckleer sava\u015f tehdidini i\u00e7eren yeni varolu\u015fsal tehlikelerle kar\u015f\u0131 kar\u015f\u0131ya. Alex Callinicos, bu tehlikelerin ortak kayna\u011f\u0131n\u0131n \u00e7uvallamakta olan ve bizi toplumsal bir \u00e7\u00f6k\u00fc\u015fe do\u011fru savuran kapitalist sistemin \u00e7ok-boyutlu krizi oldu\u011funu \u00f6ne s\u00fcr\u00fcyor. Bu kriz, do\u011fan\u0131n giderek artan bir bi\u00e7imde tahrip edili\u015fini, eme\u011fin de\u011fersizle\u015ftirilmesini, k\u00fcresel finansal krizden bu yana durgun olan bir d\u00fcnya ekonomisini ve ABD, \u00c7in ve Rusya aras\u0131ndaki emperyalistler aras\u0131 artan \u00e7at\u0131\u015fmalar\u0131 i\u00e7eriyor. \u015eimdiye kadar bundan en \u00e7ok faydalanan Beyaz Saray\u2019\u0131 tekrar ele ge\u00e7irebilecek olan a\u015f\u0131r\u0131 sa\u011f oldu. Ancak yeni felaket \u00e7a\u011f\u0131 ayn\u0131 zamanda bir isyan \u00e7a\u011f\u0131d\u0131r da. Siyah Hayatlar \u00d6nemlidir, #MeToo protestolar\u0131 ve Sudan, Sri Lanka ve \u0130ran\u2019daki isyanlar\u0131 takiben, sistemdeki bir\u00e7ok \u00e7atlak say\u0131s\u0131z bask\u0131 bi\u00e7imine meydan okuyabilecek ve adil ve s\u00fcrd\u00fcr\u00fclebilir bir d\u00fcnyan\u0131n yolunu a\u00e7abilecek daha fazla kitlesel harekete neden olacakt\u0131r.   \u201cD\u00fcnyan\u0131n en \u00f6nemli Marksist d\u00fc\u015f\u00fcn\u00fcrlerinden biri olan Alex Callinicos\u2019un bu ola\u011fan\u00fcst\u00fc kitab\u0131, \u00e7a\u011fda\u015f siyaseti, onu tarihini, nedenlerini ve alternatife giden yolu karakterize eden daimi acil durum halini anlamak i\u00e7in son derece gerekli bir okuma. Callinicos\u2019un d\u00fcnyan\u0131n kar\u015f\u0131 kar\u015f\u0131ya oldu\u011fu ve \u00e7evresel, ekonomik, jeo-politik ve toplumsal olmak \u00fczere birden \u00e7ok \u00f6\u011feden olu\u015fan kriz \u00fczerine b\u00fct\u00fcnle\u015fik bir bak\u0131\u015f a\u00e7\u0131s\u0131ndan d\u00fc\u015f\u00fcnmeye y\u00f6nelik bilin\u00e7li \u00e7abas\u0131, acil oldu\u011fu kadar entelekt\u00fcel anlamda da \u00f6d\u00fcllendiricidir\u201d. Lea Ypi, London School of Economics   \u201c\u0130\u00e7inde ya\u015fayabilece\u011fimiz bir gelecek i\u00e7in verilen m\u00fccadelenin bir par\u00e7as\u0131 olmak isteyen herkes i\u00e7in ya\u015famsal \u00f6nemde bir okuma\u201d. Socialist Worker <\/p>\n","protected":false},"excerpt":{"rendered":"<p>D\u00fcnya yeni bir felaket \u00e7a\u011f\u0131na giriyor. \u0130stisna, normal haline geliyor. 1914 ve 1945 aras\u0131nda ya\u015fanm\u0131\u015f olan b\u00f6ylesi son kriz, iki d\u00fcnya sava\u015f\u0131na, B\u00fcy\u00fck Buhran\u2019a ve Yahudi<span class=\"excerpt-hellip\"> [\u2026]<\/span><\/p>\n","protected":false},"featured_media":0,"template":"","meta":{"_monsterinsights_skip_tracking":false,"_monsterinsights_sitenote_active":false,"_monsterinsights_sitenote_note":"","_monsterinsights_sitenote_category":0},"product_brand":[],"product_cat":[13590,12337],"product_tag":[],"class_list":{"0":"post-761342","1":"product","2":"type-product","3":"status-publish","5":"product_cat-arastirma-inceleme-politika-siyaset","6":"product_cat-politika-siyaset","7":"pa_cilt-ciltsiz","8":"pa_tur-kitap","9":"pa_yayinevi-utopya-yayinevi","10":"pa_yazar-alex-callinicos","12":"first","13":"instock","14":"sale","15":"shipping-taxable","16":"purchasable","17":"product-type-simple"},"_links":{"self":[{"href":"https:\/\/roveyayinevi.com.tr\/index.php\/wp-json\/wp\/v2\/product\/761342","targetHints":{"allow":["GET"]}}],"collection":[{"href":"https:\/\/roveyayinevi.com.tr\/index.php\/wp-json\/wp\/v2\/product"}],"about":[{"href":"https:\/\/roveyayinevi.com.tr\/index.php\/wp-json\/wp\/v2\/types\/product"}],"wp:attachment":[{"href":"https:\/\/roveyayinevi.com.tr\/index.php\/wp-json\/wp\/v2\/media?parent=761342"}],"wp:term":[{"taxonomy":"product_brand","embeddable":true,"href":"https:\/\/roveyayinevi.com.tr\/index.php\/wp-json\/wp\/v2\/product_brand?post=761342"},{"taxonomy":"product_cat","embeddable":true,"href":"https:\/\/roveyayinevi.com.tr\/index.php\/wp-json\/wp\/v2\/product_cat?post=761342"},{"taxonomy":"product_tag","embeddable":true,"href":"https:\/\/roveyayinevi.com.tr\/index.php\/wp-json\/wp\/v2\/product_tag?post=761342"}],"curies":[{"name":"wp","href":"https:\/\/api.w.org\/{rel}","templated":true}]}}