{"id":761339,"date":"2025-08-28T09:34:28","date_gmt":"2025-08-28T06:34:28","guid":{"rendered":"https:\/\/roveyayinevi.com.tr\/index.php\/urun\/turkiyede-secim-dinamikleri\/"},"modified":"2026-04-16T03:14:49","modified_gmt":"2026-04-16T00:14:49","slug":"turkiyede-secim-dinamikleri","status":"publish","type":"product","link":"https:\/\/roveyayinevi.com.tr\/index.php\/urun\/turkiyede-secim-dinamikleri\/","title":{"rendered":"T\u00fcrkiye\u2019de Se\u00e7im Dinamikleri"},"content":{"rendered":"<p>T\u00fcrkiye&#8217;de siyasal sistemin demokrasiyle ba\u011flar\u0131n\u0131n zay\u0131flad\u0131\u011f\u0131 kritik bir d\u00f6neme\u00e7te yurtta\u015flar\u0131n siyasete kat\u0131l\u0131m\u0131n\u0131n asli bi\u00e7imi olan oy verme davran\u0131\u015flar\u0131n\u0131 incelemek kritik \u00f6nem ta\u015f\u0131yor. Zira Cumhuriyet bir ray de\u011fi\u015fikli\u011fi ya\u015f\u0131yorsa me\u015fruiyet kaynaklar\u0131n\u0131n hangi se\u00e7menlerin ne t\u00fcr kayg\u0131 ve motivasyonlar\u0131yla olu\u015ftu\u011funu, hangi y\u00f6nlerden \u00e7arp\u0131\u015ft\u0131\u011f\u0131n\u0131, esnedi\u011fini ya da kat\u0131la\u015ft\u0131\u011f\u0131n\u0131 anlamak gerekiyor.Kalayc\u0131o\u011flu ve \u00c7arko\u011flu bu ola\u011fan\u00fcst\u00fc d\u00f6neme d\u00fcnden bug\u00fcne tan\u0131k olunan tarihsel ba\u011flamlar\u0131n ve siyasal g\u00fc\u00e7 dev\u015firmenin modern bi\u00e7imlerinin perspektifinden bakmaya \u00e7al\u0131\u015f\u0131yor. Yakla\u015f\u0131k 15 y\u0131ll\u0131k bir d\u00f6nemi (2002-2015) kapsayan saha ara\u015ft\u0131rmalar\u0131 siyasal manzarayla ilgili s\u0131k\u00e7a kullan\u0131lan bir kavram olan kutupla\u015fman\u0131n T\u00fcrkiye&#8217;nin k\u0131lcal damarlar\u0131nda nas\u0131l i\u015fledi\u011fini ortaya koyuyor.<\/p>\n","protected":false},"excerpt":{"rendered":"<p>T\u00fcrkiye&#8217;de siyasal sistemin demokrasiyle ba\u011flar\u0131n\u0131n zay\u0131flad\u0131\u011f\u0131 kritik bir d\u00f6neme\u00e7te yurtta\u015flar\u0131n siyasete kat\u0131l\u0131m\u0131n\u0131n asli bi\u00e7imi olan oy verme davran\u0131\u015flar\u0131n\u0131 incelemek kritik \u00f6nem ta\u015f\u0131yor. Zira Cumhuriyet bir ray<span class=\"excerpt-hellip\"> [\u2026]<\/span><\/p>\n","protected":false},"featured_media":0,"template":"","meta":{"_monsterinsights_skip_tracking":false,"_monsterinsights_sitenote_active":false,"_monsterinsights_sitenote_note":"","_monsterinsights_sitenote_category":0},"product_brand":[],"product_cat":[12337,14543],"product_tag":[],"class_list":{"0":"post-761339","1":"product","2":"type-product","3":"status-publish","5":"product_cat-politika-siyaset","6":"product_cat-turkiye-siyaseti-ve-politikasi","7":"pa_cilt-ciltsiz","8":"pa_tur-kitap","9":"pa_yayinevi-koc-universitesi-yayinlari","10":"pa_yazar-ali-carkoglu-ersin-kalaycioglu","12":"first","13":"instock","14":"sale","15":"shipping-taxable","16":"purchasable","17":"product-type-simple"},"_links":{"self":[{"href":"https:\/\/roveyayinevi.com.tr\/index.php\/wp-json\/wp\/v2\/product\/761339","targetHints":{"allow":["GET"]}}],"collection":[{"href":"https:\/\/roveyayinevi.com.tr\/index.php\/wp-json\/wp\/v2\/product"}],"about":[{"href":"https:\/\/roveyayinevi.com.tr\/index.php\/wp-json\/wp\/v2\/types\/product"}],"wp:attachment":[{"href":"https:\/\/roveyayinevi.com.tr\/index.php\/wp-json\/wp\/v2\/media?parent=761339"}],"wp:term":[{"taxonomy":"product_brand","embeddable":true,"href":"https:\/\/roveyayinevi.com.tr\/index.php\/wp-json\/wp\/v2\/product_brand?post=761339"},{"taxonomy":"product_cat","embeddable":true,"href":"https:\/\/roveyayinevi.com.tr\/index.php\/wp-json\/wp\/v2\/product_cat?post=761339"},{"taxonomy":"product_tag","embeddable":true,"href":"https:\/\/roveyayinevi.com.tr\/index.php\/wp-json\/wp\/v2\/product_tag?post=761339"}],"curies":[{"name":"wp","href":"https:\/\/api.w.org\/{rel}","templated":true}]}}