{"id":761338,"date":"2025-08-28T09:34:27","date_gmt":"2025-08-28T06:34:27","guid":{"rendered":"https:\/\/roveyayinevi.com.tr\/index.php\/urun\/turkiyede-amerikan-pasaportu\/"},"modified":"2026-04-16T03:14:49","modified_gmt":"2026-04-16T00:14:49","slug":"turkiyede-amerikan-pasaportu","status":"publish","type":"product","link":"https:\/\/roveyayinevi.com.tr\/index.php\/urun\/turkiyede-amerikan-pasaportu\/","title":{"rendered":"T\u00fcrkiye\u2019de Amerikan Pasaportu"},"content":{"rendered":"<p>\u00c7ocuklar\u0131 Amerika Birle\u015fik Devletleri vatanda\u015f\u0131 olabilsin diye t\u00fcm zorluklar\u0131 g\u00f6ze al\u0131p do\u011fum i\u00e7in binlerce kilometre \u00f6teye, ABD\u2019ye giden anne adaylar\u0131 bize neler s\u00f6yl\u00fcyor? Amerikan r\u00fcyas\u0131n\u0131n pe\u015finde Amerika\u2019ya yerle\u015fen biri neden oradaki kariyerini b\u0131rak\u0131p T\u00fcrkiye\u2019ye d\u00f6ner? Amerikan pasaportu ta\u015f\u0131yanlar i\u00e7in ger\u00e7ek \u201cf\u0131rsatlar \u00fclkesi\u201d, ABD\u2019nin d\u0131\u015f\u0131ndaki d\u00fcnya m\u0131?T\u00fcrkiye\u2019de Amerikan Pasaportu, ABD\u2019nin resmi s\u0131n\u0131rlar\u0131n\u0131n \u00f6tesinde ABD vatanda\u015fl\u0131\u011f\u0131na y\u00fcklenen anlamlar, de\u011ferler, hayaller ve umutlar \u00fczerine kurulu yeni bir t\u00fcr Amerikan imparatorlu\u011funun i\u015fleyi\u015fini, y\u00fcz\u00fc a\u015fk\u0131n insan\u0131n somut, g\u00fcndelik deneyimleri ve bireysel anlat\u0131lar\u0131 \u00fczerinden inceliyor. K\u00fcreselle\u015fen d\u00fcnyada ulusal vatanda\u015fl\u0131\u011f\u0131n h\u00e2l\u00e2 \u00f6nemini korudu\u011funu, ama art\u0131k yaln\u0131zca \u00fclke i\u00e7iyle s\u0131n\u0131rl\u0131 bir \u00e7er\u00e7eveden bak\u0131larak anla\u015f\u0131lamayaca\u011f\u0131n\u0131 savunuyor. G\u00fcn\u00fcm\u00fczde ulusal vatanda\u015fl\u0131klar, devletler aras\u0131ndaki asimetrik ili\u015fkilerin \u015fekillendirdi\u011fi \u201culus\u00f6tesi\u201d alanda bireylere sa\u011flayabildikleri avantajlar\u0131n e\u015fitsizli\u011fi bak\u0131m\u0131ndan birbirlerinden ayr\u0131\u015f\u0131r. \u00d6zlem Altan-Olcay ve Evren Balta\u2019n\u0131n Amerikan Sosyoloji Derne\u011fi\u2019nden \u00f6d\u00fcl alan \u00e7al\u0131\u015fmas\u0131, vatanda\u015fl\u0131\u011f\u0131n, \u00fclke s\u0131n\u0131rlar\u0131 \u00f6tesindeki s\u0131n\u0131fsal konumlar, co\u011frafi hareketlilik imk\u00e2nlar\u0131, aidiyet ve kimlik iddialar\u0131 \u00fczerinde oynad\u0131\u011f\u0131 belirleyici rol\u00fc g\u00f6zler \u00f6n\u00fcne seriyor.<\/p>\n","protected":false},"excerpt":{"rendered":"<p>\u00c7ocuklar\u0131 Amerika Birle\u015fik Devletleri vatanda\u015f\u0131 olabilsin diye t\u00fcm zorluklar\u0131 g\u00f6ze al\u0131p do\u011fum i\u00e7in binlerce kilometre \u00f6teye, ABD\u2019ye giden anne adaylar\u0131 bize neler s\u00f6yl\u00fcyor? Amerikan r\u00fcyas\u0131n\u0131n pe\u015finde<span class=\"excerpt-hellip\"> [\u2026]<\/span><\/p>\n","protected":false},"featured_media":0,"template":"","meta":{"_monsterinsights_skip_tracking":false,"_monsterinsights_sitenote_active":false,"_monsterinsights_sitenote_note":"","_monsterinsights_sitenote_category":0},"product_brand":[],"product_cat":[12337,17225],"product_tag":[],"class_list":{"0":"post-761338","1":"product","2":"type-product","3":"status-publish","5":"product_cat-politika-siyaset","6":"product_cat-uluslararasi-iliskiler","7":"pa_cilt-ciltsiz","8":"pa_tur-kitap","9":"pa_yayinevi-koc-universitesi-yayinlari","10":"pa_yazar-ozlem-altan-olcay-evren-balta","12":"first","13":"instock","14":"sale","15":"shipping-taxable","16":"purchasable","17":"product-type-simple"},"_links":{"self":[{"href":"https:\/\/roveyayinevi.com.tr\/index.php\/wp-json\/wp\/v2\/product\/761338","targetHints":{"allow":["GET"]}}],"collection":[{"href":"https:\/\/roveyayinevi.com.tr\/index.php\/wp-json\/wp\/v2\/product"}],"about":[{"href":"https:\/\/roveyayinevi.com.tr\/index.php\/wp-json\/wp\/v2\/types\/product"}],"wp:attachment":[{"href":"https:\/\/roveyayinevi.com.tr\/index.php\/wp-json\/wp\/v2\/media?parent=761338"}],"wp:term":[{"taxonomy":"product_brand","embeddable":true,"href":"https:\/\/roveyayinevi.com.tr\/index.php\/wp-json\/wp\/v2\/product_brand?post=761338"},{"taxonomy":"product_cat","embeddable":true,"href":"https:\/\/roveyayinevi.com.tr\/index.php\/wp-json\/wp\/v2\/product_cat?post=761338"},{"taxonomy":"product_tag","embeddable":true,"href":"https:\/\/roveyayinevi.com.tr\/index.php\/wp-json\/wp\/v2\/product_tag?post=761338"}],"curies":[{"name":"wp","href":"https:\/\/api.w.org\/{rel}","templated":true}]}}